{"id":56,"date":"2015-09-14T23:39:06","date_gmt":"2015-09-15T03:39:06","guid":{"rendered":"http:\/\/toh.masm.ca\/fr\/?page_id=56"},"modified":"2024-03-21T08:08:21","modified_gmt":"2024-03-21T12:08:21","slug":"services-cliniques","status":"publish","type":"page","link":"https:\/\/www.ottawahospital.on.ca\/fr\/services-cliniques\/","title":{"rendered":"Services cliniques"},"content":{"rendered":"<div class=\"landingpage-box\">\n<div class=\"landingpage-feature col-lg-6 col-md-12\">\n<h3>T\u00e9moignages<\/h3>\n<p>\u00c0 L\u2019H\u00f4pital d\u2019Ottawa, les t\u00e9moignages de nos patients et de leur famille ainsi que de l\u2019\u00e9quipe de soins sont une source d\u2019inspiration.<\/p>\n<\/div>\n<div class=\"landingpage-feature col-lg-6 col-md-12 noborder\">\n<h3>Notre engagement envers la qualit\u00e9<\/h3>\n<p>Nous nous effor\u00e7ons de fournir des soins de grande qualit\u00e9 aux personnes qui en ont besoin. Pour nous, cela signifie offrir des soins appropri\u00e9s et s\u00e9curitaires. Pour vous, nos patients, cela signifie recevoir les soins dont vous avez besoin au bon moment.<\/p>\n<p><a href=\"\/fr\/qualite-et-securite\/\">Pour en savoir plus&#8230;<\/a><\/p>\n<\/div>\n<\/div>\n","protected":false},"excerpt":{"rendered":"<p>T\u00e9moignages \u00c0 L\u2019H\u00f4pital d\u2019Ottawa, les t\u00e9moignages de nos patients et de leur famille ainsi que de l\u2019\u00e9quipe de soins sont une source d\u2019inspiration. Notre engagement envers la qualit\u00e9 Nous nous effor\u00e7ons de fournir des soins de grande qualit\u00e9 aux personnes qui en ont besoin. Pour nous, cela signifie offrir des soins appropri\u00e9s et s\u00e9curitaires. Pour [&hellip;]<\/p>\n","protected":false},"author":25,"featured_media":0,"parent":0,"menu_order":0,"comment_status":"closed","ping_status":"closed","template":"template_landingpage.php","meta":{"_acf_changed":false,"_mc_calendar":[],"footnotes":""},"class_list":["post-56","page","type-page","status-publish","hentry"],"acf":[],"wps_subtitle":"","_links":{"self":[{"href":"https:\/\/www.ottawahospital.on.ca\/fr\/wp-json\/wp\/v2\/pages\/56","targetHints":{"allow":["GET"]}}],"collection":[{"href":"https:\/\/www.ottawahospital.on.ca\/fr\/wp-json\/wp\/v2\/pages"}],"about":[{"href":"https:\/\/www.ottawahospital.on.ca\/fr\/wp-json\/wp\/v2\/types\/page"}],"author":[{"embeddable":true,"href":"https:\/\/www.ottawahospital.on.ca\/fr\/wp-json\/wp\/v2\/users\/25"}],"replies":[{"embeddable":true,"href":"https:\/\/www.ottawahospital.on.ca\/fr\/wp-json\/wp\/v2\/comments?post=56"}],"version-history":[{"count":0,"href":"https:\/\/www.ottawahospital.on.ca\/fr\/wp-json\/wp\/v2\/pages\/56\/revisions"}],"wp:attachment":[{"href":"https:\/\/www.ottawahospital.on.ca\/fr\/wp-json\/wp\/v2\/media?parent=56"}],"curies":[{"name":"wp","href":"https:\/\/api.w.org\/{rel}","templated":true}]}}