{"id":5599,"date":"2016-11-09T11:49:20","date_gmt":"2016-11-09T16:49:20","guid":{"rendered":"http:\/\/52.229.122.34\/fr\/?page_id=5599"},"modified":"2017-08-10T10:09:03","modified_gmt":"2017-08-10T14:09:03","slug":"dr-jack-kitts","status":"publish","type":"page","link":"https:\/\/www.ottawahospital.on.ca\/fr\/about-us\/notre-equipe-de-direction\/equipe-de-la-haute-direction\/dr-jack-kitts\/","title":{"rendered":"Dr Jack Kitts"},"content":{"rendered":"<div style=\"width: 145px\" class=\"wp-caption alignleft\"><img decoding=\"async\" class=\"img responsive\" src=\"\/wp-content\/uploads\/2016\/11\/KittsDr_Jack6449_web-1.jpg\" alt=\"Dr Jack Kitts\" width=\"135\" height=\"169\" \/><p class=\"wp-caption-text\"><br \/> <strong>D<sup>r<\/sup> Jack Kitts<\/strong> <br \/> Pr\u00e9sident-directeur g\u00e9n\u00e9ral<br \/> L\u2019H\u00f4pital d\u2019Ottawa<\/p>\n<p> <strong>Renseignements<\/strong> <br \/> 613-761-4800 <br \/> <a href=\"mailto:jbkitts@lho.ca\">jbkitts@lho.ca <\/a> <\/p>\n<p> <strong>Dipl\u00f4mes et titres<\/strong> <br \/> MD (avec distinction) <br \/> Anesth\u00e9siologiste <br \/> FRCP <br \/> MBA <\/p>\n<p> <strong>Autres r\u00f4les:<\/strong> <\/p>\n<p> <em>Pr\u00e9sident, Comit\u00e9 consultatif sur les agents pathog\u00e8nes humains et les toxines <\/em> <\/p>\n<p> <em>Pr\u00e9sident sortant, Conseil canadien de la sant\u00e9<\/em> <\/p>\n<p> <strong>Prix:<\/strong> <\/p>\n<p> <em>Prix d\u2019excellence 2011 en leadership medical &#8211; Soci\u00e9t\u00e9 canadienne des m\u00e9decins gestionnaires<\/em> <\/p>\n<p> <em>R\u00e9cipiendaire de la M\u00e9daille du jubil\u00e9 de diamant 2013<\/em> <\/p>\n<p> <em>R\u00e9cipiendaire du prix Fire Starter Hall of Fame 2014<\/em><\/p><\/div>\n<p>Le D<sup>r<\/sup> Jack Kitts a obtenu son doctorat en m\u00e9decine de l\u2019Universit\u00e9 d\u2019Ottawa en 1980. Apr\u00e8s avoir termin\u00e9 son internat \u00e0 l\u2019Universit\u00e9 de Toronto, il a \u0153uvr\u00e9 pendant trois ans au sein des Forces canadiennes \u00e0 titre de m\u00e9decin militaire. Il est ensuite retourn\u00e9 \u00e0 l\u2019Universit\u00e9 d\u2019Ottawa pour suivre une formation sp\u00e9cialis\u00e9e en anesth\u00e9sie, qu\u2019il a termin\u00e9e en 1987. Il a pass\u00e9 un an comme moniteur de recherche \u00e0 l\u2019Universit\u00e9 de la Californie \u00e0 San Francisco, puis est devenu anesth\u00e9siologiste et directeur de la recherche au D\u00e9partement d\u2019anesth\u00e9siologie de l\u2019H\u00f4pital Civic d\u2019Ottawa. En 1992, il a dirig\u00e9 la mise sur pied de la Clinique d\u2019\u00e9valuation pr\u00e9op\u00e9ratoire de l\u2019H\u00f4pital, qui est devenue un mod\u00e8le pour d\u2019autres cliniques cr\u00e9\u00e9es ensuite, au pays comme ailleurs dans le monde. Il en est aussi devenu le premier directeur m\u00e9dical. En 1995, le il est devenu chef du D\u00e9partement d\u2019anesth\u00e9siologie de l\u2019H\u00f4pital Civic et professeur agr\u00e9g\u00e9 \u00e0 l\u2019Universit\u00e9 d\u2019Ottawa.<\/p>\n<p>En 1998, le D<sup>r<\/sup> Kitts a \u00e9t\u00e9 promu vice-pr\u00e9sident des Affaires m\u00e9dicales. Il\u00a0a g\u00e9r\u00e9 le personnel m\u00e9dical lors de la fusion de trois h\u00f4pitaux et de cinq programmes, un processus complexe qui a men\u00e9 \u00e0 la cr\u00e9ation de L\u2019H\u00f4pital d\u2019Ottawa. En 2001, il a obtenu une ma\u00eetrise en administration des affaires, et en f\u00e9vrier 2002, il a \u00e9t\u00e9 nomm\u00e9 PDG de l\u2019H\u00f4pital. Il occupe toujours ce poste et dirige 12 000 employ\u00e9s.<\/p>\n<p>L\u2019H\u00f4pital d\u2019Ottawa est reconnu comme l\u2019un des plus principaux centres hospitaliers universitaires du Canada. Son institut de recherche est parmi les plus importants au pays. Plus de 1 500 scientifiques, chercheurs cliniciens, stagiaires et employ\u00e9s y travaillent.<\/p>\n<p>Le D<sup>r<\/sup> Kitts dirige l\u2019H\u00f4pital de mani\u00e8re strat\u00e9gique en favorisant le travail d\u2019\u00e9quipe, l\u2019inclusion, le perfectionnement et le mentorat des m\u00e9decins pour en faire des leaders. Son style de gestion et sa passion pour offrir des soins de qualit\u00e9 centr\u00e9s sur les patients ont \u00e9t\u00e9 des forces essentielles pour unifier l\u2019ensemble du personnel en vue de concr\u00e9tiser tous les jours la vision de L\u2019H\u00f4pital d\u2019Ottawa : \u00ab\u00a0Offrir \u00e0 chaque patient des soins de calibre mondial et des services exceptionnels avec une compassion digne des personnes qui nous sont ch\u00e8res \u00bb.<\/p>\n","protected":false},"excerpt":{"rendered":"<p>Le Dr Jack Kitts a obtenu son doctorat en m\u00e9decine de l\u2019Universit\u00e9 d\u2019Ottawa en 1980. Apr\u00e8s avoir termin\u00e9 son internat \u00e0 l\u2019Universit\u00e9 de Toronto, il a \u0153uvr\u00e9 pendant trois ans au sein des Forces canadiennes \u00e0 titre de m\u00e9decin militaire. Il est ensuite retourn\u00e9 \u00e0 l\u2019Universit\u00e9 d\u2019Ottawa pour suivre une formation sp\u00e9cialis\u00e9e en anesth\u00e9sie, qu\u2019il [&hellip;]<\/p>\n","protected":false},"author":25,"featured_media":0,"parent":4550,"menu_order":4,"comment_status":"closed","ping_status":"closed","template":"","meta":{"_acf_changed":false,"_mc_calendar":[],"footnotes":""},"class_list":["post-5599","page","type-page","status-publish","hentry"],"acf":[],"wps_subtitle":"","_links":{"self":[{"href":"https:\/\/www.ottawahospital.on.ca\/fr\/wp-json\/wp\/v2\/pages\/5599","targetHints":{"allow":["GET"]}}],"collection":[{"href":"https:\/\/www.ottawahospital.on.ca\/fr\/wp-json\/wp\/v2\/pages"}],"about":[{"href":"https:\/\/www.ottawahospital.on.ca\/fr\/wp-json\/wp\/v2\/types\/page"}],"author":[{"embeddable":true,"href":"https:\/\/www.ottawahospital.on.ca\/fr\/wp-json\/wp\/v2\/users\/25"}],"replies":[{"embeddable":true,"href":"https:\/\/www.ottawahospital.on.ca\/fr\/wp-json\/wp\/v2\/comments?post=5599"}],"version-history":[{"count":0,"href":"https:\/\/www.ottawahospital.on.ca\/fr\/wp-json\/wp\/v2\/pages\/5599\/revisions"}],"up":[{"embeddable":true,"href":"https:\/\/www.ottawahospital.on.ca\/fr\/wp-json\/wp\/v2\/pages\/4550"}],"wp:attachment":[{"href":"https:\/\/www.ottawahospital.on.ca\/fr\/wp-json\/wp\/v2\/media?parent=5599"}],"curies":[{"name":"wp","href":"https:\/\/api.w.org\/{rel}","templated":true}]}}