{"id":5572,"date":"2016-11-09T11:35:15","date_gmt":"2016-11-09T16:35:15","guid":{"rendered":"http:\/\/52.229.122.34\/fr\/?page_id=5572"},"modified":"2025-11-26T10:14:53","modified_gmt":"2025-11-26T15:14:53","slug":"consultation-ou-correction-de-vos-renseignements-personnels-sur-la-sante","status":"publish","type":"page","link":"https:\/\/www.ottawahospital.on.ca\/fr\/patients-et-visiteurs\/protection-des-renseignements-personnels\/consultation-ou-correction-de-vos-renseignements-personnels-sur-la-sante\/","title":{"rendered":"Consultation ou correction de vos renseignements personnels sur la sant\u00e9"},"content":{"rendered":"\n<p>Communiquez avec les Archives m\u00e9dicales pour consulter ou faire corriger des renseignements dans votre dossier m\u00e9dical. Si vous recevez habituellement vos soins dans un autre h\u00f4pital, veuillez communiquer avec le service des archives m\u00e9dicales de cet h\u00f4pital.<\/p>\n\n\n\n<p><strong>Campus Civic<br><\/strong>1053, avenue Carling<br>Ottawa ON K1Y 4E9<br>T\u00e9l. : 613 798-5555, poste 18720<\/p>\n\n\n\n<p><strong>Campus Riverside<br><\/strong>1967, promenade Riverside<br>Ottawa ON K1H 7W9<br>T\u00e9l. : 613 738-8400, poste 82231<\/p>\n\n\n\n<p><strong>Centre de canc\u00e9rologie de L\u2019H\u00f4pital d\u2019Ottawa<br><\/strong>503, chemin Smyth<br>Ottawa ON K1H 7C4<br>T\u00e9l. : 613 737-7700, poste 70274<\/p>\n\n\n\n<p><strong>Campus G\u00e9n\u00e9ral<br><\/strong>501, chemin Smyth<br>Ottawa ON K1H 8L6<br>T\u00e9l. : 613 737-8899, poste 78800<\/p>\n","protected":false},"excerpt":{"rendered":"<p>Communiquez avec les Archives m\u00e9dicales pour consulter ou faire corriger des renseignements dans votre dossier m\u00e9dical. Si vous recevez habituellement vos soins dans un autre h\u00f4pital, veuillez communiquer avec le service des archives m\u00e9dicales de cet h\u00f4pital. Campus Civic1053, avenue CarlingOttawa ON K1Y 4E9T\u00e9l. : 613 798-5555, poste 18720 Campus Riverside1967, promenade RiversideOttawa ON K1H [&hellip;]<\/p>\n","protected":false},"author":25,"featured_media":0,"parent":262,"menu_order":3,"comment_status":"closed","ping_status":"closed","template":"","meta":{"_acf_changed":false,"_mc_calendar":[],"footnotes":""},"class_list":["post-5572","page","type-page","status-publish","hentry"],"acf":[],"wps_subtitle":"","_links":{"self":[{"href":"https:\/\/www.ottawahospital.on.ca\/fr\/wp-json\/wp\/v2\/pages\/5572","targetHints":{"allow":["GET"]}}],"collection":[{"href":"https:\/\/www.ottawahospital.on.ca\/fr\/wp-json\/wp\/v2\/pages"}],"about":[{"href":"https:\/\/www.ottawahospital.on.ca\/fr\/wp-json\/wp\/v2\/types\/page"}],"author":[{"embeddable":true,"href":"https:\/\/www.ottawahospital.on.ca\/fr\/wp-json\/wp\/v2\/users\/25"}],"replies":[{"embeddable":true,"href":"https:\/\/www.ottawahospital.on.ca\/fr\/wp-json\/wp\/v2\/comments?post=5572"}],"version-history":[{"count":0,"href":"https:\/\/www.ottawahospital.on.ca\/fr\/wp-json\/wp\/v2\/pages\/5572\/revisions"}],"up":[{"embeddable":true,"href":"https:\/\/www.ottawahospital.on.ca\/fr\/wp-json\/wp\/v2\/pages\/262"}],"wp:attachment":[{"href":"https:\/\/www.ottawahospital.on.ca\/fr\/wp-json\/wp\/v2\/media?parent=5572"}],"curies":[{"name":"wp","href":"https:\/\/api.w.org\/{rel}","templated":true}]}}