{"id":5568,"date":"2016-11-09T11:33:03","date_gmt":"2016-11-09T16:33:03","guid":{"rendered":"http:\/\/52.229.122.34\/fr\/?page_id=5568"},"modified":"2025-11-26T10:11:51","modified_gmt":"2025-11-26T15:11:51","slug":"collecte-de-renseignements-personnels","status":"publish","type":"page","link":"https:\/\/www.ottawahospital.on.ca\/fr\/patients-et-visiteurs\/protection-des-renseignements-personnels\/collecte-de-renseignements-personnels\/","title":{"rendered":"Collecte de renseignements personnels"},"content":{"rendered":"<h2>Pourquoi recueille-t-on vos renseignements personnels sur la sant\u00e9 \u00e0 L\u2019H\u00f4pital d\u2019Ottawa?<\/h2>\n<p>Nous recueillons certains renseignements personnels afin de bien vous identifier chaque fois que vous venez \u00e0 l\u2019H\u00f4pital. Ces renseignements, qui peuvent concerner les examens ou interventions r\u00e9alis\u00e9s durant votre visite, sont consign\u00e9s dans votre dossier m\u00e9dical.<\/p>\n<h3>Nous utilisons aussi vos renseignements personnels pour les motifs suivants :<\/h3>\n<ul>\n<li><strong>Rep\u00e9rer rapidement et correctement <\/strong>votre dossier m\u00e9dical chaque fois que vous venez \u00e0 l\u2019H\u00f4pital<strong style=\"font-size: revert; color: initial;\">.<\/strong><\/li>\n<li><strong>Vous fournir les services et les traitements les plus efficaces et appropri\u00e9s. <\/strong>L\u2019H\u00f4pital d\u2019Ottawa conserve votre dossier m\u00e9dical pour que vos fournisseurs de soins puissent consulter votre profil de sant\u00e9 complet.<\/li>\n<li><strong>Am\u00e9liorer la qualit\u00e9 et l\u2019efficacit\u00e9 des services que nous vous offrons.<\/strong><\/li>\n<li><strong>Faciliter la recherche de pointe <\/strong>approuv\u00e9e par le Conseil d\u2019\u00e9thique de la recherche du r\u00e9seau de science de la sant\u00e9 d\u2019Ottawa. Ainsi, avec l\u2019approbation du Conseil d\u2019\u00e9thique, L\u2019H\u00f4pital d\u2019Ottawa et l\u2019Institut de recherche de l\u2019H\u00f4pital d\u2019Ottawa pourraient utiliser vos renseignements sur la sant\u00e9 dans leurs \u00e9tudes.<\/li>\n<li><strong>Appuyer les activit\u00e9s d\u2019enseignement de l\u2019H\u00f4pital qui sont r\u00e9alis\u00e9es en partenariat avec l\u2019Universit\u00e9 d\u2019Ottawa. <\/strong>Nous pouvons utiliser vos renseignements sur la sant\u00e9 \u00e0 des fins de formation, \u00e0 la condition de bien prot\u00e9ger votre identit\u00e9 et d\u2019en garantir la confidentialit\u00e9.<\/li>\n<li><strong>Nous conformer aux lois et aux r\u00e8glements applicables. <\/strong>Par exemple, nous recueillons votre num\u00e9ro de carte d\u2019assurance-sant\u00e9 afin d\u2019obtenir de la province le financement correspondant \u00e0 vos soins.<\/li>\n<\/ul>\n<h2>Qui peut consulter vos renseignements personnels sur la sant\u00e9?<\/h2>\n<p><strong>Vos renseignements personnels sur la sant\u00e9 sont seulement accessibles aux m\u00e9decins et aux employ\u00e9s de l\u2019H\u00f4pital qui participent \u00e0 vos soins<\/strong>, que ce soit directement (m\u00e9decins, infirmi\u00e8res, technologistes, techniciens, th\u00e9rapeutes, intervenants en soins spirituels et autres professionnels de la sant\u00e9) ou indirectement (Archives m\u00e9dicales et Finances, par exemple).<\/p>\n<p><strong>Nous recueillons aussi vos renseignements personnels sur la sant\u00e9 pour les communiquer :<\/strong><\/p>\n<ul>\n<li>aux organismes de soins membres de l\u2019Alliance Atlas<\/li>\n<li>aux organismes de soins de sant\u00e9 qui utilisent Care Everywhere<\/li>\n<li>aux services de facturation<\/li>\n<li>\u00e0 nos partenaires de la sant\u00e9 dans la collectivit\u00e9.<\/li>\n<\/ul>\n<p>L\u2019H\u00f4pital d\u2019Ottawa transmet aussi vos renseignements personnels sur la sant\u00e9 lorsque cela est exig\u00e9 par la loi.<\/p>\n","protected":false},"excerpt":{"rendered":"<p>Pourquoi recueille-t-on vos renseignements personnels sur la sant\u00e9 \u00e0 L\u2019H\u00f4pital d\u2019Ottawa? Nous recueillons certains renseignements personnels afin de bien vous identifier chaque fois que vous venez \u00e0 l\u2019H\u00f4pital. Ces renseignements, qui peuvent concerner les examens ou interventions r\u00e9alis\u00e9s durant votre visite, sont consign\u00e9s dans votre dossier m\u00e9dical. Nous utilisons aussi vos renseignements personnels pour les [&hellip;]<\/p>\n","protected":false},"author":25,"featured_media":0,"parent":262,"menu_order":2,"comment_status":"closed","ping_status":"closed","template":"","meta":{"_acf_changed":false,"_mc_calendar":[],"footnotes":""},"class_list":["post-5568","page","type-page","status-publish","hentry"],"acf":[],"wps_subtitle":"","_links":{"self":[{"href":"https:\/\/www.ottawahospital.on.ca\/fr\/wp-json\/wp\/v2\/pages\/5568","targetHints":{"allow":["GET"]}}],"collection":[{"href":"https:\/\/www.ottawahospital.on.ca\/fr\/wp-json\/wp\/v2\/pages"}],"about":[{"href":"https:\/\/www.ottawahospital.on.ca\/fr\/wp-json\/wp\/v2\/types\/page"}],"author":[{"embeddable":true,"href":"https:\/\/www.ottawahospital.on.ca\/fr\/wp-json\/wp\/v2\/users\/25"}],"replies":[{"embeddable":true,"href":"https:\/\/www.ottawahospital.on.ca\/fr\/wp-json\/wp\/v2\/comments?post=5568"}],"version-history":[{"count":0,"href":"https:\/\/www.ottawahospital.on.ca\/fr\/wp-json\/wp\/v2\/pages\/5568\/revisions"}],"up":[{"embeddable":true,"href":"https:\/\/www.ottawahospital.on.ca\/fr\/wp-json\/wp\/v2\/pages\/262"}],"wp:attachment":[{"href":"https:\/\/www.ottawahospital.on.ca\/fr\/wp-json\/wp\/v2\/media?parent=5568"}],"curies":[{"name":"wp","href":"https:\/\/api.w.org\/{rel}","templated":true}]}}