{"id":5553,"date":"2016-11-09T11:14:36","date_gmt":"2016-11-09T16:14:36","guid":{"rendered":"http:\/\/52.229.122.34\/fr\/?page_id=5553"},"modified":"2024-06-07T14:48:57","modified_gmt":"2024-06-07T18:48:57","slug":"la-fondation-de-lhopital-dottawa","status":"publish","type":"page","link":"https:\/\/www.ottawahospital.on.ca\/fr\/patients-et-visiteurs\/soutien-et-suivi\/la-fondation-de-lhopital-dottawa\/","title":{"rendered":"La Fondation de l&rsquo;H\u00f4pital D&rsquo;Ottawa"},"content":{"rendered":"<p>La Fondation de l\u2019H\u00f4pital d\u2019Ottawa collecte de l&rsquo;argent pour soutenir L\u2019H\u00f4pital d\u2019Ottawa. La Fondation travaille avec notre collectivit\u00e9 pour collecter de l\u2019argent pour am\u00e9liorer les soins offerts aux patients, acheter de nouveaux \u00e9quipements et appuyer la recherche m\u00e9dicale qui s\u2019effectue \u00e0 l\u2019Institut de recherche de l\u2019H\u00f4pital d\u2019Ottawa.<\/p>\n<p>Notre h\u00f4pital est le plus vaste de l\u2019Est de l\u2019Ontario. Le soutien que nous obtenons de notre collectivit\u00e9 nous permet de mieux appuyer nos patients quand ils ont besoin d\u2019\u00eatre soign\u00e9s \u00e0 l&rsquo;h\u00f4pital, de m\u00eame que leur famille.<\/p>\n<p><strong>B\u00e2tir un meilleur h\u00f4pital!<br \/>\n<\/strong>Si vous voulez faire un don pour aider La Fondation de l&rsquo;H\u00f4pital d&rsquo;Ottawa \u00e0 b\u00e2tir un meilleur h\u00f4pital, parlez \u00e0 un membre de votre cercle de soins ou communiquez directement avec la Fondation.<\/p>\n<p><img decoding=\"async\" class=\"wp-image-5532 alignleft\" src=\"\/wp-content\/uploads\/2016\/11\/PhoneIcon.jpg\" alt=\"phone-icon\" width=\"20\" height=\"15\" \/>613-761-4295<\/p>\n<p><img decoding=\"async\" class=\"wp-image-5533 alignleft\" src=\"\/wp-content\/uploads\/2016\/11\/EmailIcon.jpg\" alt=\"mail-icon\" width=\"20\" height=\"15\" \/><a href=\"mailto:foundation@toh.ca\">foundation@toh.ca<\/a><\/p>\n<div class=\"clearblock\"><\/div>\n<p><strong>Faire un don par gratitude<\/strong><\/p>\n<p>Le\u00a0<a href=\"https:\/\/secure3.convio.net\/otthf\/site\/Donation2?1717.donation=form1&amp;df_id=1717&amp;mfc_pref=T&amp;s_locale=fr_CA\">Prix de gratitude<\/a>\u00a0vous permet de saluer un acte de bont\u00e9, de courage ou de d\u00e9couverte.<\/p>\n<p>Qu\u2019il s\u2019agisse des m\u00e9decins, des infirmi\u00e8res, du personnel de soutien, des chercheurs ou des b\u00e9n\u00e9voles, chaque jour l\u2019\u00e9quipe de L\u2019H\u00f4pital d\u2019Ottawa offre des soins empreints de compassion aux patients. Faire un don en leur honneur serait une fa\u00e7on sp\u00e9ciale de les remercier.<\/p>\n<p>Les membres de l\u2019\u00e9quipe mis \u00e0 l\u2019honneur recevront une toute nouvelle \u00e9pinglette et un message personnalis\u00e9 pour leur exprimer que leur excellent travail et leur d\u00e9vouement ne sont pas pass\u00e9s inaper\u00e7us. Le montant du don demeurera confidentiel.<\/p>\n<p><strong>Vous aimeriez souligner le travail d\u2019un groupe en particulier?\u00a0Communiquez avec nous\u00a0pour que nous puissions vous aider \u00e0 le faire.<\/strong><\/p>\n<p><img decoding=\"async\" class=\"alignleft wp-image-5533\" src=\"\/wp-content\/uploads\/2016\/11\/EmailIcon.jpg\" alt=\"mail-icon\" width=\"20\" height=\"15\" \/><a href=\"mailto:PrixDeGratitude@lho.ca\">PrixDeGratitude@lho.ca<\/a><\/p>\n","protected":false},"excerpt":{"rendered":"<p>La Fondation de l\u2019H\u00f4pital d\u2019Ottawa collecte de l&rsquo;argent pour soutenir L\u2019H\u00f4pital d\u2019Ottawa. La Fondation travaille avec notre collectivit\u00e9 pour collecter de l\u2019argent pour am\u00e9liorer les soins offerts aux patients, acheter de nouveaux \u00e9quipements et appuyer la recherche m\u00e9dicale qui s\u2019effectue \u00e0 l\u2019Institut de recherche de l\u2019H\u00f4pital d\u2019Ottawa. Notre h\u00f4pital est le plus vaste de l\u2019Est [&hellip;]<\/p>\n","protected":false},"author":25,"featured_media":0,"parent":230,"menu_order":5,"comment_status":"closed","ping_status":"closed","template":"","meta":{"_acf_changed":false,"_mc_calendar":[],"footnotes":""},"class_list":["post-5553","page","type-page","status-publish","hentry"],"acf":[],"wps_subtitle":"","_links":{"self":[{"href":"https:\/\/www.ottawahospital.on.ca\/fr\/wp-json\/wp\/v2\/pages\/5553","targetHints":{"allow":["GET"]}}],"collection":[{"href":"https:\/\/www.ottawahospital.on.ca\/fr\/wp-json\/wp\/v2\/pages"}],"about":[{"href":"https:\/\/www.ottawahospital.on.ca\/fr\/wp-json\/wp\/v2\/types\/page"}],"author":[{"embeddable":true,"href":"https:\/\/www.ottawahospital.on.ca\/fr\/wp-json\/wp\/v2\/users\/25"}],"replies":[{"embeddable":true,"href":"https:\/\/www.ottawahospital.on.ca\/fr\/wp-json\/wp\/v2\/comments?post=5553"}],"version-history":[{"count":0,"href":"https:\/\/www.ottawahospital.on.ca\/fr\/wp-json\/wp\/v2\/pages\/5553\/revisions"}],"up":[{"embeddable":true,"href":"https:\/\/www.ottawahospital.on.ca\/fr\/wp-json\/wp\/v2\/pages\/230"}],"wp:attachment":[{"href":"https:\/\/www.ottawahospital.on.ca\/fr\/wp-json\/wp\/v2\/media?parent=5553"}],"curies":[{"name":"wp","href":"https:\/\/api.w.org\/{rel}","templated":true}]}}