{"id":55071,"date":"2020-09-15T16:01:03","date_gmt":"2020-09-15T20:01:03","guid":{"rendered":"https:\/\/www.ottawahospital.on.ca\/?page_id=55071"},"modified":"2020-09-15T16:01:06","modified_gmt":"2020-09-15T20:01:06","slug":"prendre-rendez-vous","status":"publish","type":"page","link":"https:\/\/www.ottawahospital.on.ca\/fr\/services-cliniques\/deptpgrmcs\/departements\/imagerie-medicale\/nous-joindre\/prendre-rendez-vous\/","title":{"rendered":"Prendre rendez-vous"},"content":{"rendered":"\n<ul class=\"wp-block-list\"><li>Le m\u00e9decin traitant fait normalement la demande initiale d\u2019imagerie diagnostique.<\/li><\/ul>\n\n\n\n<ul class=\"wp-block-list\"><li>Lorsque nous recevons la demande, nous l\u2019examinons pour nous assurer q\u2019elle r\u00e9pond \u00e0 nos crit\u00e8res et la classons par ordre de priorit\u00e9.<\/li><\/ul>\n\n\n\n<ul class=\"wp-block-list\"><li>&nbsp; Une fois la demande \u00e9valu\u00e9e, nous communiquons avec le patient pour lui donner rendez-vous.<\/li><\/ul>\n\n\n\n<ul class=\"wp-block-list\"><li>&nbsp; Nous donnons des instructions au patient et lui confirmons, au besoin, les pr\u00e9paratifs qu\u2019il doit faire.<\/li><\/ul>\n\n\n\n<ul class=\"wp-block-list\"><li>&nbsp; Si le rendez-vous aura lieu plus de 18&nbsp;jours plus tard, nous envoyons au patient un avis \u00e9crit. Nous lui rappelons son rendez-vous 48&nbsp;heures et 24&nbsp;heures \u00e0 l\u2019avance.<\/li><\/ul>\n\n\n<div class=\"contact-text-inner toh-blue\">\n<p class=\"contact-text\">Le patient peut appeler notre bureau des rendez-vous au 613-761-4831 pour confirmer, reporter ou annuler un rendez-vous.<\/p><\/div>","protected":false},"excerpt":{"rendered":"<p>Le m\u00e9decin traitant fait normalement la demande initiale d\u2019imagerie diagnostique. Lorsque nous recevons la demande, nous l\u2019examinons pour nous assurer q\u2019elle r\u00e9pond \u00e0 nos crit\u00e8res et la classons par ordre de priorit\u00e9. &nbsp; Une fois la demande \u00e9valu\u00e9e, nous communiquons avec le patient pour lui donner rendez-vous. &nbsp; Nous donnons des instructions au patient et [&hellip;]<\/p>\n","protected":false},"author":25,"featured_media":0,"parent":30740,"menu_order":0,"comment_status":"closed","ping_status":"closed","template":"","meta":{"_acf_changed":false,"_mc_calendar":[],"footnotes":""},"class_list":["post-55071","page","type-page","status-publish","hentry"],"acf":[],"wps_subtitle":"","_links":{"self":[{"href":"https:\/\/www.ottawahospital.on.ca\/fr\/wp-json\/wp\/v2\/pages\/55071","targetHints":{"allow":["GET"]}}],"collection":[{"href":"https:\/\/www.ottawahospital.on.ca\/fr\/wp-json\/wp\/v2\/pages"}],"about":[{"href":"https:\/\/www.ottawahospital.on.ca\/fr\/wp-json\/wp\/v2\/types\/page"}],"author":[{"embeddable":true,"href":"https:\/\/www.ottawahospital.on.ca\/fr\/wp-json\/wp\/v2\/users\/25"}],"replies":[{"embeddable":true,"href":"https:\/\/www.ottawahospital.on.ca\/fr\/wp-json\/wp\/v2\/comments?post=55071"}],"version-history":[{"count":0,"href":"https:\/\/www.ottawahospital.on.ca\/fr\/wp-json\/wp\/v2\/pages\/55071\/revisions"}],"up":[{"embeddable":true,"href":"https:\/\/www.ottawahospital.on.ca\/fr\/wp-json\/wp\/v2\/pages\/30740"}],"wp:attachment":[{"href":"https:\/\/www.ottawahospital.on.ca\/fr\/wp-json\/wp\/v2\/media?parent=55071"}],"curies":[{"name":"wp","href":"https:\/\/api.w.org\/{rel}","templated":true}]}}