{"id":54936,"date":"2020-09-14T11:12:38","date_gmt":"2020-09-14T15:12:38","guid":{"rendered":"https:\/\/www.ottawahospital.on.ca\/?page_id=54936"},"modified":"2021-02-18T10:38:36","modified_gmt":"2021-02-18T15:38:36","slug":"information-pour-le-patient","status":"publish","type":"page","link":"https:\/\/www.ottawahospital.on.ca\/fr\/services-cliniques\/deptpgrmcs\/departements\/imagerie-medicale\/information-pour-le-patient\/","title":{"rendered":"Information pour le patient"},"content":{"rendered":"\n<h2 class=\"wp-block-heading\">Qualit\u00e9 et s\u00e9curit\u00e9<\/h2>\n\n\n\n<h3 class=\"wp-block-heading\">Aidez-nous \u00e0 assurer votre s\u00e9curit\u00e9 :<\/h3>\n\n\n\n<ul class=\"wp-block-list\"><li>Pour vous identifier correctement, nous vous demandons de v\u00e9rifier que votre dossier est \u00e0 jour (nom, adresse actuelle, num\u00e9ro de t\u00e9l\u00e9phone et num\u00e9ro de carte d\u2019assurance-sant\u00e9). Si vous avez la carte (verte) de L\u2019H\u00f4pital d\u2019Ottawa, veuillez l\u2019apporter et la pr\u00e9senter \u00e0 votre arriv\u00e9e.<\/li><li>Aidez-nous \u00e0 contr\u00f4ler la propagation des bact\u00e9ries dans l\u2019H\u00f4pital. Utilisez les distributeurs de d\u00e9sinfectant pour les mains install\u00e9s \u00e0 divers endroits dans l\u2019H\u00f4pital.<\/li><li>Si vous avez de la fi\u00e8vre ou une toux, dites-nous-le \u00e0 votre arriv\u00e9e.<\/li><li>L\u2019H\u00f4pital a adopt\u00e9 une politique sur l\u2019hygi\u00e8ne des mains. Avant de passer l\u2019examen, n\u2019h\u00e9sitez pas \u00e0 demander aux membres de notre personnel s\u2019ils se sont lav\u00e9s les mains ou ont utilis\u00e9s du d\u00e9sinfectant pour les mains \u00e0 base d\u2019alcool.<\/li><li>Pour votre s\u00e9curit\u00e9, si vous \u00eates une femme en \u00e2ge d\u2019avoir des enfants et \u00eates enceinte ou pourriez l\u2019\u00eatre, veuillez nous le dire avant de passer l\u2019examen.<\/li><li>Avant de passer certains examens, vous devez apporter vos m\u00e9dicaments dans leur contenant original. Si vous avez re\u00e7u des directives en ce sens, nous vous demandons de les lire attentivement et de nous appeler si vous avez des questions.<\/li><\/ul>\n\n\n\n<h3 class=\"wp-block-heading\">Aidez-nous \u00e0 \u00e9viter les d\u00e9lais  :<\/h3>\n\n\n\n<ul class=\"wp-block-list\"><li>Arrivez \u00e0 l\u2019heure \u00e0 votre rendez-vous. La circulation est parfois dense et il est souvent difficile de trouver un stationnement \u00e0 l\u2019H\u00f4pital. Partez plus t\u00f4t que pr\u00e9vu pour arriver \u00e0 l\u2019heure. \u00c0 moins d\u2019avis contraire, nous vous encourageons \u00e0 vous faire conduire et d\u00e9poser \u00e0 l\u2019H\u00f4pital ou \u00e0 utiliser le transport en commun.<\/li><li>Si vous devez vous pr\u00e9parer avant l\u2019examen, prenez soin de bien suivre les directives. N\u2019h\u00e9sitez pas \u00e0 nous appeler pour poser des questions. Consultez les feuilles ci-jointes pour conna\u00eetre le num\u00e9ro \u00e0 composer.<\/li><\/ul>\n\n\n\n<h3 class=\"wp-block-heading\">Nous vous encourageons \u00e0 :<\/h3>\n\n\n\n<ul class=\"wp-block-list\"><li>\u00c9couter attentivement lorsque nous vous expliquons le d\u00e9roulement de l\u2019examen. Posez toutes les questions que vous pouvez avoir au sujet de votre rendez-vous ou de l\u2019examen.<\/li><li>Avant de quitter l\u2019Imagerie diagnostique, assurez-vous de bien comprendre les directives donn\u00e9es.<\/li><li>Avisez-nous si vous avez des besoins particuliers le jour de votre rendez-vous.<\/li><li>Nous aimerions savoir comment s\u2019est d\u00e9roul\u00e9 votre rendez-vous. Remplissez le sondage disponible dans les salles d\u2019attente pour nous dire ce qui a bien \u00e9t\u00e9 et ce que nous pouvons faire pour mieux vous servir.<\/li><li>L\u2019H\u00f4pital maintient un milieu sans produit parfum\u00e9. Nous vous demandons de ne pas mettre de parfum, de lotion apr\u00e8s-rasage ni tout autre produit parfum\u00e9.<\/li><\/ul>\n\n\n\n<h3 class=\"wp-block-heading\">Foire aux questions<\/h3>\n\n\n\n<p><a href=\"\/fr\/documents\/2021\/02\/la-radiographie-et-le-rayonnement-faq-wcag.pdf\/\" target=\"_blank\" rel=\"noreferrer noopener\">La radiographie et le rayonnement<\/a><\/p>\n\n\n<div class=\"text-center\">\n<p><a class=\"btn btn_yellow\" href=\"\/wp-content\/uploads\/2020\/09\/Liste-de-v\u00e9rification-WCAG.pdf\" target=\"_blank\" rel=\"noopener noreferrer\">Liste de v\u00e9rification<\/a><span class=\"sr-only\"><\/span><\/p>\n<\/div>","protected":false},"excerpt":{"rendered":"<p>Qualit\u00e9 et s\u00e9curit\u00e9 Aidez-nous \u00e0 assurer votre s\u00e9curit\u00e9 : Pour vous identifier correctement, nous vous demandons de v\u00e9rifier que votre dossier est \u00e0 jour (nom, adresse actuelle, num\u00e9ro de t\u00e9l\u00e9phone et num\u00e9ro de carte d\u2019assurance-sant\u00e9). Si vous avez la carte (verte) de L\u2019H\u00f4pital d\u2019Ottawa, veuillez l\u2019apporter et la pr\u00e9senter \u00e0 votre arriv\u00e9e. Aidez-nous \u00e0 contr\u00f4ler [&hellip;]<\/p>\n","protected":false},"author":25,"featured_media":0,"parent":10803,"menu_order":2,"comment_status":"closed","ping_status":"closed","template":"","meta":{"_acf_changed":false,"_mc_calendar":[],"footnotes":""},"class_list":["post-54936","page","type-page","status-publish","hentry"],"acf":[],"wps_subtitle":"","_links":{"self":[{"href":"https:\/\/www.ottawahospital.on.ca\/fr\/wp-json\/wp\/v2\/pages\/54936","targetHints":{"allow":["GET"]}}],"collection":[{"href":"https:\/\/www.ottawahospital.on.ca\/fr\/wp-json\/wp\/v2\/pages"}],"about":[{"href":"https:\/\/www.ottawahospital.on.ca\/fr\/wp-json\/wp\/v2\/types\/page"}],"author":[{"embeddable":true,"href":"https:\/\/www.ottawahospital.on.ca\/fr\/wp-json\/wp\/v2\/users\/25"}],"replies":[{"embeddable":true,"href":"https:\/\/www.ottawahospital.on.ca\/fr\/wp-json\/wp\/v2\/comments?post=54936"}],"version-history":[{"count":0,"href":"https:\/\/www.ottawahospital.on.ca\/fr\/wp-json\/wp\/v2\/pages\/54936\/revisions"}],"up":[{"embeddable":true,"href":"https:\/\/www.ottawahospital.on.ca\/fr\/wp-json\/wp\/v2\/pages\/10803"}],"wp:attachment":[{"href":"https:\/\/www.ottawahospital.on.ca\/fr\/wp-json\/wp\/v2\/media?parent=54936"}],"curies":[{"name":"wp","href":"https:\/\/api.w.org\/{rel}","templated":true}]}}