{"id":54022,"date":"2020-07-02T10:40:58","date_gmt":"2020-07-02T14:40:58","guid":{"rendered":"https:\/\/www.ottawahospital.on.ca\/?page_id=54022"},"modified":"2021-03-31T10:19:43","modified_gmt":"2021-03-31T14:19:43","slug":"visites-virtuelles","status":"publish","type":"page","link":"https:\/\/www.ottawahospital.on.ca\/fr\/patients-et-visiteurs\/visites-virtuelles\/","title":{"rendered":"Visites virtuelles"},"content":{"rendered":"<p><img decoding=\"async\" class=\"alignnone size-full wp-image-54029\" src=\"https:\/\/www.ottawahospital.on.ca\/wp-content\/uploads\/2020\/07\/eVisit-banner_fr.png\" alt=\"Visites virtuelles\" width=\"768\" height=\"330\" srcset=\"https:\/\/www.ottawahospital.on.ca\/wp-content\/uploads\/2020\/07\/eVisit-banner_fr.png 768w, https:\/\/www.ottawahospital.on.ca\/wp-content\/uploads\/2020\/07\/eVisit-banner_fr-600x258.png 600w, https:\/\/www.ottawahospital.on.ca\/wp-content\/uploads\/2020\/07\/eVisit-banner_fr-300x129.png 300w\" sizes=\"(max-width: 768px) 100vw, 768px\" \/><\/p>\n<p class=\"intro-text1\">Afin d\u2019am\u00e9liorer l\u2019acc\u00e8s aux soins primaires dans les meilleurs d\u00e9lais et la continuit\u00e9 des soins, les patients de L\u2019H\u00f4pital d\u2019Ottawa peuvent maintenant voir leur professionnel de la sant\u00e9 \u00e0 l\u2019aide d\u2019un programme int\u00e9gr\u00e9 de visites virtuelles \u00e0 partir de leur compte MyChart. Pour obtenir de l\u2019aide, veuillez consulter la documentation suivante.<\/p>\n<ul>\n<li><a href=\"\/wp-content\/uploads\/2020\/06\/E-Visit-Patient-Instructions-20200528-Fr-WCAG.pdf\">T\u00e9l\u00e9visite &#8211; Directives pour le patient<\/a> (2)<\/li>\n<li><a href=\"\/wp-content\/uploads\/2020\/06\/Patient-Checklist-for-Zoom-Appointments_FR-WCAG.pdf\">Liste de V\u00e9rification du Patient Pour Rendez-Vous Virtuel par Zoom<\/a><\/li>\n<li><a href=\"\/fr\/documents\/2021\/03\/acces-a-la-televisite-a-partir-de-votre-courriel-nov17-wcag.pdf\/\">Acc\u00e8s \u00e0 la t\u00e9l\u00e9visite \u00e0 partir de votre courriel<\/a><\/li>\n<li><a href=\"\/fr\/documents\/2021\/03\/participer-a-un-rendez-vous-par-video-dans-mychart-nov17-wcag.pdf\/\">Participer \u00e0 un rendez-vous par vid\u00e9o dans MyChart<\/a><\/li>\n<\/ul>\n\n\n<p><\/p>\n","protected":false},"excerpt":{"rendered":"<p>Afin d\u2019am\u00e9liorer l\u2019acc\u00e8s aux soins primaires dans les meilleurs d\u00e9lais et la continuit\u00e9 des soins, les patients de L\u2019H\u00f4pital d\u2019Ottawa peuvent maintenant voir leur professionnel de la sant\u00e9 \u00e0 l\u2019aide d\u2019un programme int\u00e9gr\u00e9 de visites virtuelles \u00e0 partir de leur compte MyChart. Pour obtenir de l\u2019aide, veuillez consulter la documentation suivante. T\u00e9l\u00e9visite &#8211; Directives pour [&hellip;]<\/p>\n","protected":false},"author":25,"featured_media":0,"parent":84,"menu_order":12,"comment_status":"closed","ping_status":"closed","template":"","meta":{"_acf_changed":false,"_mc_calendar":[],"footnotes":""},"class_list":["post-54022","page","type-page","status-publish","hentry"],"acf":[],"wps_subtitle":"","_links":{"self":[{"href":"https:\/\/www.ottawahospital.on.ca\/fr\/wp-json\/wp\/v2\/pages\/54022","targetHints":{"allow":["GET"]}}],"collection":[{"href":"https:\/\/www.ottawahospital.on.ca\/fr\/wp-json\/wp\/v2\/pages"}],"about":[{"href":"https:\/\/www.ottawahospital.on.ca\/fr\/wp-json\/wp\/v2\/types\/page"}],"author":[{"embeddable":true,"href":"https:\/\/www.ottawahospital.on.ca\/fr\/wp-json\/wp\/v2\/users\/25"}],"replies":[{"embeddable":true,"href":"https:\/\/www.ottawahospital.on.ca\/fr\/wp-json\/wp\/v2\/comments?post=54022"}],"version-history":[{"count":0,"href":"https:\/\/www.ottawahospital.on.ca\/fr\/wp-json\/wp\/v2\/pages\/54022\/revisions"}],"up":[{"embeddable":true,"href":"https:\/\/www.ottawahospital.on.ca\/fr\/wp-json\/wp\/v2\/pages\/84"}],"wp:attachment":[{"href":"https:\/\/www.ottawahospital.on.ca\/fr\/wp-json\/wp\/v2\/media?parent=54022"}],"curies":[{"name":"wp","href":"https:\/\/api.w.org\/{rel}","templated":true}]}}