{"id":5402,"date":"2016-11-08T18:31:31","date_gmt":"2016-11-08T23:31:31","guid":{"rendered":"http:\/\/52.229.122.34\/fr\/?page_id=5402"},"modified":"2020-05-11T13:52:52","modified_gmt":"2020-05-11T17:52:52","slug":"divulgation-des-traitements","status":"publish","type":"page","link":"https:\/\/www.ottawahospital.on.ca\/fr\/about-us\/acces-a-linformation\/divulgation-des-traitements\/","title":{"rendered":"Divulgation des traitements"},"content":{"rendered":"<p>La <em>Loi de 1996 sur la divulgation des traitements dans le secteur public<\/em> (la \u00ab\u00a0Loi\u00a0\u00bb) rend le secteur public de l\u2019Ontario plus ouvert et responsable devant les contribuables. La Loi exige que les organisations qui re\u00e7oivent une aide financi\u00e8re de la province de l\u2019Ontario divulguent annuellement le nom, le poste, le traitement et les avantages imposables totaux des employ\u00e9s qui touchent 100\u00a0000\u00a0$ ou plus par ann\u00e9e civile.<\/p>\n<p>La Loi s\u2019applique \u00e0 diverses organisations comme le gouvernement de l\u2019Ontario, les organismes de la Couronne, les municipalit\u00e9s, les h\u00f4pitaux, les conseils de sant\u00e9, les conseils scolaires, les universit\u00e9s, les coll\u00e8ges, Hydro One Inc., Ontario Power Generation Inc. et aux autres employeurs du secteur public qui re\u00e7oivent une aide financi\u00e8re consid\u00e9rable du gouvernement provincial.<\/p>\n<p>La principale exigence impos\u00e9e aux organisations vis\u00e9es par la Loi est de rendre accessible au public leur registre ou leur d\u00e9claration selon laquelle il n\u2019y a pas de traitement d\u2019employ\u00e9s \u00e0 divulguer au plus tard le 31\u00a0mars. Les organisations vis\u00e9es par la Loi sont \u00e9galement tenues de faire parvenir, au plus tard le cinqui\u00e8me jour ouvrable du mois de mars, leur registre ou leur d\u00e9claration au minist\u00e8re ou aux minist\u00e8res leur ayant fourni une aide financi\u00e8re.<\/p>\n<p style=\"padding: 20px; border: 1px solid; text-align: center; background-color: #d0dae8;\"><strong>Divulgation des traitements 2019<\/strong><br \/>\n<a href=\"https:\/\/www.fin.gov.on.ca\/fr\/publications\/salarydisclosure\/pssd\/index.html\" target=\"_blank\" rel=\"noopener noreferrer\">H\u00f4pitaux et Conseils de sant\u00e9 [HTML]<\/a><\/p>\n","protected":false},"excerpt":{"rendered":"<p>La Loi de 1996 sur la divulgation des traitements dans le secteur public (la \u00ab\u00a0Loi\u00a0\u00bb) rend le secteur public de l\u2019Ontario plus ouvert et responsable devant les contribuables. La Loi exige que les organisations qui re\u00e7oivent une aide financi\u00e8re de la province de l\u2019Ontario divulguent annuellement le nom, le poste, le traitement et les avantages [&hellip;]<\/p>\n","protected":false},"author":25,"featured_media":0,"parent":5385,"menu_order":3,"comment_status":"closed","ping_status":"closed","template":"","meta":{"_acf_changed":false,"_mc_calendar":[],"footnotes":""},"class_list":["post-5402","page","type-page","status-publish","hentry"],"acf":[],"wps_subtitle":"","_links":{"self":[{"href":"https:\/\/www.ottawahospital.on.ca\/fr\/wp-json\/wp\/v2\/pages\/5402","targetHints":{"allow":["GET"]}}],"collection":[{"href":"https:\/\/www.ottawahospital.on.ca\/fr\/wp-json\/wp\/v2\/pages"}],"about":[{"href":"https:\/\/www.ottawahospital.on.ca\/fr\/wp-json\/wp\/v2\/types\/page"}],"author":[{"embeddable":true,"href":"https:\/\/www.ottawahospital.on.ca\/fr\/wp-json\/wp\/v2\/users\/25"}],"replies":[{"embeddable":true,"href":"https:\/\/www.ottawahospital.on.ca\/fr\/wp-json\/wp\/v2\/comments?post=5402"}],"version-history":[{"count":0,"href":"https:\/\/www.ottawahospital.on.ca\/fr\/wp-json\/wp\/v2\/pages\/5402\/revisions"}],"up":[{"embeddable":true,"href":"https:\/\/www.ottawahospital.on.ca\/fr\/wp-json\/wp\/v2\/pages\/5385"}],"wp:attachment":[{"href":"https:\/\/www.ottawahospital.on.ca\/fr\/wp-json\/wp\/v2\/media?parent=5402"}],"curies":[{"name":"wp","href":"https:\/\/api.w.org\/{rel}","templated":true}]}}