{"id":53784,"date":"2020-06-25T11:15:19","date_gmt":"2020-06-25T15:15:19","guid":{"rendered":"https:\/\/www.ottawahospital.on.ca\/?page_id=53784"},"modified":"2025-07-09T10:17:38","modified_gmt":"2025-07-09T14:17:38","slug":"khalil-shariff","status":"publish","type":"page","link":"https:\/\/www.ottawahospital.on.ca\/fr\/about-us\/notre-equipe-de-direction\/conseil-des-gouverneurs\/membres-du-conseil\/khalil-shariff\/","title":{"rendered":"Khalil Shariff"},"content":{"rendered":"<div id=\"attachment_53777\" style=\"width: 145px\" class=\"wp-caption alignleft\"><img decoding=\"async\" aria-describedby=\"caption-attachment-53777\" class=\"img-responsive wp-image-53777 size-full\" src=\"https:\/\/www.ottawahospital.on.ca\/wp-content\/uploads\/2020\/06\/Khalil-Shariff.jpg\" alt=\"Khalil Shariff\" width=\"135\" height=\"169\" \/><p id=\"caption-attachment-53777\" class=\"wp-caption-text\"><strong>Khalil Shariff<\/strong><\/p><\/div>\n<p>Khalil Shariff est pr\u00e9sident-directeur g\u00e9n\u00e9ral de la Fondation Aga Khan Canada, un grand organisme canadien de d\u00e9veloppement international, depuis 2005. Il travaillait pr\u00e9c\u00e9demment au bureau de Toronto de McKinsey &amp; Company, une firme internationale de conseil en gestion, o\u00f9 il conseillait des gouvernements, des institutions financi\u00e8res et des fournisseurs de soins de sant\u00e9 afin d\u2019am\u00e9liorer leurs plans strat\u00e9giques, organisationnels et op\u00e9rationnels. Il a aussi occup\u00e9 diverses fonctions en mati\u00e8re de recherche et de politiques au sein du Programme sur la politique humanitaire et la recherche sur les conflits de l\u2019Universit\u00e9 Harvard, du Tribunal p\u00e9nal international pour le Rwanda et du D\u00e9partement des op\u00e9rations de maintien de la paix de l\u2019ONU. Il si\u00e8ge actuellement au Conseil d\u2019administration du Centre mondial du pluralisme, de la Fondation Rideau Hall et de l\u2019Institut pour la citoyennet\u00e9 canadienne. Dans sa jeunesse, il a \u00e9galement \u00e9t\u00e9 \u00e9lu le temps d\u2019un mandat comme conseiller scolaire dans sa ville natale de Richmond, en Colombie-Britannique. Il poss\u00e8de un baccalaur\u00e9at de l\u2019Universit\u00e9 de la Colombie-Britannique et un dipl\u00f4me de l\u2019\u00c9cole de droit de l\u2019Universit\u00e9 Harvard.<\/p>\n<p><em>Nomm\u00e9 en 2020 jusqu\u2019en 2025.<\/em><\/p>\n","protected":false},"excerpt":{"rendered":"<p>Khalil Shariff est pr\u00e9sident-directeur g\u00e9n\u00e9ral de la Fondation Aga Khan Canada, un grand organisme canadien de d\u00e9veloppement international, depuis 2005. Il travaillait pr\u00e9c\u00e9demment au bureau de Toronto de McKinsey &amp; Company, une firme internationale de conseil en gestion, o\u00f9 il conseillait des gouvernements, des institutions financi\u00e8res et des fournisseurs de soins de sant\u00e9 afin d\u2019am\u00e9liorer [&hellip;]<\/p>\n","protected":false},"author":25,"featured_media":0,"parent":4561,"menu_order":12,"comment_status":"closed","ping_status":"closed","template":"","meta":{"_acf_changed":false,"_mc_calendar":[],"footnotes":""},"class_list":["post-53784","page","type-page","status-publish","hentry"],"acf":[],"wps_subtitle":"","_links":{"self":[{"href":"https:\/\/www.ottawahospital.on.ca\/fr\/wp-json\/wp\/v2\/pages\/53784","targetHints":{"allow":["GET"]}}],"collection":[{"href":"https:\/\/www.ottawahospital.on.ca\/fr\/wp-json\/wp\/v2\/pages"}],"about":[{"href":"https:\/\/www.ottawahospital.on.ca\/fr\/wp-json\/wp\/v2\/types\/page"}],"author":[{"embeddable":true,"href":"https:\/\/www.ottawahospital.on.ca\/fr\/wp-json\/wp\/v2\/users\/25"}],"replies":[{"embeddable":true,"href":"https:\/\/www.ottawahospital.on.ca\/fr\/wp-json\/wp\/v2\/comments?post=53784"}],"version-history":[{"count":0,"href":"https:\/\/www.ottawahospital.on.ca\/fr\/wp-json\/wp\/v2\/pages\/53784\/revisions"}],"up":[{"embeddable":true,"href":"https:\/\/www.ottawahospital.on.ca\/fr\/wp-json\/wp\/v2\/pages\/4561"}],"wp:attachment":[{"href":"https:\/\/www.ottawahospital.on.ca\/fr\/wp-json\/wp\/v2\/media?parent=53784"}],"curies":[{"name":"wp","href":"https:\/\/api.w.org\/{rel}","templated":true}]}}