{"id":5338,"date":"2016-11-08T17:20:51","date_gmt":"2016-11-08T22:20:51","guid":{"rendered":"http:\/\/52.229.122.34\/fr\/?page_id=5338"},"modified":"2025-10-29T17:00:58","modified_gmt":"2025-10-29T21:00:58","slug":"autres-contacts-pour-les-medias","status":"publish","type":"page","link":"https:\/\/www.ottawahospital.on.ca\/fr\/about-us\/salle-de-presse\/contacts-et-lignes-directrices-pour-les-medias\/autres-contacts-pour-les-medias\/","title":{"rendered":"Autres contacts pour les m\u00e9dias"},"content":{"rendered":"<h2>Organismes partenaires et\/ou affili\u00e9s<\/h2>\n<p><strong>La Fondation de l&rsquo;H\u00f4pital d&rsquo;Ottawa<\/strong><br \/>\n<a href=\"mailto:mohunter@toh.ca\">Morgan Hunter<\/a>\u00a0: 613-408-6484<\/p>\n<p><strong>Institut de recherche de l&rsquo;H\u00f4pital d&rsquo;Ottawa<\/strong><br \/>\n<a href=\"mailto:jpaterson@ohri.ca\" target=\"_blank\" rel=\"noopener noreferrer\">Jennifer Ganton<\/a> : 613-798-5555, poste 73325<\/p>\n<p><strong>Institut de cardiologie de l&rsquo;Universit\u00e9 d&rsquo;Ottawa<\/strong><br \/>\n<a href=\"mailto:adumulon@ottawaheart.ca\" target=\"_blank\" rel=\"noopener noreferrer\">Andr\u00e9e Dumulon<\/a> : 613-761-4850<\/p>\n<p><strong>Universit\u00e9 d&rsquo;Ottawa\u00a0\u00a0<\/strong><br \/>\nCommunications 613-562-5708 <a href=\"https:\/\/www.medias.uottawa.ca\/\" target=\"_blank\" rel=\"noopener noreferrer\">www.medias.uottawa.ca<\/a><\/p>\n<h2>Autres h\u00f4pitaux de soins actifs \u00e0 Ottawa<\/h2>\n<p><strong>CHEO<\/strong><br \/>\nComposez le 613-737-7600 et demander le personnel des Relations avec les m\u00e9dias.<\/p>\n<p><strong>H\u00f4pital Queensway Carleton<\/strong><br \/>\n613-721-4700, poste 5601<\/p>\n<p><strong>H\u00f4pital Montfort<\/strong><br \/>\nComposez le 613-746-4621, poste 2049<\/p>\n","protected":false},"excerpt":{"rendered":"<p>Organismes partenaires et\/ou affili\u00e9s La Fondation de l&rsquo;H\u00f4pital d&rsquo;Ottawa Morgan Hunter\u00a0: 613-408-6484 Institut de recherche de l&rsquo;H\u00f4pital d&rsquo;Ottawa Jennifer Ganton : 613-798-5555, poste 73325 Institut de cardiologie de l&rsquo;Universit\u00e9 d&rsquo;Ottawa Andr\u00e9e Dumulon : 613-761-4850 Universit\u00e9 d&rsquo;Ottawa\u00a0\u00a0 Communications 613-562-5708 www.medias.uottawa.ca Autres h\u00f4pitaux de soins actifs \u00e0 Ottawa CHEO Composez le 613-737-7600 et demander le personnel des [&hellip;]<\/p>\n","protected":false},"author":25,"featured_media":0,"parent":5310,"menu_order":3,"comment_status":"closed","ping_status":"closed","template":"","meta":{"_acf_changed":false,"_mc_calendar":[],"footnotes":""},"class_list":["post-5338","page","type-page","status-publish","hentry"],"acf":[],"wps_subtitle":"","_links":{"self":[{"href":"https:\/\/www.ottawahospital.on.ca\/fr\/wp-json\/wp\/v2\/pages\/5338","targetHints":{"allow":["GET"]}}],"collection":[{"href":"https:\/\/www.ottawahospital.on.ca\/fr\/wp-json\/wp\/v2\/pages"}],"about":[{"href":"https:\/\/www.ottawahospital.on.ca\/fr\/wp-json\/wp\/v2\/types\/page"}],"author":[{"embeddable":true,"href":"https:\/\/www.ottawahospital.on.ca\/fr\/wp-json\/wp\/v2\/users\/25"}],"replies":[{"embeddable":true,"href":"https:\/\/www.ottawahospital.on.ca\/fr\/wp-json\/wp\/v2\/comments?post=5338"}],"version-history":[{"count":0,"href":"https:\/\/www.ottawahospital.on.ca\/fr\/wp-json\/wp\/v2\/pages\/5338\/revisions"}],"up":[{"embeddable":true,"href":"https:\/\/www.ottawahospital.on.ca\/fr\/wp-json\/wp\/v2\/pages\/5310"}],"wp:attachment":[{"href":"https:\/\/www.ottawahospital.on.ca\/fr\/wp-json\/wp\/v2\/media?parent=5338"}],"curies":[{"name":"wp","href":"https:\/\/api.w.org\/{rel}","templated":true}]}}