{"id":5333,"date":"2016-11-08T17:18:11","date_gmt":"2016-11-08T22:18:11","guid":{"rendered":"http:\/\/52.229.122.34\/fr\/?page_id=5333"},"modified":"2016-11-08T17:18:11","modified_gmt":"2016-11-08T22:18:11","slug":"acces-a-la-propriete-de-lhopital","status":"publish","type":"page","link":"https:\/\/www.ottawahospital.on.ca\/fr\/about-us\/salle-de-presse\/contacts-et-lignes-directrices-pour-les-medias\/acces-a-la-propriete-de-lhopital\/","title":{"rendered":"Acc\u00e8s \u00e0 la propri\u00e9t\u00e9 de l\u2019H\u00f4pital"},"content":{"rendered":"<h2>Acc\u00e8s \u00e0 la propri\u00e9t\u00e9 de l\u2019H\u00f4pital<\/h2>\n<p>Afin de prot\u00e9ger la vie priv\u00e9e de nos patients, nous demandons \u00e0 <strong>tous les repr\u00e9sentants des m\u00e9dias<\/strong> qui se trouvent sur la propri\u00e9t\u00e9 de l&rsquo;H\u00f4pital d&rsquo;<strong>\u00eatre accompagn\u00e9s<\/strong> par un repr\u00e9sentant des Relations avec les m\u00e9dias. <strong>La S\u00e9curit\u00e9 demandera \u00e0 tout repr\u00e9sentant des m\u00e9dias de quitter les lieux s\u2019il n\u2019est pas accompagn\u00e9 d&rsquo;un repr\u00e9sentant des Relations avec les m\u00e9dias. <\/strong>\u00c0 leur arriv\u00e9e \u00e0 l\u2019H\u00f4pital, tous les repr\u00e9sentants des m\u00e9dias doivent s&rsquo;identifier et pr\u00e9ciser le m\u00e9dia d\u2019information qu\u2019ils repr\u00e9sentent.<\/p>\n<p><strong>Il est important de garder \u00e0 l\u2019esprit ce qui suit :<\/strong><\/p>\n<ol>\n<li>Le s\u00e9jour \u00e0 l\u2019h\u00f4pital est un moment stressant pour les patients et leur famille. En cette p\u00e9riode \u00e9prouvante, notre priorit\u00e9 est d&rsquo;offrir aux patients des soins de qualit\u00e9 empreints de compassion, et de soutenir leur famille. Ces derniers souhaitent peut-\u00eatre n\u2019avoir aucun contact avec les m\u00e9dias. Il est important de respecter leur choix.<\/li>\n<li>Le personnel et les m\u00e9decins ont le droit de refuser une demande des m\u00e9dias.<\/li>\n<li>Le personnel des Relations avec les m\u00e9dias coordonnent les entrevues avec les patients en collaboration avec le personnel clinique. Tous les patients doivent d\u2019abord signer un formulaire de consentement avant de s\u2019entretenir avec les m\u00e9dias. Un repr\u00e9sentant des Relations avec les m\u00e9dias sera pr\u00e9sent lors de l\u2019entrevue.<\/li>\n<li>Selon la nature de la demande, nous tenterons de mettre des sp\u00e9cialistes \u00e0 la disposition des m\u00e9dias. Toutefois, il est possible que ceux-ci ne soient pas disponibles dans les d\u00e9lais souhait\u00e9s.<\/li>\n<li>Nos professionnels de la sant\u00e9 ne peuvent pas \u00e9mettre de commentaires sur un patient en particulier, et ce, m\u00eame avec le consentement de ce dernier.<\/li>\n<\/ol>\n","protected":false},"excerpt":{"rendered":"<p>Acc\u00e8s \u00e0 la propri\u00e9t\u00e9 de l\u2019H\u00f4pital Afin de prot\u00e9ger la vie priv\u00e9e de nos patients, nous demandons \u00e0 tous les repr\u00e9sentants des m\u00e9dias qui se trouvent sur la propri\u00e9t\u00e9 de l&rsquo;H\u00f4pital d&rsquo;\u00eatre accompagn\u00e9s par un repr\u00e9sentant des Relations avec les m\u00e9dias. La S\u00e9curit\u00e9 demandera \u00e0 tout repr\u00e9sentant des m\u00e9dias de quitter les lieux s\u2019il n\u2019est [&hellip;]<\/p>\n","protected":false},"author":25,"featured_media":0,"parent":5310,"menu_order":2,"comment_status":"closed","ping_status":"closed","template":"","meta":{"_acf_changed":false,"_mc_calendar":[],"footnotes":""},"class_list":["post-5333","page","type-page","status-publish","hentry"],"acf":[],"wps_subtitle":"","_links":{"self":[{"href":"https:\/\/www.ottawahospital.on.ca\/fr\/wp-json\/wp\/v2\/pages\/5333","targetHints":{"allow":["GET"]}}],"collection":[{"href":"https:\/\/www.ottawahospital.on.ca\/fr\/wp-json\/wp\/v2\/pages"}],"about":[{"href":"https:\/\/www.ottawahospital.on.ca\/fr\/wp-json\/wp\/v2\/types\/page"}],"author":[{"embeddable":true,"href":"https:\/\/www.ottawahospital.on.ca\/fr\/wp-json\/wp\/v2\/users\/25"}],"replies":[{"embeddable":true,"href":"https:\/\/www.ottawahospital.on.ca\/fr\/wp-json\/wp\/v2\/comments?post=5333"}],"version-history":[{"count":0,"href":"https:\/\/www.ottawahospital.on.ca\/fr\/wp-json\/wp\/v2\/pages\/5333\/revisions"}],"up":[{"embeddable":true,"href":"https:\/\/www.ottawahospital.on.ca\/fr\/wp-json\/wp\/v2\/pages\/5310"}],"wp:attachment":[{"href":"https:\/\/www.ottawahospital.on.ca\/fr\/wp-json\/wp\/v2\/media?parent=5333"}],"curies":[{"name":"wp","href":"https:\/\/api.w.org\/{rel}","templated":true}]}}