{"id":5322,"date":"2016-11-08T17:16:11","date_gmt":"2016-11-08T22:16:11","guid":{"rendered":"http:\/\/52.229.122.34\/fr\/?page_id=5322"},"modified":"2022-04-13T09:11:15","modified_gmt":"2022-04-13T13:11:15","slug":"lignes-directrices-pour-les-medias","status":"publish","type":"page","link":"https:\/\/www.ottawahospital.on.ca\/fr\/about-us\/salle-de-presse\/contacts-et-lignes-directrices-pour-les-medias\/lignes-directrices-pour-les-medias\/","title":{"rendered":"Lignes directrices pour les m\u00e9dias"},"content":{"rendered":"<p>Nous demandons aux m\u00e9dias de communiquer avec l\u2019agente des relations avec les m\u00e9dias pour toute question\/demande li\u00e9e \u00e0 l\u2019H\u00f4pital. Nous r\u00e9pondrons aux demandes d\u2019entrevue rapidement et ferons notre possible pour vous mettre en relation avec le porte-parole concern\u00e9. Veuillez vous identifier ainsi que le m\u00e9dia que vous repr\u00e9sentez.<\/p>\n<p>Pour toute entrevue sur place avec un membre du personnel, un patient ou un membre de sa famille, le repr\u00e9sentant des m\u00e9dias doit \u00eatre muni d\u2019une autorisation et \u00eatre accompagn\u00e9 par un repr\u00e9sentant des Communications. Pour assurer la s\u00e9curit\u00e9 des patients et la confidentialit\u00e9 de leurs renseignements, la S\u00e9curit\u00e9 demandera \u00e0 tout repr\u00e9sentant des m\u00e9dias non autoris\u00e9 ou non accompagn\u00e9 de quitter les lieux. Vous pouvez consulter d\u2019autres renseignements sur <a href=\"https:\/\/www.ottawahospital.on.ca\/fr\/about-us\/salle-de-presse\/contacts-et-lignes-directrices-pour-les-medias\/acces-a-la-propriete-de-lhopital\/\">l\u2019acc\u00e8s \u00e0 l\u2019H\u00f4pital dans notre site Web<\/a>.<\/p>\n<p>Conform\u00e9ment aux lois et r\u00e8glements sur la protection des renseignements personnels et la vie priv\u00e9e des patients, L\u2019H\u00f4pital d\u2019Ottawa ne fournit pas aux m\u00e9dias de mises \u00e0 jour sur l\u2019\u00e9tat de sant\u00e9 d\u2019un patient. Toutefois, nous pouvons donner des renseignements d\u2019ordre g\u00e9n\u00e9ral lorsque nous recevons plusieurs patients \u00e0 la suite d\u2019un incident survenu dans la collectivit\u00e9.<\/p>\n<p>En dehors des heures normales de bureau, L\u2019H\u00f4pital d\u2019Ottawa a toujours <a href=\"https:\/\/www.ottawahospital.on.ca\/fr\/about-us\/salle-de-presse\/contacts-et-lignes-directrices-pour-les-medias\/acces-a-la-propriete-de-lhopital\/\">un repr\u00e9sentant des Relations avec les m\u00e9dias de garde<\/a>, mais ce service est strictement r\u00e9serv\u00e9 aux urgences. Dans de pareils cas, le journaliste doit fournir son nom complet et son num\u00e9ro de t\u00e9l\u00e9phone.<\/p>\n<div class=\"table-responsive\">\n<table class=\"table-bordered table\">\n<tbody>\n<tr>\n<td style=\"text-align: center;\" colspan=\"2\" scope=\"row\"><strong>D\u00e9finition des \u00e9tats de sant\u00e9 du patient<\/strong><\/td>\n<\/tr>\n<tr>\n<th style=\"text-align: center;\" scope=\"row\">Satisfaisant<\/th>\n<td>Les signes vitaux sont stables* et dans les limites normales. Le patient est conscient et son \u00e9tat de sant\u00e9 est satisfaisant. Il fait des progr\u00e8s favorables.<\/td>\n<\/tr>\n<tr>\n<th style=\"text-align: center;\" scope=\"row\">Assez bon<\/th>\n<td>Les signes vitaux sont stables* et dans les limites normales (ou pr\u00e8s des limites normales). Le patient est conscient. Il souffre peut-\u00eatre de complications mineures.<\/td>\n<\/tr>\n<tr>\n<th style=\"text-align: center;\" scope=\"row\">Grave<\/th>\n<td>Le malade est gravement malade. Les signes vitaux peuvent \u00eatre instables* et hors des limites normales. Le patient est peut-\u00eatre inconscient. Il souffre de complications importantes.<\/td>\n<\/tr>\n<tr>\n<th style=\"text-align: center;\" scope=\"row\">Critique<\/th>\n<td>Les signes vitaux sont instables* et hors des limites normales. Il souffre de graves complications.<\/td>\n<\/tr>\n<tr>\n<td colspan=\"2\" scope=\"row\"><strong>* Remarque :<\/strong> Les termes \u00ab stable \u00bb et \u00ab instable \u00bb sont seulement une description des signes vitaux du patient, dont la temp\u00e9rature, le pouls, la respiration et la pression art\u00e9rielle.<\/td>\n<\/tr>\n<\/tbody>\n<\/table>\n<\/div>\n","protected":false},"excerpt":{"rendered":"<p>Nous demandons aux m\u00e9dias de communiquer avec l\u2019agente des relations avec les m\u00e9dias pour toute question\/demande li\u00e9e \u00e0 l\u2019H\u00f4pital. Nous r\u00e9pondrons aux demandes d\u2019entrevue rapidement et ferons notre possible pour vous mettre en relation avec le porte-parole concern\u00e9. Veuillez vous identifier ainsi que le m\u00e9dia que vous repr\u00e9sentez. Pour toute entrevue sur place avec un [&hellip;]<\/p>\n","protected":false},"author":25,"featured_media":0,"parent":5310,"menu_order":1,"comment_status":"closed","ping_status":"closed","template":"","meta":{"_acf_changed":false,"_mc_calendar":[],"footnotes":""},"class_list":["post-5322","page","type-page","status-publish","hentry"],"acf":[],"wps_subtitle":"","_links":{"self":[{"href":"https:\/\/www.ottawahospital.on.ca\/fr\/wp-json\/wp\/v2\/pages\/5322","targetHints":{"allow":["GET"]}}],"collection":[{"href":"https:\/\/www.ottawahospital.on.ca\/fr\/wp-json\/wp\/v2\/pages"}],"about":[{"href":"https:\/\/www.ottawahospital.on.ca\/fr\/wp-json\/wp\/v2\/types\/page"}],"author":[{"embeddable":true,"href":"https:\/\/www.ottawahospital.on.ca\/fr\/wp-json\/wp\/v2\/users\/25"}],"replies":[{"embeddable":true,"href":"https:\/\/www.ottawahospital.on.ca\/fr\/wp-json\/wp\/v2\/comments?post=5322"}],"version-history":[{"count":0,"href":"https:\/\/www.ottawahospital.on.ca\/fr\/wp-json\/wp\/v2\/pages\/5322\/revisions"}],"up":[{"embeddable":true,"href":"https:\/\/www.ottawahospital.on.ca\/fr\/wp-json\/wp\/v2\/pages\/5310"}],"wp:attachment":[{"href":"https:\/\/www.ottawahospital.on.ca\/fr\/wp-json\/wp\/v2\/media?parent=5322"}],"curies":[{"name":"wp","href":"https:\/\/api.w.org\/{rel}","templated":true}]}}