{"id":53190,"date":"2020-05-13T16:14:17","date_gmt":"2020-05-13T20:14:17","guid":{"rendered":"https:\/\/www.ottawahospital.on.ca\/?page_id=53190"},"modified":"2024-11-25T15:32:02","modified_gmt":"2024-11-25T20:32:02","slug":"port-du-masque-en-securite","status":"publish","type":"page","link":"https:\/\/www.ottawahospital.on.ca\/fr\/covid-19\/port-du-masque-en-securite\/","title":{"rendered":"Renseignements importants sur le port s\u00e9curitaire d\u2019un masque"},"content":{"rendered":"\n<p>Le port du masque est largement r\u00e9pandu dans le cadre des soins cliniques \u00e0 L\u2019H\u00f4pital d\u2019Ottawa. Il reste obligatoire dans les unit\u00e9s vis\u00e9es par une \u00e9closion, en fonction des pr\u00e9cautions propres \u00e0 chaque patient, et pour les patients symptomatiques. Des masques sont mis \u00e0 la disposition de tout un chacun et en tout temps.<\/p>\n\n\n\n<p>Nous continuons de surveiller la situation \u00e0 l\u2019h\u00f4pital et dans la collectivit\u00e9 et nous prendrons les mesures n\u00e9cessaires s\u2019il y a lieu.<\/p>\n","protected":false},"excerpt":{"rendered":"<p>Le port du masque est largement r\u00e9pandu dans le cadre des soins cliniques \u00e0 L\u2019H\u00f4pital d\u2019Ottawa. Il reste obligatoire dans les unit\u00e9s vis\u00e9es par une \u00e9closion, en fonction des pr\u00e9cautions propres \u00e0 chaque patient, et pour les patients symptomatiques. Des masques sont mis \u00e0 la disposition de tout un chacun et en tout temps. Nous [&hellip;]<\/p>\n","protected":false},"author":25,"featured_media":0,"parent":51455,"menu_order":0,"comment_status":"closed","ping_status":"closed","template":"","meta":{"_acf_changed":false,"_mc_calendar":[],"footnotes":""},"class_list":["post-53190","page","type-page","status-publish","hentry"],"acf":[],"wps_subtitle":"","_links":{"self":[{"href":"https:\/\/www.ottawahospital.on.ca\/fr\/wp-json\/wp\/v2\/pages\/53190","targetHints":{"allow":["GET"]}}],"collection":[{"href":"https:\/\/www.ottawahospital.on.ca\/fr\/wp-json\/wp\/v2\/pages"}],"about":[{"href":"https:\/\/www.ottawahospital.on.ca\/fr\/wp-json\/wp\/v2\/types\/page"}],"author":[{"embeddable":true,"href":"https:\/\/www.ottawahospital.on.ca\/fr\/wp-json\/wp\/v2\/users\/25"}],"replies":[{"embeddable":true,"href":"https:\/\/www.ottawahospital.on.ca\/fr\/wp-json\/wp\/v2\/comments?post=53190"}],"version-history":[{"count":0,"href":"https:\/\/www.ottawahospital.on.ca\/fr\/wp-json\/wp\/v2\/pages\/53190\/revisions"}],"up":[{"embeddable":true,"href":"https:\/\/www.ottawahospital.on.ca\/fr\/wp-json\/wp\/v2\/pages\/51455"}],"wp:attachment":[{"href":"https:\/\/www.ottawahospital.on.ca\/fr\/wp-json\/wp\/v2\/media?parent=53190"}],"curies":[{"name":"wp","href":"https:\/\/api.w.org\/{rel}","templated":true}]}}