{"id":5310,"date":"2016-11-08T17:11:26","date_gmt":"2016-11-08T22:11:26","guid":{"rendered":"http:\/\/52.229.122.34\/fr\/?page_id=5310"},"modified":"2022-04-13T15:00:32","modified_gmt":"2022-04-13T19:00:32","slug":"contacts-et-lignes-directrices-pour-les-medias","status":"publish","type":"page","link":"https:\/\/www.ottawahospital.on.ca\/fr\/about-us\/salle-de-presse\/contacts-et-lignes-directrices-pour-les-medias\/","title":{"rendered":"Contacts et Lignes directrices pour les m\u00e9dias"},"content":{"rendered":"<p>\u00c0 L&rsquo;H\u00f4pital d&rsquo;Ottawa, nous reconnaissons notre devoir de communiquer aux m\u00e9dias tout renseignement d&rsquo;int\u00e9r\u00eat public. Toutefois, nous avons \u00e9galement l&rsquo;obligation de prot\u00e9ger la vie priv\u00e9e et les renseignements confidentiels nos patients, y compris leur droit de ne pas \u00eatre interview\u00e9s ou photographi\u00e9s sans leur consentement \u00e9crit.. Toutes les demandes des m\u00e9dias, y compris les entrevues avec les patients, le personnel, les m\u00e9decins et les b\u00e9n\u00e9voles ainsi que l&rsquo;autorisation de filmer et de prendre des photos sur la propri\u00e9t\u00e9 de l&rsquo;H\u00f4pital (tant \u00e0 l\u2019int\u00e9rieur qu\u2019\u00e0 l\u2019ext\u00e9rieur de l\u2019\u00e9tablissement), doivent \u00eatre achemin\u00e9es au Service des relations avec les m\u00e9dias.<\/p>\n<p><strong>Heures de bureau<br \/>\n<\/strong>9 h \u00e0 17 h<\/p>\n<p><strong>Renseignements<\/strong><br \/>\nRebecca Abelson<br \/>\n<a href=\"mailto:rabelson@toh.ca\">rabelson@toh.ca<\/a><\/p>\n<div class=\"emer-alert-inner supernora\" style=\"margin-top: 0; margin-bottom: 5%;\">\n<p class=\"emer-alert-text\"><i class=\"fa fa-exclamation-circle fa-lg\"><\/i> Nos bureaux cliniques et administratifs sont ferm\u00e9s la fin de semaine, les jours f\u00e9ri\u00e9s et apr\u00e8s les heures normales de bureau. Les sp\u00e9cialistes en m\u00e9decine ne sont pas non plus disponibles durant ces p\u00e9riodes. \u00c0 l&rsquo;ext\u00e9rieur des heures de bureau, l&rsquo;H\u00f4pital a toujours un repr\u00e9sentant des Relations avec les m\u00e9dias de garde, mais ce service est strictement r\u00e9serv\u00e9 aux urgences. Pour communiquer avec le personnel de garde, t\u00e9l\u00e9phonez au 613-722-7000.<\/p>\n<\/div>\n","protected":false},"excerpt":{"rendered":"<p>\u00c0 L&rsquo;H\u00f4pital d&rsquo;Ottawa, nous reconnaissons notre devoir de communiquer aux m\u00e9dias tout renseignement d&rsquo;int\u00e9r\u00eat public. Toutefois, nous avons \u00e9galement l&rsquo;obligation de prot\u00e9ger la vie priv\u00e9e et les renseignements confidentiels nos patients, y compris leur droit de ne pas \u00eatre interview\u00e9s ou photographi\u00e9s sans leur consentement \u00e9crit.. Toutes les demandes des m\u00e9dias, y compris les entrevues [&hellip;]<\/p>\n","protected":false},"author":25,"featured_media":0,"parent":1677,"menu_order":1,"comment_status":"closed","ping_status":"closed","template":"","meta":{"_acf_changed":false,"_mc_calendar":[],"footnotes":""},"class_list":["post-5310","page","type-page","status-publish","hentry"],"acf":[],"wps_subtitle":"","_links":{"self":[{"href":"https:\/\/www.ottawahospital.on.ca\/fr\/wp-json\/wp\/v2\/pages\/5310","targetHints":{"allow":["GET"]}}],"collection":[{"href":"https:\/\/www.ottawahospital.on.ca\/fr\/wp-json\/wp\/v2\/pages"}],"about":[{"href":"https:\/\/www.ottawahospital.on.ca\/fr\/wp-json\/wp\/v2\/types\/page"}],"author":[{"embeddable":true,"href":"https:\/\/www.ottawahospital.on.ca\/fr\/wp-json\/wp\/v2\/users\/25"}],"replies":[{"embeddable":true,"href":"https:\/\/www.ottawahospital.on.ca\/fr\/wp-json\/wp\/v2\/comments?post=5310"}],"version-history":[{"count":0,"href":"https:\/\/www.ottawahospital.on.ca\/fr\/wp-json\/wp\/v2\/pages\/5310\/revisions"}],"up":[{"embeddable":true,"href":"https:\/\/www.ottawahospital.on.ca\/fr\/wp-json\/wp\/v2\/pages\/1677"}],"wp:attachment":[{"href":"https:\/\/www.ottawahospital.on.ca\/fr\/wp-json\/wp\/v2\/media?parent=5310"}],"curies":[{"name":"wp","href":"https:\/\/api.w.org\/{rel}","templated":true}]}}