{"id":53095,"date":"2020-05-07T14:31:28","date_gmt":"2020-05-07T18:31:28","guid":{"rendered":"https:\/\/www.ottawahospital.on.ca\/?page_id=53095"},"modified":"2020-05-07T15:58:05","modified_gmt":"2020-05-07T19:58:05","slug":"envoi-darticles-aux-patients-hospitalises","status":"publish","type":"page","link":"https:\/\/www.ottawahospital.on.ca\/fr\/patients-et-visiteurs\/visites-a-lhopital\/envoi-darticles-aux-patients-hospitalises\/","title":{"rendered":"Envoi d\u2019articles aux patients hospitalis\u00e9s"},"content":{"rendered":"\n<p>Afin de\nprot\u00e9ger nos patients, les membres du personnel et les aidants, l\u2019H\u00f4pital\naccepte seulement la livraison de certains articles aux patients hospitalis\u00e9s.<\/p>\n\n\n\n<h2 class=\"wp-block-heading\">Articles permis<\/h2>\n\n\n\n<ul class=\"wp-block-list\"><li>Nous acceptons les articles personnels propres qui peuvent facilement \u00eatre d\u00e9sinfect\u00e9s, notamment\u00a0: articles de toilette, v\u00eatements fra\u00eechement lav\u00e9s, appareils \u00e9lectroniques, m\u00e9dicaments. <\/li><\/ul>\n\n\n\n<h2 class=\"wp-block-heading\">Articles interdits<\/h2>\n\n\n\n<ul class=\"wp-block-list\"><li>Tout\naliment est interdit.<\/li><li>Nous\nn\u2019acceptons aucun article qui ne peut pas \u00eatre nettoy\u00e9, notamment&nbsp;:\nvalises, livres, journaux, magazines.<\/li><\/ul>\n\n\n\n<h2 class=\"wp-block-heading\">Autres directives&nbsp;<\/h2>\n\n\n\n<ul class=\"wp-block-list\"><li>Tout\narticle sera nettoy\u00e9 \u00e0 l\u2019unit\u00e9.<\/li><li>Chaque\narticle approuv\u00e9 sera plac\u00e9 individuellement dans un sac (approuv\u00e9 par L\u2019H\u00f4pital\nd\u2019Ottawa) \u00e0 l\u2019entr\u00e9e. Chaque sac sera \u00e9tiquet\u00e9, puis entrepos\u00e9 \u00e0 l\u2019entr\u00e9e en\nattendant la cueillette p\u00e9riodique par un pr\u00e9pos\u00e9 au transport qui en fera la\nlivraison.&nbsp; <\/li><\/ul>\n\n\n\n<h2 class=\"wp-block-heading\">Exceptions&nbsp;<\/h2>\n\n\n\n<ul class=\"wp-block-list\"><li>Les\nunit\u00e9s de sant\u00e9 mentale acceptent seulement les appareils \u00e9lectroniques et les\nm\u00e9dicaments. <\/li><li>L\u2019Unit\u00e9\ndes naissances accepte pour chaque patiente enceinte une seule livraison de\nnourriture. <\/li><\/ul>\n\n\n\n<h2 class=\"wp-block-heading\">Programme de bons v\u0153ux<\/h2>\n\n\n\n<p>Vous voulez exprimer \u00e0 un proche que vous pensez \u00e0 lui pendant son s\u00e9jour \u00e0 l\u2019h\u00f4pital? Vous pouvez lui envoyer un message par l\u2019entremise du <a href=\"\/fr\/bons-voeux-formulaire\/\">Programme de bons v\u0153ux<\/a>.<\/p>\n","protected":false},"excerpt":{"rendered":"<p>Afin de prot\u00e9ger nos patients, les membres du personnel et les aidants, l\u2019H\u00f4pital accepte seulement la livraison de certains articles aux patients hospitalis\u00e9s. Articles permis Nous acceptons les articles personnels propres qui peuvent facilement \u00eatre d\u00e9sinfect\u00e9s, notamment\u00a0: articles de toilette, v\u00eatements fra\u00eechement lav\u00e9s, appareils \u00e9lectroniques, m\u00e9dicaments. Articles interdits Tout aliment est interdit. Nous n\u2019acceptons aucun [&hellip;]<\/p>\n","protected":false},"author":25,"featured_media":0,"parent":206,"menu_order":0,"comment_status":"closed","ping_status":"closed","template":"","meta":{"_acf_changed":false,"_mc_calendar":[],"footnotes":""},"class_list":["post-53095","page","type-page","status-publish","hentry"],"acf":[],"wps_subtitle":"","_links":{"self":[{"href":"https:\/\/www.ottawahospital.on.ca\/fr\/wp-json\/wp\/v2\/pages\/53095","targetHints":{"allow":["GET"]}}],"collection":[{"href":"https:\/\/www.ottawahospital.on.ca\/fr\/wp-json\/wp\/v2\/pages"}],"about":[{"href":"https:\/\/www.ottawahospital.on.ca\/fr\/wp-json\/wp\/v2\/types\/page"}],"author":[{"embeddable":true,"href":"https:\/\/www.ottawahospital.on.ca\/fr\/wp-json\/wp\/v2\/users\/25"}],"replies":[{"embeddable":true,"href":"https:\/\/www.ottawahospital.on.ca\/fr\/wp-json\/wp\/v2\/comments?post=53095"}],"version-history":[{"count":0,"href":"https:\/\/www.ottawahospital.on.ca\/fr\/wp-json\/wp\/v2\/pages\/53095\/revisions"}],"up":[{"embeddable":true,"href":"https:\/\/www.ottawahospital.on.ca\/fr\/wp-json\/wp\/v2\/pages\/206"}],"wp:attachment":[{"href":"https:\/\/www.ottawahospital.on.ca\/fr\/wp-json\/wp\/v2\/media?parent=53095"}],"curies":[{"name":"wp","href":"https:\/\/api.w.org\/{rel}","templated":true}]}}