{"id":52906,"date":"2020-04-22T09:33:01","date_gmt":"2020-04-22T13:33:01","guid":{"rendered":"https:\/\/www.ottawahospital.on.ca\/?page_id=52906"},"modified":"2025-01-21T09:17:43","modified_gmt":"2025-01-21T14:17:43","slug":"ressources-sur-la-covid-19-pour-futurs-parents","status":"publish","type":"page","link":"https:\/\/www.ottawahospital.on.ca\/fr\/services-cliniques\/deptpgrmcs\/departements\/obstetrique-gynecologie-et-soins-aux-nouveau-nes\/ressources-sur-la-covid-19-pour-futurs-parents\/","title":{"rendered":"Ressources sur la COVID-19 pour futurs parents"},"content":{"rendered":"\n<p><strong>Veuillez consulter ces outils d&rsquo;information utiles si vous allez avoir un b\u00e9b\u00e9 pendant la pand\u00e9mie de COVID-19 :<\/strong><\/p>\n\n\n\n<ul class=\"wp-block-list\">\n<li><a href=\"https:\/\/www.ottawahospital.on.ca\/wp-content\/uploads\/2022\/01\/Letter-for-COVID-Positive-Parents-fr.pdf\">Donner naissance lorsque vous avez ou croyez avoir la COVID-19<\/a><\/li>\n\n\n\n<li><a href=\"https:\/\/www.ottawahospital.on.ca\/wp-content\/uploads\/2022\/01\/PCMCH-COVID-19-Vaccine-Patient-Information-Sheet-fr.pdf\">Je suis enceinte ou j&rsquo;allaite. Dois-je recevoir le vaccin contre la COVID-19 ?<\/a><\/li>\n\n\n\n<li><a href=\"https:\/\/youtu.be\/yHU7PBIQ68c\" target=\"_blank\" rel=\"noreferrer noopener\">Visite virtuelle &#8211; Votre accouchement au campus G\u00e9n\u00e9ral de L\u2019H\u00f4pital d\u2019Ottawa lors d&rsquo;une pand\u00e9mie<\/a><\/li>\n\n\n\n<li><a href=\"https:\/\/youtu.be\/X4tdCEkj19A\" target=\"_blank\" rel=\"noreferrer noopener\">Visite virtuelle &#8211; Votre accouchement au campus Civic de L\u2019H\u00f4pital d\u2019Ottawa lors d&rsquo;une pand\u00e9mie<\/a> <\/li>\n\n\n\n<li><a href=\"https:\/\/www.ottawahospital.on.ca\/fr\/covid-19\/\">Acc\u00e8s limit\u00e9 pour les visiteurs<\/a> <\/li>\n<\/ul>\n\n\n\n<h2 class=\"wp-block-heading\">Clinique Monarch C19&nbsp;: Soins postnataux et aux nouveau-n\u00e9s pour familles touch\u00e9es par la COVID-19<\/h2>\n\n\n\n<p>L\u2019H\u00f4pital d\u2019Ottawa a ouvert une clinique temporaire pour offrir des\nsoins aux m\u00e8res et aux nouveau-n\u00e9s atteints de la COVID-19 ou pr\u00e9sum\u00e9s de\nl\u2019\u00eatre ou qui ont \u00e9t\u00e9 en contact avec une personne infect\u00e9e. <\/p>\n\n\n\n<p>La clinique est un lieu s\u00e9curitaire con\u00e7u sp\u00e9cialement pour les m\u00e8res et\nleur b\u00e9b\u00e9. Ils pourront y &nbsp;recevoir des\nsoins essentiels donn\u00e9s par notre \u00e9quipe de soins chevronn\u00e9e. Nous avons pris\ntoutes les pr\u00e9cautions n\u00e9cessaires pour assurer la s\u00e9curit\u00e9 du personnel, des\npatientes et de leur nouveau-n\u00e9. Le but est d\u2019offrir aux m\u00e8res et \u00e0 leur b\u00e9b\u00e9 le\nmeilleur d\u00e9part possible.<\/p>\n\n\n\n<p>Les m\u00e8res et leur b\u00e9b\u00e9 recevront ainsi un suivi jusqu\u2019\u00e0 ce qu\u2019ils se\nportent bien et qu\u2019ils puissent obtenir des soins dans la collectivit\u00e9. Cr\u00e9\u00e9e\npour favoriser une transition en douceur entre la naissance et la p\u00e9riode\npostnatale, la clinique suit le mod\u00e8le valid\u00e9 du Centre Monarch.<\/p>\n\n\n\n<p>Adressez-vous \u00e0 votre fournisseur de soins obst\u00e9tricaux si vous croyez\nque la clinique r\u00e9pond \u00e0 vos besoins et \u00e0 ceux de votre b\u00e9b\u00e9.<\/p>\n\n\n\n<ul class=\"wp-block-list\">\n<li><\/li>\n<\/ul>\n\n\n\n<p><\/p>\n","protected":false},"excerpt":{"rendered":"<p>Veuillez consulter ces outils d&rsquo;information utiles si vous allez avoir un b\u00e9b\u00e9 pendant la pand\u00e9mie de COVID-19 : Clinique Monarch C19&nbsp;: Soins postnataux et aux nouveau-n\u00e9s pour familles touch\u00e9es par la COVID-19 L\u2019H\u00f4pital d\u2019Ottawa a ouvert une clinique temporaire pour offrir des soins aux m\u00e8res et aux nouveau-n\u00e9s atteints de la COVID-19 ou pr\u00e9sum\u00e9s de [&hellip;]<\/p>\n","protected":false},"author":25,"featured_media":0,"parent":12078,"menu_order":0,"comment_status":"closed","ping_status":"closed","template":"","meta":{"_acf_changed":false,"_mc_calendar":[],"footnotes":""},"class_list":["post-52906","page","type-page","status-publish","hentry"],"acf":[],"wps_subtitle":"","_links":{"self":[{"href":"https:\/\/www.ottawahospital.on.ca\/fr\/wp-json\/wp\/v2\/pages\/52906","targetHints":{"allow":["GET"]}}],"collection":[{"href":"https:\/\/www.ottawahospital.on.ca\/fr\/wp-json\/wp\/v2\/pages"}],"about":[{"href":"https:\/\/www.ottawahospital.on.ca\/fr\/wp-json\/wp\/v2\/types\/page"}],"author":[{"embeddable":true,"href":"https:\/\/www.ottawahospital.on.ca\/fr\/wp-json\/wp\/v2\/users\/25"}],"replies":[{"embeddable":true,"href":"https:\/\/www.ottawahospital.on.ca\/fr\/wp-json\/wp\/v2\/comments?post=52906"}],"version-history":[{"count":0,"href":"https:\/\/www.ottawahospital.on.ca\/fr\/wp-json\/wp\/v2\/pages\/52906\/revisions"}],"up":[{"embeddable":true,"href":"https:\/\/www.ottawahospital.on.ca\/fr\/wp-json\/wp\/v2\/pages\/12078"}],"wp:attachment":[{"href":"https:\/\/www.ottawahospital.on.ca\/fr\/wp-json\/wp\/v2\/media?parent=52906"}],"curies":[{"name":"wp","href":"https:\/\/api.w.org\/{rel}","templated":true}]}}