{"id":5289,"date":"2016-11-08T16:03:13","date_gmt":"2016-11-08T21:03:13","guid":{"rendered":"http:\/\/52.229.122.34\/fr\/?page_id=5289"},"modified":"2023-11-02T10:59:27","modified_gmt":"2023-11-02T14:59:27","slug":"ressources","status":"publish","type":"page","link":"https:\/\/www.ottawahospital.on.ca\/fr\/about-us\/environnement\/ressources\/","title":{"rendered":"Ressources"},"content":{"rendered":"<p>Liens Web<\/p>\n<ul>\n<li><a href=\"https:\/\/www.practicegreenhealth.org\/\" target=\"_blank\" rel=\"noopener noreferrer\">Practice Greenhealth<\/a><\/li>\n<li><a href=\"https:\/\/healthierhospitals.org\/\" target=\"_blank\" rel=\"noopener noreferrer\">Healthier Hospitals Initiative<\/a><\/li>\n<li><a href=\"https:\/\/www.gghc.org\/\" target=\"_blank\" rel=\"noopener noreferrer\">Green Guide for Health care<\/a><\/li>\n<li><a href=\"https:\/\/www.cagbc.org\/cbdca\/\" target=\"_blank\" rel=\"noopener noreferrer\">Conseil du b\u00e2timent durable du Canada<\/a><\/li>\n<li><a href=\"https:\/\/www.noharm.org\/\" target=\"_blank\" rel=\"noopener noreferrer\">Health care Without Harm<\/a><\/li>\n<li><a href=\"https:\/\/www.greenhealthcare.ca\/\" target=\"_blank\" rel=\"noopener noreferrer\">Coalition canadienne pour un syst\u00e8me de sant\u00e9 \u00e9cologique<\/a><\/li>\n<li><a href=\"https:\/\/www.energystar.gov\/\" target=\"_blank\" rel=\"noopener noreferrer\">Energy Star<\/a><\/li>\n<li>EcoLogo<\/li>\n<li>Ville d&rsquo;Ottawa \u2013 Programme de bac vert<\/li>\n<li><a href=\"https:\/\/ottawa.ca\/fr\/residents\/dechets-et-recyclage\/recyclage\" target=\"_blank\" rel=\"noopener noreferrer\">Ville d&rsquo;Ottawa \u2013 Recyclage<\/a><\/li>\n<li><a href=\"https:\/\/ottawa.ca\/fr\/residents\/dechets-et-recyclage\/dechets-menagers-speciaux-et-dangereux\/dechets-menagers-dangereux\" target=\"_blank\" rel=\"noopener noreferrer\">Ville d&rsquo;Ottawa \u2013 \u00c9limination des d\u00e9chets m\u00e9nagers dangereux<\/a><\/li>\n<li><a href=\"https:\/\/ottawa.ca\/fr\/residents\/dechets-et-recyclage\/reduction-de-dechets-et-ressources-educatives\" target=\"_blank\" rel=\"noopener noreferrer\">Ville d&rsquo;Ottawa \u2013 Conseils pour la r\u00e9duction des d\u00e9chets<\/a><\/li>\n<li><a href=\"https:\/\/myservice.ottawa.ca\/profile\/account\/login?lang=fr\" target=\"_blank\" rel=\"noopener noreferrer\">Ville d\u2019Ottawa &#8211; Eau<\/a><\/li>\n<li><a href=\"https:\/\/hydroottawa.com\/fr\" target=\"_blank\" rel=\"noopener noreferrer\">Ville d\u2019Ottawa \u2013 \u00c9lectricit\u00e9<\/a><\/li>\n<li><a href=\"https:\/\/www.octranspo1.com\/\" target=\"_blank\" rel=\"noopener noreferrer\">OC Transpo<\/a><\/li>\n<li><a href=\"https:\/\/www.davidsuzuki.org\/\" target=\"_blank\" rel=\"noopener noreferrer\">Fondation David Suzuki<\/a><\/li>\n<li><a href=\"https:\/\/myfootprint.org\/fr\/visitor_information\/\" target=\"_blank\" rel=\"noopener noreferrer\">Calculateur de l&#8217;empreinte \u00e9cologique<\/a><\/li>\n<li><a href=\"https:\/\/www.ewg.org\/skindeep\/\" target=\"_blank\" rel=\"noopener noreferrer\">Environmental Working Group- Skin Deep Cosmetics Database<\/a><\/li>\n<\/ul>\n","protected":false},"excerpt":{"rendered":"<p>Liens Web Practice Greenhealth Healthier Hospitals Initiative Green Guide for Health care Conseil du b\u00e2timent durable du Canada Health care Without Harm Coalition canadienne pour un syst\u00e8me de sant\u00e9 \u00e9cologique Energy Star EcoLogo Ville d&rsquo;Ottawa \u2013 Programme de bac vert Ville d&rsquo;Ottawa \u2013 Recyclage Ville d&rsquo;Ottawa \u2013 \u00c9limination des d\u00e9chets m\u00e9nagers dangereux Ville d&rsquo;Ottawa \u2013 [&hellip;]<\/p>\n","protected":false},"author":25,"featured_media":0,"parent":5216,"menu_order":4,"comment_status":"closed","ping_status":"closed","template":"","meta":{"_acf_changed":false,"_mc_calendar":[],"footnotes":""},"class_list":["post-5289","page","type-page","status-publish","hentry"],"acf":[],"wps_subtitle":"","_links":{"self":[{"href":"https:\/\/www.ottawahospital.on.ca\/fr\/wp-json\/wp\/v2\/pages\/5289","targetHints":{"allow":["GET"]}}],"collection":[{"href":"https:\/\/www.ottawahospital.on.ca\/fr\/wp-json\/wp\/v2\/pages"}],"about":[{"href":"https:\/\/www.ottawahospital.on.ca\/fr\/wp-json\/wp\/v2\/types\/page"}],"author":[{"embeddable":true,"href":"https:\/\/www.ottawahospital.on.ca\/fr\/wp-json\/wp\/v2\/users\/25"}],"replies":[{"embeddable":true,"href":"https:\/\/www.ottawahospital.on.ca\/fr\/wp-json\/wp\/v2\/comments?post=5289"}],"version-history":[{"count":0,"href":"https:\/\/www.ottawahospital.on.ca\/fr\/wp-json\/wp\/v2\/pages\/5289\/revisions"}],"up":[{"embeddable":true,"href":"https:\/\/www.ottawahospital.on.ca\/fr\/wp-json\/wp\/v2\/pages\/5216"}],"wp:attachment":[{"href":"https:\/\/www.ottawahospital.on.ca\/fr\/wp-json\/wp\/v2\/media?parent=5289"}],"curies":[{"name":"wp","href":"https:\/\/api.w.org\/{rel}","templated":true}]}}