{"id":5283,"date":"2016-11-08T15:59:23","date_gmt":"2016-11-08T20:59:23","guid":{"rendered":"http:\/\/52.229.122.34\/fr\/?page_id=5283"},"modified":"2016-11-16T17:56:45","modified_gmt":"2016-11-16T22:56:45","slug":"produits-de-nettoyage-ecologiques","status":"publish","type":"page","link":"https:\/\/www.ottawahospital.on.ca\/fr\/about-us\/environnement\/points-saillants-du-programme\/produits-de-nettoyage-ecologiques\/","title":{"rendered":"Produits de nettoyage \u00e9cologiques"},"content":{"rendered":"<p>Au Service d\u2019entretien m\u00e9nager de L\u2019H\u00f4pital d\u2019Ottawa, on a presque \u00e9limin\u00e9 l\u2019utilisation des produits chimiques. En fait, 99 % des produits de nettoyage sont d\u00e9sormais des produits verts certifi\u00e9s EcoLogo. On utilise \u00e9galement des nettoyeurs \u00e0 vapeur et des microfibres pour am\u00e9liorer l\u2019efficacit\u00e9 et r\u00e9duire l\u2019utilisation de produits chimiques. Le Service d\u2019entretien m\u00e9nager cherche continuellement des moyens \u00e9cologiques de garder notre h\u00f4pital propre.<\/p>\n<div class=\"row\">\n<div class=\"col-md-6\"><img decoding=\"async\" class=\"img responsive alignleft\" src=\"\/wp-content\/uploads\/2016\/11\/GreenTeamEcoLogo.jpg\" alt=\"Green Team EcoLogo\" width=\"206\" height=\"254\" \/><\/div>\n<div class=\"col-md-6\"><div style=\"width: 2586px\" class=\"wp-caption alignright\"><img decoding=\"async\" class=\"img responsive\" src=\"\/wp-content\/uploads\/2016\/11\/GreenCleaning-October122012.jpg\" alt=\"Green Cleaning\" width=\"2576\" height=\"1920\" \/><p class=\"wp-caption-text\"><br \/> <em>Robert Forget and Jason Renaud, Housekeeping,\/i&gt;<\/em><\/p><\/div><\/div>\n<\/div>\n","protected":false},"excerpt":{"rendered":"<p>Au Service d\u2019entretien m\u00e9nager de L\u2019H\u00f4pital d\u2019Ottawa, on a presque \u00e9limin\u00e9 l\u2019utilisation des produits chimiques. En fait, 99 % des produits de nettoyage sont d\u00e9sormais des produits verts certifi\u00e9s EcoLogo. On utilise \u00e9galement des nettoyeurs \u00e0 vapeur et des microfibres pour am\u00e9liorer l\u2019efficacit\u00e9 et r\u00e9duire l\u2019utilisation de produits chimiques. Le Service d\u2019entretien m\u00e9nager cherche continuellement [&hellip;]<\/p>\n","protected":false},"author":25,"featured_media":0,"parent":5253,"menu_order":4,"comment_status":"closed","ping_status":"closed","template":"","meta":{"_acf_changed":false,"_mc_calendar":[],"footnotes":""},"class_list":["post-5283","page","type-page","status-publish","hentry"],"acf":[],"wps_subtitle":"","_links":{"self":[{"href":"https:\/\/www.ottawahospital.on.ca\/fr\/wp-json\/wp\/v2\/pages\/5283","targetHints":{"allow":["GET"]}}],"collection":[{"href":"https:\/\/www.ottawahospital.on.ca\/fr\/wp-json\/wp\/v2\/pages"}],"about":[{"href":"https:\/\/www.ottawahospital.on.ca\/fr\/wp-json\/wp\/v2\/types\/page"}],"author":[{"embeddable":true,"href":"https:\/\/www.ottawahospital.on.ca\/fr\/wp-json\/wp\/v2\/users\/25"}],"replies":[{"embeddable":true,"href":"https:\/\/www.ottawahospital.on.ca\/fr\/wp-json\/wp\/v2\/comments?post=5283"}],"version-history":[{"count":0,"href":"https:\/\/www.ottawahospital.on.ca\/fr\/wp-json\/wp\/v2\/pages\/5283\/revisions"}],"up":[{"embeddable":true,"href":"https:\/\/www.ottawahospital.on.ca\/fr\/wp-json\/wp\/v2\/pages\/5253"}],"wp:attachment":[{"href":"https:\/\/www.ottawahospital.on.ca\/fr\/wp-json\/wp\/v2\/media?parent=5283"}],"curies":[{"name":"wp","href":"https:\/\/api.w.org\/{rel}","templated":true}]}}