{"id":5273,"date":"2016-11-08T15:51:38","date_gmt":"2016-11-08T20:51:38","guid":{"rendered":"http:\/\/52.229.122.34\/fr\/?page_id=5273"},"modified":"2016-11-16T17:58:55","modified_gmt":"2016-11-16T22:58:55","slug":"recyclage-et-compostage","status":"publish","type":"page","link":"https:\/\/www.ottawahospital.on.ca\/fr\/about-us\/environnement\/points-saillants-du-programme\/recyclage-et-compostage\/","title":{"rendered":"Recyclage et compostage"},"content":{"rendered":"<p>Le programme de gestion \u00e9cologique des d\u00e9chets \u00e0 L\u2019H\u00f4pital d\u2019Ottawa int\u00e8gre des mesures d\u2019avant-garde depuis 10 ans, permettant de recycler 20 % de tous les d\u00e9chets. Ce plan d\u2019action g\u00e9n\u00e8re des revenus et r\u00e9duit les co\u00fbts de fonctionnement chaque ann\u00e9e. Nous nous sommes attaqu\u00e9s \u00e0 tous les flux de d\u00e9chets et chaque ann\u00e9e, nous nous employons \u00e0 r\u00e9acheminer plus de d\u00e9chets afin de r\u00e9duire la quantit\u00e9 de d\u00e9chets qui terminent leur cycle de vie dans les lieux d&rsquo;enfouissement. Voici quelques projets que nous avons implant\u00e9s \u00e0 cette fin :<\/p>\n<ul>\n<li>Programme de recyclage complet (papier, plastique, m\u00e9tal, carton)<\/li>\n<li>Compostage dans la caf\u00e9t\u00e9ria et la cuisine du Campus Civic et dans la cuisine du Campus G\u00e9n\u00e9ral (bient\u00f4t au Campus Riverside et dans la caf\u00e9t\u00e9ria du Campus G\u00e9n\u00e9ral)<\/li>\n<li>Remplacement des produits en styromousse par des produits biod\u00e9gradables et de papier<\/li>\n<li>Recyclage dans les blocs op\u00e9ratoires (articles propres de papier et de plastique)<\/li>\n<li>D\u00e9chiquetage et recyclage des documents confidentiels<\/li>\n<li>Recyclage des lampes fluorescentes<\/li>\n<li>Recyclage de la vieille huile de cuisson<\/li>\n<li>Recyclage des appareils \u00e9lectroniques<\/li>\n<li>Programme de don des articles exc\u00e9dentaires<\/li>\n<\/ul>\n<div class=\"row\">\n<div class=\"col-md-6\"><div style=\"width: 2588px\" class=\"wp-caption alignleft\"><img decoding=\"async\" class=\"img responsive\" src=\"\/wp-content\/uploads\/2016\/11\/GreenTeamComposting-October20122.jpg\" alt=\"Green Team Composting-October 2012\" width=\"2578\" height=\"1922\" \/><p class=\"wp-caption-text\"><em>Dean Ongaro, Manager Environmental Waste Management Compostage dans la caf\u00e9t\u00e9ria du Campus Civic.<\/em><\/p><\/div><\/div>\n<div class=\"col-md-6\"><br class=\"visible-mobile\" \/><div style=\"width: 1900px\" class=\"wp-caption alignright\"><img decoding=\"async\" class=\"img responsive\" src=\"\/wp-content\/uploads\/2016\/11\/GreenTeam2011-ORRecycling4.jpg\" alt=\"Green Team 2011-ORR ecycling\" width=\"1890\" height=\"1260\" \/><p class=\"wp-caption-text\"><em>Recyclage dans les blocs op\u00e9ratoires<\/em><\/p><\/div><\/div>\n<\/div>\n<div style=\"width: 3018px\" class=\"wp-caption aligncenter\"><img decoding=\"async\" class=\"img responsive\" src=\"\/wp-content\/uploads\/2016\/11\/GreenTeam2011-SupplydonationpickupJacquesChenailNJT1.jpg\" alt=\"Green Team 2011-Supply donation pickup Jacques Chenail\" width=\"3008\" height=\"2000\" \/><p class=\"wp-caption-text\"><em>Programme de don des articles exc\u00e9dentaires, Jessica Heiss Coordonnatrice, D\u00e9veloppement durable et int\u00e9gration des installations G\u00e9nie et Op\u00e9rations avec Jacques Chenail de Not Just Tourists Ottawa<\/em><\/p><\/div>\n","protected":false},"excerpt":{"rendered":"<p>Le programme de gestion \u00e9cologique des d\u00e9chets \u00e0 L\u2019H\u00f4pital d\u2019Ottawa int\u00e8gre des mesures d\u2019avant-garde depuis 10 ans, permettant de recycler 20 % de tous les d\u00e9chets. Ce plan d\u2019action g\u00e9n\u00e8re des revenus et r\u00e9duit les co\u00fbts de fonctionnement chaque ann\u00e9e. Nous nous sommes attaqu\u00e9s \u00e0 tous les flux de d\u00e9chets et chaque ann\u00e9e, nous nous [&hellip;]<\/p>\n","protected":false},"author":25,"featured_media":0,"parent":5253,"menu_order":3,"comment_status":"closed","ping_status":"closed","template":"","meta":{"_acf_changed":false,"_mc_calendar":[],"footnotes":""},"class_list":["post-5273","page","type-page","status-publish","hentry"],"acf":[],"wps_subtitle":"","_links":{"self":[{"href":"https:\/\/www.ottawahospital.on.ca\/fr\/wp-json\/wp\/v2\/pages\/5273","targetHints":{"allow":["GET"]}}],"collection":[{"href":"https:\/\/www.ottawahospital.on.ca\/fr\/wp-json\/wp\/v2\/pages"}],"about":[{"href":"https:\/\/www.ottawahospital.on.ca\/fr\/wp-json\/wp\/v2\/types\/page"}],"author":[{"embeddable":true,"href":"https:\/\/www.ottawahospital.on.ca\/fr\/wp-json\/wp\/v2\/users\/25"}],"replies":[{"embeddable":true,"href":"https:\/\/www.ottawahospital.on.ca\/fr\/wp-json\/wp\/v2\/comments?post=5273"}],"version-history":[{"count":0,"href":"https:\/\/www.ottawahospital.on.ca\/fr\/wp-json\/wp\/v2\/pages\/5273\/revisions"}],"up":[{"embeddable":true,"href":"https:\/\/www.ottawahospital.on.ca\/fr\/wp-json\/wp\/v2\/pages\/5253"}],"wp:attachment":[{"href":"https:\/\/www.ottawahospital.on.ca\/fr\/wp-json\/wp\/v2\/media?parent=5273"}],"curies":[{"name":"wp","href":"https:\/\/api.w.org\/{rel}","templated":true}]}}