{"id":5258,"date":"2016-11-08T15:36:09","date_gmt":"2016-11-08T20:36:09","guid":{"rendered":"http:\/\/52.229.122.34\/fr\/?page_id=5258"},"modified":"2016-11-08T15:36:09","modified_gmt":"2016-11-08T20:36:09","slug":"reduction-de-la-consommation-deau","status":"publish","type":"page","link":"https:\/\/www.ottawahospital.on.ca\/fr\/about-us\/environnement\/points-saillants-du-programme\/reduction-de-la-consommation-deau\/","title":{"rendered":"R\u00e9duction de la consommation d\u2019eau"},"content":{"rendered":"<p>Depuis 2003, nous avons r\u00e9alis\u00e9 15 projets de r\u00e9duction de la consommation d\u2019eau dans les trois campus, permettant d\u2019\u00e9conomiser en tout plus de 234 000 ;m\u00b3 d\u2019eau par ann\u00e9e et plus de 3 millions de dollars depuis 2003.<\/p>\n<p>Le graphique ci-dessous montre la r\u00e9duction de la consommation d\u2019eau \u00e0 L\u2019H\u00f4pital d\u2019Ottawa entre 2003 et 2011 par la mise en \u0153uvre de diff\u00e9rentes mesures de r\u00e9duction de la consommation d\u2019eau.<\/p>\n<p><img decoding=\"async\" class=\"img-responsive aligncenter\" src=\"\/wp-content\/uploads\/2016\/11\/GreenTeamWaterChartFrench.jpg\" alt=\"Green Team Water Chart\" width=\"896\" height=\"527\" \/><\/p>\n","protected":false},"excerpt":{"rendered":"<p>Depuis 2003, nous avons r\u00e9alis\u00e9 15 projets de r\u00e9duction de la consommation d\u2019eau dans les trois campus, permettant d\u2019\u00e9conomiser en tout plus de 234 000 ;m\u00b3 d\u2019eau par ann\u00e9e et plus de 3 millions de dollars depuis 2003. Le graphique ci-dessous montre la r\u00e9duction de la consommation d\u2019eau \u00e0 L\u2019H\u00f4pital d\u2019Ottawa entre 2003 et 2011 [&hellip;]<\/p>\n","protected":false},"author":25,"featured_media":0,"parent":5253,"menu_order":2,"comment_status":"closed","ping_status":"closed","template":"","meta":{"_acf_changed":false,"_mc_calendar":[],"footnotes":""},"class_list":["post-5258","page","type-page","status-publish","hentry"],"acf":[],"wps_subtitle":"","_links":{"self":[{"href":"https:\/\/www.ottawahospital.on.ca\/fr\/wp-json\/wp\/v2\/pages\/5258","targetHints":{"allow":["GET"]}}],"collection":[{"href":"https:\/\/www.ottawahospital.on.ca\/fr\/wp-json\/wp\/v2\/pages"}],"about":[{"href":"https:\/\/www.ottawahospital.on.ca\/fr\/wp-json\/wp\/v2\/types\/page"}],"author":[{"embeddable":true,"href":"https:\/\/www.ottawahospital.on.ca\/fr\/wp-json\/wp\/v2\/users\/25"}],"replies":[{"embeddable":true,"href":"https:\/\/www.ottawahospital.on.ca\/fr\/wp-json\/wp\/v2\/comments?post=5258"}],"version-history":[{"count":0,"href":"https:\/\/www.ottawahospital.on.ca\/fr\/wp-json\/wp\/v2\/pages\/5258\/revisions"}],"up":[{"embeddable":true,"href":"https:\/\/www.ottawahospital.on.ca\/fr\/wp-json\/wp\/v2\/pages\/5253"}],"wp:attachment":[{"href":"https:\/\/www.ottawahospital.on.ca\/fr\/wp-json\/wp\/v2\/media?parent=5258"}],"curies":[{"name":"wp","href":"https:\/\/api.w.org\/{rel}","templated":true}]}}