{"id":5246,"date":"2016-11-08T15:28:31","date_gmt":"2016-11-08T20:28:31","guid":{"rendered":"http:\/\/52.229.122.34\/fr\/?page_id=5246"},"modified":"2020-01-27T11:20:35","modified_gmt":"2020-01-27T16:20:35","slug":"prix-dexcellence-en-environnement","status":"publish","type":"page","link":"https:\/\/www.ottawahospital.on.ca\/fr\/about-us\/environnement\/prix-dexcellence-en-environnement\/","title":{"rendered":"Prix d\u2019excellence en environnement"},"content":{"rendered":"<p>\u00c0 L\u2019H\u00f4pital d\u2019Ottawa, nous croyons qu\u2019il existe un lien entre la sant\u00e9 des patients et du personnel et la sant\u00e9 de l\u2019environnement. Et nous avons la responsabilit\u00e9 de faire preuve de leadership \u00e0 ce chapitre. Les prix internationaux suivants confirment le r\u00f4le de chef de file en soins de sant\u00e9 durables que joue l\u2019H\u00f4pital :<\/p>\n<p>2005 \u2013 \u00c9conomie d\u2019\u00e9nergie \u2013 HealthAchieve<br \/>\n2010 \u2013 Projet de l\u2019ann\u00e9e \u2013 Association of Energy Engineers<br \/>\n2010 \u2013 Partner for Change \u2013 Practice Greenhealth<br \/>\n2010 \u2013 Leadership global \u2013 HealthAchieve<br \/>\n2011 \u2013 Partner for Change \u2013 Practice Greenhealth<br \/>\n2012 \u2013 Prix pour la g\u00e9rance de l\u2019\u00e9nergie et de l\u2019environnement \u2013 Coll\u00e8ge canadien des leaders en sant\u00e9<br \/>\n2012 \u2013 Partner for Change \u2013 Practice Greenhealth x 3 campus (dont un avec distinction)<br \/>\n2012 \u2013 Water Conservation and Protection Award \u2013 HealthAchieve<\/p>\n<div class=\"row\">\n<div class=\"col-md-6\">\n<div style=\"width: 360px\" class=\"wp-caption alignleft\"><img decoding=\"async\" class=\"img-responsive\" src=\"\/wp-content\/uploads\/2016\/11\/2012-CCHLEnergyGreenTeam.jpg\" alt=\"2012-CCHL Energy Green Team\" width=\"350\" height=\"233\"><p class=\"wp-caption-text\"><em>Le Coll\u00e8ge canadien des leaders en sant\u00e9 nous a d\u00e9cern\u00e9 un prix pour la g\u00e9rance de l\u2019\u00e9nergie et de l\u2019environnement depuis le d\u00e9but de notre programme en 1991. (Cameron Love, premier vice-pr\u00e9sident, Op\u00e9rations et Programmes cliniques)<\/em><\/p><\/div>\n<\/div>\n<\/div>\n","protected":false},"excerpt":{"rendered":"<p>\u00c0 L\u2019H\u00f4pital d\u2019Ottawa, nous croyons qu\u2019il existe un lien entre la sant\u00e9 des patients et du personnel et la sant\u00e9 de l\u2019environnement. Et nous avons la responsabilit\u00e9 de faire preuve de leadership \u00e0 ce chapitre. Les prix internationaux suivants confirment le r\u00f4le de chef de file en soins de sant\u00e9 durables que joue l\u2019H\u00f4pital : [&hellip;]<\/p>\n","protected":false},"author":25,"featured_media":0,"parent":5216,"menu_order":2,"comment_status":"closed","ping_status":"closed","template":"","meta":{"_acf_changed":false,"_mc_calendar":[],"footnotes":""},"class_list":["post-5246","page","type-page","status-publish","hentry"],"acf":[],"wps_subtitle":"","_links":{"self":[{"href":"https:\/\/www.ottawahospital.on.ca\/fr\/wp-json\/wp\/v2\/pages\/5246","targetHints":{"allow":["GET"]}}],"collection":[{"href":"https:\/\/www.ottawahospital.on.ca\/fr\/wp-json\/wp\/v2\/pages"}],"about":[{"href":"https:\/\/www.ottawahospital.on.ca\/fr\/wp-json\/wp\/v2\/types\/page"}],"author":[{"embeddable":true,"href":"https:\/\/www.ottawahospital.on.ca\/fr\/wp-json\/wp\/v2\/users\/25"}],"replies":[{"embeddable":true,"href":"https:\/\/www.ottawahospital.on.ca\/fr\/wp-json\/wp\/v2\/comments?post=5246"}],"version-history":[{"count":0,"href":"https:\/\/www.ottawahospital.on.ca\/fr\/wp-json\/wp\/v2\/pages\/5246\/revisions"}],"up":[{"embeddable":true,"href":"https:\/\/www.ottawahospital.on.ca\/fr\/wp-json\/wp\/v2\/pages\/5216"}],"wp:attachment":[{"href":"https:\/\/www.ottawahospital.on.ca\/fr\/wp-json\/wp\/v2\/media?parent=5246"}],"curies":[{"name":"wp","href":"https:\/\/api.w.org\/{rel}","templated":true}]}}