{"id":5185,"date":"2016-11-08T14:50:11","date_gmt":"2016-11-08T19:50:11","guid":{"rendered":"http:\/\/52.229.122.34\/fr\/?page_id=5185"},"modified":"2022-02-11T09:50:27","modified_gmt":"2022-02-11T14:50:27","slug":"nous-joindre","status":"publish","type":"page","link":"https:\/\/www.ottawahospital.on.ca\/fr\/patients-et-visiteurs\/soutien-et-suivi\/soins-spirituels\/nous-joindre\/","title":{"rendered":"Pour nous joindre"},"content":{"rendered":"<p>Pour demander nos services, parlez-en \u00e0 votre m\u00e9decin, infirmi\u00e8re ou autre professionnel de la sant\u00e9 ou appelez-nous.<\/p>\n<div class=\"table-responsive\">\n<table class=\"table\">\n<tbody>\n<tr>\n<td><strong>Campus G\u00e9n\u00e9ral<\/strong><br \/>\n501, chemin Smyth<br \/>\nOttawa ON\u00a0 K1H 8L6<br \/>\nT\u00e9l : 613 798-8899, poste 78126<br \/>\nT\u00e9l\u00e9copieur : 613 737-8031\u200b<\/p>\n<p><strong>Heures <\/strong><strong>de bureau<\/strong><\/p>\n<p>Lundi \u2013 vendredi<br \/>\n8\u00a0h \u2013 16\u00a0h<\/td>\n<td><strong>Campus Civic<\/strong><br \/>\n1053, avenue Carling<br \/>\nOttawa ON\u00a0 K1Y 4E9<br \/>\nT\u00e9l\u00a0: 613 798-5555, poste\u00a014587<br \/>\nT\u00e9l\u00e9copieur\u00a0: 613 761-4711\u200b<\/p>\n<p><strong>Heures <\/strong><strong>de bureau<\/strong><\/p>\n<p>Lundi \u2013 vendredi<br \/>\n8\u00a0h \u2013 16\u00a0h<\/td>\n<\/tr>\n<\/tbody>\n<\/table>\n<\/div>\n<ul>\n<li>Des intervenants en soins spirituels sont disponibles du lundi au vendredi, durant les heures de bureau.<\/li>\n<li><strong>Un pr\u00eatre catholique est disponible 7 jours sur 7, de 8 h \u00e0 minuit.<\/strong><\/li>\n<li>Urgence de garde : En cas d\u2019urgence apr\u00e8s les heures de bureau, communiquez avec le poste de soins infirmiers et demandez au personnel d\u2019appeler le service de rep\u00e9rage pour obtenir les services d\u2019un pr\u00eatre catholique.<\/li>\n<\/ul>\n","protected":false},"excerpt":{"rendered":"<p>Pour demander nos services, parlez-en \u00e0 votre m\u00e9decin, infirmi\u00e8re ou autre professionnel de la sant\u00e9 ou appelez-nous. Campus G\u00e9n\u00e9ral 501, chemin Smyth Ottawa ON\u00a0 K1H 8L6 T\u00e9l : 613 798-8899, poste 78126 T\u00e9l\u00e9copieur : 613 737-8031\u200b Heures de bureau Lundi \u2013 vendredi 8\u00a0h \u2013 16\u00a0h Campus Civic 1053, avenue Carling Ottawa ON\u00a0 K1Y 4E9 T\u00e9l\u00a0: [&hellip;]<\/p>\n","protected":false},"author":25,"featured_media":0,"parent":5029,"menu_order":8,"comment_status":"closed","ping_status":"closed","template":"","meta":{"_acf_changed":false,"_mc_calendar":[],"footnotes":""},"class_list":["post-5185","page","type-page","status-publish","hentry"],"acf":[],"wps_subtitle":"","_links":{"self":[{"href":"https:\/\/www.ottawahospital.on.ca\/fr\/wp-json\/wp\/v2\/pages\/5185","targetHints":{"allow":["GET"]}}],"collection":[{"href":"https:\/\/www.ottawahospital.on.ca\/fr\/wp-json\/wp\/v2\/pages"}],"about":[{"href":"https:\/\/www.ottawahospital.on.ca\/fr\/wp-json\/wp\/v2\/types\/page"}],"author":[{"embeddable":true,"href":"https:\/\/www.ottawahospital.on.ca\/fr\/wp-json\/wp\/v2\/users\/25"}],"replies":[{"embeddable":true,"href":"https:\/\/www.ottawahospital.on.ca\/fr\/wp-json\/wp\/v2\/comments?post=5185"}],"version-history":[{"count":0,"href":"https:\/\/www.ottawahospital.on.ca\/fr\/wp-json\/wp\/v2\/pages\/5185\/revisions"}],"up":[{"embeddable":true,"href":"https:\/\/www.ottawahospital.on.ca\/fr\/wp-json\/wp\/v2\/pages\/5029"}],"wp:attachment":[{"href":"https:\/\/www.ottawahospital.on.ca\/fr\/wp-json\/wp\/v2\/media?parent=5185"}],"curies":[{"name":"wp","href":"https:\/\/api.w.org\/{rel}","templated":true}]}}