{"id":51347,"date":"2020-01-27T10:12:32","date_gmt":"2020-01-27T15:12:32","guid":{"rendered":"https:\/\/www.ottawahospital.on.ca\/?page_id=51347"},"modified":"2021-04-20T12:23:00","modified_gmt":"2021-04-20T16:23:00","slug":"dr-richard-aviv","status":"publish","type":"page","link":"https:\/\/www.ottawahospital.on.ca\/fr\/about-us\/notre-equipe-de-direction\/equipe-de-la-haute-direction\/dr-richard-aviv\/","title":{"rendered":"Dr Richard Aviv"},"content":{"rendered":"<div class=\"wp-caption alignleft\" style=\"width: 145px;\"><img decoding=\"async\" class=\"img responsive\" src=\"https:\/\/www.ottawahospital.on.ca\/wp-content\/uploads\/2020\/01\/Aziz-Aviv.jpg\" alt=\"Richard Aviv\" width=\"135\" height=\"169\" \/><\/p>\n<p class=\"wp-caption-text\"><strong>D<sup>r <\/sup>Richard Aviv, MBChB, MRCP, FRCR (Royaume-Uni), FRCPC, DABR<\/strong><br \/>\nChef, D\u00e9partement d\u2019imagerie m\u00e9dicale<\/p>\n<p class=\"wp-caption-text\"><strong>Renseignements<\/strong><br \/>\n613-737-8899 poste 78571<br \/>\n<a href=\"mailto: Richard.Aviv@toh.ca\">Richard.Aviv@toh.ca<\/a><\/p>\n<\/div>\n<p>La recherche du Dr Aviv est ax\u00e9e sur l&rsquo;h\u00e9morragie intracr\u00e2nienne (HIC) et les AVC isch\u00e9miques, ouvrant la voie \u00e0 l\u2019\u00e9largissement de la port\u00e9e de l\u2019\u00e9tude sur l\u2019HIC et les marqueurs pr\u00e9dictifs. Sa participation \u00e0 plusieurs \u00e9tudes, y compris la mise \u00e0 profit de son expertise en mati\u00e8re de conception, d\u2019imagerie et d\u2019analyse de donn\u00e9es, a men\u00e9 au d\u00e9veloppement de m\u00e9thodes d&rsquo;imagerie et de programmes \u00e9ducatifs visant \u00e0 d\u00e9tecter, caract\u00e9riser et pr\u00e9dire l&rsquo;h\u00e9morragie ainsi qu&rsquo;\u00e0 l&rsquo;optimisation de l&rsquo;imagerie des HIC. Il travaille actuellement sur de nouvelles interventions m\u00e9dicales et th\u00e9rapeutiques pour l\u2019HIC. Les int\u00e9r\u00eats du Dr Aviv dans les accidents vasculaires c\u00e9r\u00e9braux isch\u00e9miques sont ax\u00e9s sur l&rsquo;application de la perfusion par TDM pour la s\u00e9lection des patients et la pr\u00e9diction des r\u00e9sultats. Plusieurs prix lui ont \u00e9t\u00e9 d\u00e9cern\u00e9s pour son impact en enseignement, soins aux patients et recherche.<\/p>\n<p>Apr\u00e8s avoir obtenu son dipl\u00f4me en m\u00e9decine \u00e0 l&rsquo;Universit\u00e9 de Cape Town (Afrique du Sud), Dr Aviv a obtenu les titres MRCP (M\u00e9decine) du Royal College of Physicians (Royaume-Uni), FRCR (Radiologie) du Royal College of Radiologists (Royaume-Uni), FRCPC (Radiologie) du Coll\u00e8ge royal des m\u00e9decins et chirurgiens du Canada et DABR (Radiologie) du American Board of Radiology (\u00c9tats-Unis). Le Dr Aviv a termin\u00e9 sa formation de boursier en neuroradiologie diagnostique et interventionnelle au Radcliffe Infirmary (Oxford, Royaume-Uni) et \u00e0 l&rsquo;Universit\u00e9 de Toronto.<\/p>\n","protected":false},"excerpt":{"rendered":"<p>Dr Richard Aviv, MBChB, MRCP, FRCR (Royaume-Uni), FRCPC, DABR Chef, D\u00e9partement d\u2019imagerie m\u00e9dicale Renseignements 613-737-8899 poste 78571 Richard.Aviv@toh.ca La recherche du Dr Aviv est ax\u00e9e sur l&rsquo;h\u00e9morragie intracr\u00e2nienne (HIC) et les AVC isch\u00e9miques, ouvrant la voie \u00e0 l\u2019\u00e9largissement de la port\u00e9e de l\u2019\u00e9tude sur l\u2019HIC et les marqueurs pr\u00e9dictifs. Sa participation \u00e0 plusieurs \u00e9tudes, y [&hellip;]<\/p>\n","protected":false},"author":25,"featured_media":0,"parent":4550,"menu_order":0,"comment_status":"closed","ping_status":"closed","template":"","meta":{"_acf_changed":false,"_mc_calendar":[],"footnotes":""},"class_list":["post-51347","page","type-page","status-publish","hentry"],"acf":[],"wps_subtitle":"","_links":{"self":[{"href":"https:\/\/www.ottawahospital.on.ca\/fr\/wp-json\/wp\/v2\/pages\/51347","targetHints":{"allow":["GET"]}}],"collection":[{"href":"https:\/\/www.ottawahospital.on.ca\/fr\/wp-json\/wp\/v2\/pages"}],"about":[{"href":"https:\/\/www.ottawahospital.on.ca\/fr\/wp-json\/wp\/v2\/types\/page"}],"author":[{"embeddable":true,"href":"https:\/\/www.ottawahospital.on.ca\/fr\/wp-json\/wp\/v2\/users\/25"}],"replies":[{"embeddable":true,"href":"https:\/\/www.ottawahospital.on.ca\/fr\/wp-json\/wp\/v2\/comments?post=51347"}],"version-history":[{"count":0,"href":"https:\/\/www.ottawahospital.on.ca\/fr\/wp-json\/wp\/v2\/pages\/51347\/revisions"}],"up":[{"embeddable":true,"href":"https:\/\/www.ottawahospital.on.ca\/fr\/wp-json\/wp\/v2\/pages\/4550"}],"wp:attachment":[{"href":"https:\/\/www.ottawahospital.on.ca\/fr\/wp-json\/wp\/v2\/media?parent=51347"}],"curies":[{"name":"wp","href":"https:\/\/api.w.org\/{rel}","templated":true}]}}