{"id":51112,"date":"2019-12-20T12:30:44","date_gmt":"2019-12-20T17:30:44","guid":{"rendered":"https:\/\/www.ottawahospital.on.ca\/?page_id=51112"},"modified":"2026-04-20T16:23:51","modified_gmt":"2026-04-20T20:23:51","slug":"logements-a-court-terme","status":"publish","type":"page","link":"https:\/\/www.ottawahospital.on.ca\/fr\/patients-et-visiteurs\/sejour-a-lhopital\/logement-externe\/corporation-de-la-residence\/logements-a-court-terme\/","title":{"rendered":"Logements \u00e0 court terme"},"content":{"rendered":"\n<h2 class=\"wp-block-heading\">H\u00e9bergement \u00e0 court terme \u2013 Renseignements1<sup>er<\/sup> Janvier 2026<\/h2>\n\n\n\n<p>La Residence Corporation est situ\u00e9e au 751, avenue Parkdale, \u00e0 l\u2019angle des avenues Parkdale et Carling, sur le campus Civic de L\u2019H\u00f4pital d\u2019Ottawa. Nous offrons une s\u00e9lection de suites d\u2019h\u00e9bergement \u00e0 court terme con\u00e7ues pour les patients venant de l\u2019ext\u00e9rieur, les familles, le personnel hospitalier, les chercheurs et les fournisseurs.<\/p>\n\n\n\n<p>Chaque suite comprend une salle de bain priv\u00e9e, la t\u00e9l\u00e9vision par c\u00e2ble, l\u2019acc\u00e8s \u00e0 Internet, un t\u00e9l\u00e9phone avec une extension de l\u2019h\u00f4pital, la literie, les serviettes et une cuisine compl\u00e8te \u00e9quip\u00e9e de vaisselle et de coutellerie.<\/p>\n\n\n\n<p>Types de suites : <\/p>\n\n\n\n<ul class=\"wp-block-list\">\n<li>Studios : Salle de bain priv\u00e9e, aire de s\u00e9jour, petit r\u00e9frig\u00e9rateur et micro-ondes.<\/li>\n\n\n\n<li>Suites \u00e0 une chambre : Cuisine compl\u00e8te, aire de s\u00e9jour et salle de bain priv\u00e9e.<\/li>\n\n\n\n<li>Suites \u00e0 deux chambres : Cuisine compl\u00e8te, aire de s\u00e9jour et salle de bain priv\u00e9e.<\/li>\n\n\n\n<li>Suites \u00e0 trois chambres : Cuisine compl\u00e8te, aire de s\u00e9jour et salle de bain priv\u00e9e.<\/li>\n\n\n\n<li>Suites \u00e0 quatre chambres : Cuisine compl\u00e8te, aire de s\u00e9jour et salle de bain priv\u00e9e.<\/li>\n<\/ul>\n\n\n\n<p><strong>Limites d\u2019occupation<\/strong> : Chaque suite poss\u00e8de un nombre maximal d\u2019occupants autoris\u00e9s par nuit, selon sa capacit\u00e9.<\/p>\n\n\n\n<p class=\"has-text-align-center\"><strong>Tarifs Quotidiens et Mensuels<\/strong><\/p>\n\n\n\n<figure class=\"wp-block-table is-style-stripes\"><table class=\"has-fixed-layout\"><thead><tr><th>Type de chambre<\/th><th>Tarif quotidien\u00a0<\/th><th>Occupation<\/th><th>HST 13%\u00a0<\/th><th>Total quotidien\u00a0<\/th><th>*Total mensuel<\/th><\/tr><\/thead><tbody><tr><td>Studio (Salle Debain)<\/td><td>101,21 $<\/td><td>2<\/td><td>13,16 $<\/td><td>114,37 $<\/td><td>Sans objet<\/td><\/tr><tr><td>1 Chambre<\/td><td>111,27 $<\/td><td>2<\/td><td>14,53 $<\/td><td>126,30 $<\/td><td>2 514,80 $<\/td><\/tr><tr><td>2 Chambres<\/td><td>154,86 $<\/td><td>4<\/td><td>20,13 $<\/td><td>174,99 $<\/td><td>3 484,41 $<\/td><\/tr><tr><td>3 Chambres<\/td><td>169,81 $<\/td><td>6<\/td><td>22,08 $<\/td><td>191,80 $<\/td><td>3 820,77 $<\/td><\/tr><tr><td>4 Chambres<\/td><td>193,87 $<\/td><td>8<\/td><td>25,20 $<\/td><td>219,07 $<\/td><td>4 362,12 $<\/td><\/tr><\/tbody><\/table><\/figure>\n\n\n\n<p>*Les tarifs mensuels sont bas\u00e9s sur une r\u00e9servation de 30 jours<\/p>\n\n\n\n<h3 class=\"wp-block-heading\">Politique pour les s\u00e9jours mensuels<\/h3>\n\n\n\n<p>Les tarifs mensuels s\u2019appliquent uniquement aux invit\u00e9s s\u00e9journant 30 jours cons\u00e9cutifs, sans taxes. Les s\u00e9jours mensuels doivent \u00eatre r\u00e9serv\u00e9s et pay\u00e9s \u00e0 l\u2019avance pour toute la p\u00e9riode de 30 jours. Pour les s\u00e9jours d\u00e9passant 30 jours mais inf\u00e9rieurs \u00e0 60 jours, la TVH sera appliqu\u00e9e \u00e0 toutes les nuits additionnelles apr\u00e8s les 30 premiers jours. Des frais suppl\u00e9mentaires peuvent \u00eatre factur\u00e9s pour le nettoyage additionnel, les cl\u00e9s perdues ou les fobs de stationnement perdus.<\/p>\n\n\n\n<h3 class=\"wp-block-heading\">Stationnement<\/h3>\n\n\n\n<p>Un stationnement est disponible sur place pour tous les invit\u00e9s. Le tarif quotidien est de 16,00 $ par jour, et le stationnement mensuel est offert \u00e0 150,00 $ par p\u00e9riode de 30 jours. Les invit\u00e9s peuvent demander un espace de stationnement lors de la r\u00e9servation ou \u00e0 l\u2019arriv\u00e9e, et un fob de stationnement sera fourni au besoin.<\/p>\n\n\n\n<p>Veuillez noter que des frais suppl\u00e9mentaires seront appliqu\u00e9s pour tout fob perdu ou non retourn\u00e9. Le stationnement est offert selon la disponibilit\u00e9.<\/p>\n\n\n\n<h3 class=\"wp-block-heading\">Modes de paiement<\/h3>\n\n\n\n<p>Les paiements peuvent \u00eatre effectu\u00e9s par Mastercard, Visa, Interac et en argent comptant (au bureau seulement).<\/p>\n\n\n\n<p>Heures de bureau: Du lundi au vendredi, de 8 h \u00e0 16 h (\u00e0 l\u2019exception des jours f\u00e9ri\u00e9s)<\/p>\n\n\n\n<p><strong>Notes importantes concernant les paiements<\/strong> : <\/p>\n\n\n\n<ul class=\"wp-block-list\">\n<li>Le paiement est exig\u00e9 \u00e0 l\u2019arriv\u00e9e pour les s\u00e9jours quotidiens et mensuels.<\/li>\n\n\n\n<li>Les invit\u00e9s au tarif quotidien ne seront pas factur\u00e9s pour les nuits r\u00e9serv\u00e9es mais non utilis\u00e9es.<\/li>\n\n\n\n<li>Pour une r\u00e9servation de plus de 30 jours mais moins de 60 jours : les 30 premiers jours seront factur\u00e9s au tarif mensuel (sans TVH). Toute nuit suppl\u00e9mentaire au-del\u00e0 de 30 jours sera factur\u00e9e au tarif quotidien, plus la TVH de 13 %.<\/li>\n\n\n\n<li>Tous les frais impay\u00e9s seront port\u00e9s \u00e0 la carte de cr\u00e9dit au dossier lors du d\u00e9part.<\/li>\n<\/ul>\n\n\n\n<h3 class=\"wp-block-heading\">R\u00e9servations<\/h3>\n\n\n\n<p>Pour r\u00e9server une suite, une carte de cr\u00e9dit valide est requise pour garantir la r\u00e9servation. Contact :<\/p>\n\n\n\n<ul class=\"wp-block-list\">\n<li>T\u00e9l\u00e9phone : 613-761-5434 ou Sans frais : 855-366-3082<\/li>\n\n\n\n<li>Courriel : <a href=\"mailto:booking@rescorp.ca\">booking@rescorp.ca<\/a><\/li>\n\n\n\n<li>En dehors des heures d\u2019ouverture (apr\u00e8s 16 h ou les fins de semaine\/jours f\u00e9ri\u00e9s) : 613-513-5619<\/li>\n<\/ul>\n\n\n\n<h3 class=\"wp-block-heading\">Instructions d\u2019arriv\u00e9e et de d\u00e9part<\/h3>\n\n\n\n<p><strong>Arriv\u00e9e : 12 h (midi)<\/strong><\/p>\n\n\n\n<p><strong>Adresse : 751, avenue Parkdale, Ottawa (ON)<\/strong><\/p>\n\n\n\n<ul class=\"wp-block-list\">\n<li>Entrez par les portes principales du hall donnant sur l\u2019avenue Parkdale et suivez les instructions au kiosque.<\/li>\n\n\n\n<li>Arriv\u00e9e en v\u00e9hicule: Approchez-vous de la barri\u00e8re de stationnement, appuyez sur le bouton d\u2019appel \u00e0 l\u2019interphone et suivez les instructions fournies.<\/li>\n<\/ul>\n\n\n\n<p><strong>D\u00e9part : 11 h<\/strong><\/p>\n\n\n\n<ul class=\"wp-block-list\">\n<li>Un d\u00e9part tardif peut \u00eatre offert sur demande et peut entra\u00eener des frais suppl\u00e9mentaires.<\/li>\n\n\n\n<li>Les invit\u00e9s souhaitant prolonger leur s\u00e9jour doivent confirmer la disponibilit\u00e9 et effectuer le paiement avant 11 h.<\/li>\n\n\n\n<li>Tous les frais doivent \u00eatre r\u00e9gl\u00e9s en totalit\u00e9 au moment du d\u00e9part.<\/li>\n\n\n\n<li>Return keys to the front office. After hours, please use the key drop box located in the lobby next to Retournez les cl\u00e9s au bureau d\u2019accueil. En dehors des heures d\u2019ouverture, utilisez la bo\u00eete de d\u00e9p\u00f4t situ\u00e9e dans le hall, pr\u00e8s des portes principales.<\/li>\n<\/ul>\n\n\n\n<h3 class=\"wp-block-heading\">Informations suppl\u00e9mentaires<\/h3>\n\n\n\n<ul class=\"wp-block-list\">\n<li><strong>R\u00e9servations<\/strong> : Si vous n\u2019arrivez pas \u00e0 la date pr\u00e9vue et ne nous avez pas avis\u00e9s d\u2019une annulation ou d\u2019un retard, votre r\u00e9servation sera automatiquement annul\u00e9e et des frais pourraient s\u2019appliquer.<\/li>\n\n\n\n<li><strong>Interdiction de fumer \/ Pas d\u2019animaux<\/strong> : Il est interdit de fumer, vapoter ou consommer du cannabis dans les suites. Les animaux de compagnie ne sont pas permis; toutefois, les animaux d\u2019assistance sont accept\u00e9s avec la documentation appropri\u00e9e. Des frais de nettoyage de 500 $ seront factur\u00e9s en cas de non-respect de ces r\u00e8gles.<\/li>\n\n\n\n<li><strong>Facturation \u00e0 un tiers<\/strong> :\n<ul class=\"wp-block-list\">\n<li>Doit \u00eatre pr\u00e9approuv\u00e9e par \u00e9crit au moyen de notre formulaire d\u2019autorisation par une entreprise ou agence reconnue.<\/li>\n\n\n\n<li>Sans approbation pr\u00e9alable, les invit\u00e9s doivent payer les 7 premiers jours de leur s\u00e9jour \u00e0 l\u2019arriv\u00e9e.<\/li>\n\n\n\n<li>Toutes les charges, y compris les frais suppl\u00e9mentaires encourus pendant le s\u00e9jour, demeurent la responsabilit\u00e9 de l\u2019invit\u00e9.<\/li>\n<\/ul>\n<\/li>\n\n\n\n<li><strong>Entretien m\u00e9nager<\/strong> : Un service d\u2019entretien m\u00e9nager hebdomadaire est fourni. Le calendrier de nettoyage est affich\u00e9 au verso de la porte de votre suite.<\/li>\n<\/ul>\n\n\n\n<p><strong>*Tous les tarifs quotidiens, mensuels et de stationnement sont sujets \u00e0 changement sans pr\u00e9avis.<\/strong><\/p>\n\n\n\n<div class=\"card\">\n<h2 class=\"card-header h2-mock\">Nous joindre<\/h2>\n<div class=\"card-body\">\n<p>Num\u00e9ro sans frais: 855-366-3082<br>T\u00e9l\u00e9phone: 613-761-5434<br>T\u00e9l\u00e9copieur: 613-729-9210<br>Courriel: <a href=\"mailto:Booking@rescorp.ca\">Booking@rescorp.ca<\/a><\/p>\n<\/div>\n<\/div>\n","protected":false},"excerpt":{"rendered":"<p>H\u00e9bergement \u00e0 court terme \u2013 Renseignements1er Janvier 2026 La Residence Corporation est situ\u00e9e au 751, avenue Parkdale, \u00e0 l\u2019angle des avenues Parkdale et Carling, sur le campus Civic de L\u2019H\u00f4pital d\u2019Ottawa. Nous offrons une s\u00e9lection de suites d\u2019h\u00e9bergement \u00e0 court terme con\u00e7ues pour les patients venant de l\u2019ext\u00e9rieur, les familles, le personnel hospitalier, les chercheurs [&hellip;]<\/p>\n","protected":false},"author":25,"featured_media":0,"parent":4917,"menu_order":0,"comment_status":"closed","ping_status":"closed","template":"","meta":{"_acf_changed":false,"_mc_calendar":[],"footnotes":""},"class_list":["post-51112","page","type-page","status-publish","hentry"],"acf":[],"wps_subtitle":"","_links":{"self":[{"href":"https:\/\/www.ottawahospital.on.ca\/fr\/wp-json\/wp\/v2\/pages\/51112","targetHints":{"allow":["GET"]}}],"collection":[{"href":"https:\/\/www.ottawahospital.on.ca\/fr\/wp-json\/wp\/v2\/pages"}],"about":[{"href":"https:\/\/www.ottawahospital.on.ca\/fr\/wp-json\/wp\/v2\/types\/page"}],"author":[{"embeddable":true,"href":"https:\/\/www.ottawahospital.on.ca\/fr\/wp-json\/wp\/v2\/users\/25"}],"replies":[{"embeddable":true,"href":"https:\/\/www.ottawahospital.on.ca\/fr\/wp-json\/wp\/v2\/comments?post=51112"}],"version-history":[{"count":1,"href":"https:\/\/www.ottawahospital.on.ca\/fr\/wp-json\/wp\/v2\/pages\/51112\/revisions"}],"predecessor-version":[{"id":278468,"href":"https:\/\/www.ottawahospital.on.ca\/fr\/wp-json\/wp\/v2\/pages\/51112\/revisions\/278468"}],"up":[{"embeddable":true,"href":"https:\/\/www.ottawahospital.on.ca\/fr\/wp-json\/wp\/v2\/pages\/4917"}],"wp:attachment":[{"href":"https:\/\/www.ottawahospital.on.ca\/fr\/wp-json\/wp\/v2\/media?parent=51112"}],"curies":[{"name":"wp","href":"https:\/\/api.w.org\/{rel}","templated":true}]}}