{"id":50926,"date":"2019-12-10T15:04:47","date_gmt":"2019-12-10T20:04:47","guid":{"rendered":"https:\/\/www.ottawahospital.on.ca\/?page_id=50926"},"modified":"2025-02-12T10:04:48","modified_gmt":"2025-02-12T15:04:48","slug":"interpretation","status":"publish","type":"page","link":"https:\/\/www.ottawahospital.on.ca\/fr\/patients-et-visiteurs\/interpretation\/","title":{"rendered":"Services d\u2019interpretation"},"content":{"rendered":"<p><img decoding=\"async\" class=\"size-full wp-image-4445 alignright\" src=\"\/wp-content\/uploads\/2015\/09\/Accessibility-e.gif\" alt=\"accessibility-e\" width=\"104\" height=\"104\" srcset=\"https:\/\/www.ottawahospital.on.ca\/wp-content\/uploads\/2015\/09\/Accessibility-e.gif 104w, https:\/\/www.ottawahospital.on.ca\/wp-content\/uploads\/2015\/09\/Accessibility-e-100x100.gif 100w\" sizes=\"(max-width: 104px) 100vw, 104px\" \/>L\u2019H\u00f4pital d\u2019Ottawa a le plaisir d\u2019offrir gratuitement des services <strong>d\u2019interpr\u00e9tation en langue des signes (LSQ et ASL) <\/strong>et <strong>d\u2019interpr\u00e9tation culturelle (linguistique) <\/strong>\u00e0 ses patients.<\/p>\n<p><strong>Visite pr\u00e9vue (rendez-vous)\u00a0:<\/strong> Lorsque vous obtenez un rendez-vous \u00e0 L\u2019H\u00f4pital d\u2019Ottawa, avisez-nous que vous avez besoin de services d\u2019interpr\u00e9tation en langue des signes ou d\u2019interpr\u00e9tation culturelle.<\/p>\n<p><strong>Visite impr\u00e9vue (\u00e0 l\u2019Urgence)\u00a0:<\/strong> Si vous allez \u00e0 l\u2019Urgence de l\u2019H\u00f4pital, avisez-nous imm\u00e9diatement que vous avez besoin de services d\u2019interpr\u00e9tation. Nous demanderons ces services pour vous.<\/p>\n<div class=\"alert alert-info\" role=\"alert\">\n<p>La langue des signes est-elle votre m\u00e9thode de communication pr\u00e9f\u00e9r\u00e9e? Souhaitez-vous poser une question, exprimer un compliment ou pr\u00e9senter une plainte au sujet des services offerts \u00e0 L\u2019H\u00f4pital d\u2019Ottawa? Vous pouvez utiliser ce <a href=\"\/fr\/patients-et-visiteurs\/relations-avec-les-patients\/communiquez-avec-lequipe-des-relations-avec-les-patients\/\">formulaire de r\u00e9troaction<\/a> ou communiquer avec le Service des relations avec les patients (613-798-5555, poste 13377) par l\u2019entremise du service de relais vid\u00e9o sans frais de SRV Canada VRS. Votre opinion est importante pour nous, alors n\u2019h\u00e9sitez pas \u00e0 nous joindre d\u00e8s aujourd\u2019hui.<\/p>\n<\/div>\n","protected":false},"excerpt":{"rendered":"<p>L\u2019H\u00f4pital d\u2019Ottawa a le plaisir d\u2019offrir gratuitement des services d\u2019interpr\u00e9tation en langue des signes (LSQ et ASL) et d\u2019interpr\u00e9tation culturelle (linguistique) \u00e0 ses patients. Visite pr\u00e9vue (rendez-vous)\u00a0: Lorsque vous obtenez un rendez-vous \u00e0 L\u2019H\u00f4pital d\u2019Ottawa, avisez-nous que vous avez besoin de services d\u2019interpr\u00e9tation en langue des signes ou d\u2019interpr\u00e9tation culturelle. Visite impr\u00e9vue (\u00e0 l\u2019Urgence)\u00a0: Si [&hellip;]<\/p>\n","protected":false},"author":25,"featured_media":0,"parent":84,"menu_order":1,"comment_status":"closed","ping_status":"closed","template":"","meta":{"_acf_changed":false,"_mc_calendar":[],"footnotes":""},"class_list":["post-50926","page","type-page","status-publish","hentry"],"acf":[],"wps_subtitle":"","_links":{"self":[{"href":"https:\/\/www.ottawahospital.on.ca\/fr\/wp-json\/wp\/v2\/pages\/50926","targetHints":{"allow":["GET"]}}],"collection":[{"href":"https:\/\/www.ottawahospital.on.ca\/fr\/wp-json\/wp\/v2\/pages"}],"about":[{"href":"https:\/\/www.ottawahospital.on.ca\/fr\/wp-json\/wp\/v2\/types\/page"}],"author":[{"embeddable":true,"href":"https:\/\/www.ottawahospital.on.ca\/fr\/wp-json\/wp\/v2\/users\/25"}],"replies":[{"embeddable":true,"href":"https:\/\/www.ottawahospital.on.ca\/fr\/wp-json\/wp\/v2\/comments?post=50926"}],"version-history":[{"count":0,"href":"https:\/\/www.ottawahospital.on.ca\/fr\/wp-json\/wp\/v2\/pages\/50926\/revisions"}],"up":[{"embeddable":true,"href":"https:\/\/www.ottawahospital.on.ca\/fr\/wp-json\/wp\/v2\/pages\/84"}],"wp:attachment":[{"href":"https:\/\/www.ottawahospital.on.ca\/fr\/wp-json\/wp\/v2\/media?parent=50926"}],"curies":[{"name":"wp","href":"https:\/\/api.w.org\/{rel}","templated":true}]}}