{"id":5080,"date":"2016-11-08T14:11:08","date_gmt":"2016-11-08T19:11:08","guid":{"rendered":"http:\/\/52.229.122.34\/fr\/?page_id=5080"},"modified":"2022-02-10T07:49:12","modified_gmt":"2022-02-10T12:49:12","slug":"comment-nous-pouvons-vous-aider","status":"publish","type":"page","link":"https:\/\/www.ottawahospital.on.ca\/fr\/patients-et-visiteurs\/soutien-et-suivi\/soins-spirituels\/comment-nous-pouvons-vous-aider\/","title":{"rendered":"Comment nous pouvons vous aider"},"content":{"rendered":"<h2>Spiritualit\u00e9<\/h2>\n<p>La spiritualit\u00e9 est une force vitale qui favorise l\u2019espoir et encourage la gu\u00e9rison. Elle nous aide \u00e0 accueillir l\u2019autre et nous permet de conna\u00eetre la transcendance. La spiritualit\u00e9 est un processus int\u00e9gr\u00e9 qui s\u2019exprime dans les attitudes, les croyances et les pratiques qui ont une influence sur la vie des gens.<\/p>\n<p>La spiritualit\u00e9 fait partie int\u00e9grante du processus de gu\u00e9rison. Elle est une source de force devant la d\u00e9tresse. Elle est au c\u0153ur m\u00eame de notre bien-\u00eatre et enrichit tous les aspects de notre vie : le physique, le mental, l\u2019affectif et le relationnel.<\/p>\n<p><img decoding=\"async\" class=\"alignright wp-image-70266 \" src=\"https:\/\/www.ottawahospital.on.ca\/wp-content\/uploads\/2022\/02\/spiritual-care-toh-scaled.jpg\" alt=\"Intervenante en soins spirituels parle \u00e0 un patient\" width=\"440\" height=\"293\" srcset=\"https:\/\/www.ottawahospital.on.ca\/wp-content\/uploads\/2022\/02\/spiritual-care-toh-scaled.jpg 2560w, https:\/\/www.ottawahospital.on.ca\/wp-content\/uploads\/2022\/02\/spiritual-care-toh-scaled-600x400.jpg 600w, https:\/\/www.ottawahospital.on.ca\/wp-content\/uploads\/2022\/02\/spiritual-care-toh-300x200.jpg 300w, https:\/\/www.ottawahospital.on.ca\/wp-content\/uploads\/2022\/02\/spiritual-care-toh-1024x683.jpg 1024w, https:\/\/www.ottawahospital.on.ca\/wp-content\/uploads\/2022\/02\/spiritual-care-toh-768x512.jpg 768w, https:\/\/www.ottawahospital.on.ca\/wp-content\/uploads\/2022\/02\/spiritual-care-toh-1536x1024.jpg 1536w, https:\/\/www.ottawahospital.on.ca\/wp-content\/uploads\/2022\/02\/spiritual-care-toh-2048x1365.jpg 2048w\" sizes=\"(max-width: 440px) 100vw, 440px\" \/><\/p>\n<p><strong>Nous aidons les patients et leur famille \u00e0 composer avec les situations suivantes\u00a0:<\/strong><\/p>\n<ul>\n<li>Maladie ou nouveau diagnostic<\/li>\n<li>Deuil ou perte d\u2019un proche<\/li>\n<li>Fin de vie<\/li>\n<li>D\u00e9tresse spirituelle et \u00e9motionnelle<\/li>\n<li>Situation de crise<\/li>\n<li>Absence de soutien familial<\/li>\n<li>Besoin de psychoth\u00e9rapie ou de counseling spirituel<\/li>\n<li>Besoin de pri\u00e8res et de rites<\/li>\n<li>D\u00e9tresse d\u00e9coulant d\u2019une transition<\/li>\n<li>Absence d\u2019un but qui donne un sens \u00e0 la vie<\/li>\n<\/ul>\n<p><strong>Si vous vous posez les questions suivantes, communiquez avec le Service des soins spirituels\u00a0:<\/strong><\/p>\n<ul>\n<li>Est-il possible d\u2019int\u00e9grer mes croyances spirituelles ou religieuses \u00e0 mes soins de sant\u00e9?<\/li>\n<li>Est-ce que j\u2019aimerais recevoir un rituel, un rite religieux ou un texte sacr\u00e9 particulier?<\/li>\n<li>Est-ce que je me sens seul, triste ou stress\u00e9 et ai-je besoin de parler \u00e0 quelqu\u2019un?<\/li>\n<li>Ai-je peur de mourir ou de quitter mes proches?<\/li>\n<li>Suis-je tiraill\u00e9 entre une d\u00e9cision m\u00e9dicale ou \u00e9thique et mes valeurs et mes croyances?<\/li>\n<li>Ai-je besoin de quelqu\u2019un pour m\u2019\u00e9couter sans me juger dans un environnement s\u00fbr?<\/li>\n<li>Ai-je des difficult\u00e9s avec la culpabilit\u00e9 et le pardon?<\/li>\n<li>Ai-je besoin d\u2019aide pour composer avec ma situation?<\/li>\n<\/ul>\n<p><img decoding=\"async\" class=\"aligncenter wp-image-70268 \" src=\"https:\/\/www.ottawahospital.on.ca\/wp-content\/uploads\/2022\/02\/spiritual-care-toh-how-we-can-help-scaled.jpg\" alt=\"Intervenante en soins spirituels lit un livre \u00e0 un patient\" width=\"439\" height=\"341\" srcset=\"https:\/\/www.ottawahospital.on.ca\/wp-content\/uploads\/2022\/02\/spiritual-care-toh-how-we-can-help-scaled.jpg 2560w, https:\/\/www.ottawahospital.on.ca\/wp-content\/uploads\/2022\/02\/spiritual-care-toh-how-we-can-help-scaled-600x465.jpg 600w, https:\/\/www.ottawahospital.on.ca\/wp-content\/uploads\/2022\/02\/spiritual-care-toh-how-we-can-help-300x233.jpg 300w, https:\/\/www.ottawahospital.on.ca\/wp-content\/uploads\/2022\/02\/spiritual-care-toh-how-we-can-help-1024x794.jpg 1024w, https:\/\/www.ottawahospital.on.ca\/wp-content\/uploads\/2022\/02\/spiritual-care-toh-how-we-can-help-768x595.jpg 768w, https:\/\/www.ottawahospital.on.ca\/wp-content\/uploads\/2022\/02\/spiritual-care-toh-how-we-can-help-1536x1191.jpg 1536w, https:\/\/www.ottawahospital.on.ca\/wp-content\/uploads\/2022\/02\/spiritual-care-toh-how-we-can-help-2048x1588.jpg 2048w\" sizes=\"(max-width: 439px) 100vw, 439px\" \/><\/p>\n<p>Si vous avez r\u00e9pondu \u00ab oui \u00bb \u00e0 au moins un de ces \u00e9nonc\u00e9s et que vous souhaitez en discuter avec un intervenant en soins spirituels, veuillez <a href=\"https:\/\/www.ottawahospital.on.ca\/fr\/patients-et-visiteurs\/soutien-et-suivi\/soins-spirituels\/nous-joindre\/\">communiquer avec nous<\/a>.<\/p>\n","protected":false},"excerpt":{"rendered":"<p>Spiritualit\u00e9 La spiritualit\u00e9 est une force vitale qui favorise l\u2019espoir et encourage la gu\u00e9rison. Elle nous aide \u00e0 accueillir l\u2019autre et nous permet de conna\u00eetre la transcendance. La spiritualit\u00e9 est un processus int\u00e9gr\u00e9 qui s\u2019exprime dans les attitudes, les croyances et les pratiques qui ont une influence sur la vie des gens. La spiritualit\u00e9 fait [&hellip;]<\/p>\n","protected":false},"author":25,"featured_media":0,"parent":5029,"menu_order":4,"comment_status":"closed","ping_status":"closed","template":"","meta":{"_acf_changed":false,"_mc_calendar":[],"footnotes":""},"class_list":["post-5080","page","type-page","status-publish","hentry"],"acf":[],"wps_subtitle":"","_links":{"self":[{"href":"https:\/\/www.ottawahospital.on.ca\/fr\/wp-json\/wp\/v2\/pages\/5080","targetHints":{"allow":["GET"]}}],"collection":[{"href":"https:\/\/www.ottawahospital.on.ca\/fr\/wp-json\/wp\/v2\/pages"}],"about":[{"href":"https:\/\/www.ottawahospital.on.ca\/fr\/wp-json\/wp\/v2\/types\/page"}],"author":[{"embeddable":true,"href":"https:\/\/www.ottawahospital.on.ca\/fr\/wp-json\/wp\/v2\/users\/25"}],"replies":[{"embeddable":true,"href":"https:\/\/www.ottawahospital.on.ca\/fr\/wp-json\/wp\/v2\/comments?post=5080"}],"version-history":[{"count":0,"href":"https:\/\/www.ottawahospital.on.ca\/fr\/wp-json\/wp\/v2\/pages\/5080\/revisions"}],"up":[{"embeddable":true,"href":"https:\/\/www.ottawahospital.on.ca\/fr\/wp-json\/wp\/v2\/pages\/5029"}],"wp:attachment":[{"href":"https:\/\/www.ottawahospital.on.ca\/fr\/wp-json\/wp\/v2\/media?parent=5080"}],"curies":[{"name":"wp","href":"https:\/\/api.w.org\/{rel}","templated":true}]}}