{"id":5073,"date":"2016-11-08T14:05:17","date_gmt":"2016-11-08T19:05:17","guid":{"rendered":"http:\/\/52.229.122.34\/fr\/?page_id=5073"},"modified":"2025-07-18T15:35:49","modified_gmt":"2025-07-18T19:35:49","slug":"notre-equipe","status":"publish","type":"page","link":"https:\/\/www.ottawahospital.on.ca\/fr\/patients-et-visiteurs\/soutien-et-suivi\/soins-spirituels\/notre-equipe\/","title":{"rendered":"Notre \u00e9quipe"},"content":{"rendered":"<p class=\"intro-text1\">L\u2019\u00e9quipe du Service de soins spirituels est compos\u00e9e de personnes d\u00e9vou\u00e9es qui se consacrent au soutien spirituel.\u200b<\/p>\n<h2>Gestionnaire de la pratique professionnelle, Services psychosociaux<\/h2>\n<p><strong>Kristy Macdonell<\/strong>\u200b\u200b<\/p>\n<h3>Adjointes<\/h3>\n<p><strong>Gloria Davis\u200b<\/strong><\/p>\n<h2>Intervenants en soins spirituels<\/h2>\n<p>Les intervenants en soins spirituels sont embauch\u00e9s par L\u2019H\u00f4pital d\u2019Ottawa pour apporter un soutien spirituel, religieux et \u00e9motionnel aux patients, \u00e0 leur famille et au personnel. Ils font partie de l\u2019\u00e9quipe de soins interdisciplinaire de l\u2019H\u00f4pital. Ils ont re\u00e7u une formation clinique comme intervenants interconfessionnels et peuvent ainsi offrir un soutien \u00e0 des gens de toutes les croyances. Ils sont agr\u00e9\u00e9s par l\u2019Association canadienne de soins spirituels et sont membres de l\u2019Ordre des psychoth\u00e9rapeutes autoris\u00e9s de l\u2019Ontario.<\/p>\n<div id=\"attachment_5194\" style=\"width: 145px\" class=\"wp-caption alignleft\"><img decoding=\"async\" aria-describedby=\"caption-attachment-5194\" class=\"size-full wp-image-5194 img-responsive\" src=\"\/wp-content\/uploads\/2022\/01\/Nicolas-El-Kada.jpg\" alt=\"Nicolas El Kada\" width=\"135\" height=\"169\" \/><p id=\"caption-attachment-5194\" class=\"wp-caption-text\">Nicolas El-Kada<\/p><\/div>\n<p id=\"nicolaselkada\"><strong>Nicolas El-Kada B.A.. A., L.Th., RP,<\/strong> est coordonnateur de la pratique professionnelle en soins spirituels. Dipl\u00f4m\u00e9 en th\u00e9ologie de l\u2019Universit\u00e9 du Saint-Esprit au Liban, il poss\u00e8de une ma\u00eetrise en psychoth\u00e9rapie, counseling et spiritualit\u00e9 de l\u2019Universit\u00e9 Saint Paul \u00e0 Ottawa et un certificat en leadership et gestion des \u00e9coles de gestion Rotman (Toronto) et Telfer (Ottawa).<\/p>\n<p>Nicolas est intervenant en soins spirituels \u00e0 l\u2019H\u00f4pital depuis 2006 et coordonnateur de la formation pastorale clinique depuis 2012. Il enseigne en soins palliatifs \u00e0 l\u2019Universit\u00e9 Saint-Paul. Il est aum\u00f4nier au sein de l\u2019\u00c9quipe des services m\u00e9dicaux d\u2019urgence (ESMU), h\u00f4pital mobile provincial d\u2019intervention en cas de catastrophe, en plus d\u2019\u00eatre responsable \u00e0 l\u2019H\u00f4pital de l\u2019\u00c9quipe d\u2019assistance spirituelle en cas d\u2019urgence.<\/p>\n<p>Il est aussi pr\u00eatre catholique de rite maronite.\u00a0Auteur de publications, Nicolas est aussi conf\u00e9rencier sur des sujets comme le deuil, la douleur et la souffrance, les soins spirituels, les autosoins, le leadership et la gestion et l\u2019intervention en soins spirituels en cas de catastrophe. \u200b<\/p>\n<div class=\"clearblock paddingtop15\"><\/div>\n<h3>Campus G\u00e9n\u00e9ral<\/h3>\n<div id=\"attachment_41447\" style=\"width: 145px\" class=\"wp-caption alignleft\"><img decoding=\"async\" aria-describedby=\"caption-attachment-41447\" class=\"img-responsive wp-image-41447 size-full\" src=\"https:\/\/www.ottawahospital.on.ca\/wp-content\/uploads\/2022\/01\/Vivian-Stang.jpg\" alt=\"Vivian Stang\" width=\"135\" height=\"169\" \/><p id=\"caption-attachment-41447\" class=\"wp-caption-text\">Vivian Stang<\/p><\/div>\n<p><strong>Vivian Stang <\/strong>est intervenante interconfessionnelle en soins spirituels \u00e0 L\u2019H\u00f4pital d\u2019Ottawa depuis 2001<strong>.<\/strong> Elle a travaill\u00e9 dans la plupart des unit\u00e9s de l\u2019H\u00f4pital et est psychoth\u00e9rapeute autoris\u00e9e depuis 2016. En tant qu\u2019\u00e9ducatrice-superviseure agr\u00e9\u00e9e de l\u2019Association canadienne de soins spirituels (ACSS), elle aide \u00e0 former les futurs professionnels en soins spirituels dans le cadre d\u2019un programme agr\u00e9\u00e9 de l\u2019ACSS en \u00e9ducation psycho-spirituelle m\u00e9dicale \u00e0 L\u2019H\u00f4pital d\u2019Ottawa. Elle poss\u00e8de une ma\u00eetrise \u00e8s arts de l\u2019Universit\u00e9 Saint-Paul, \u00e0 Ottawa, en accompagnement spirituel en milieu de sant\u00e9.<\/p>\n<p>Chercheuse clinicienne \u00e0 l\u2019Institut de recherche de l\u2019H\u00f4pital d\u2019Ottawa, Vivian a sign\u00e9 \u00e0 l\u2019intention des professionnels en soins spirituels au Canada des articles sur <a href=\"https:\/\/theottawahospital.sharepoint.com\/sites\/myHospital\/en\/Dept\/SpiritualCare\/Documents\/Vivian%27s%20Articles\/interventions%20and%20outcomes%20article.pdf\">les interventions et les r\u00e9sultats<\/a>, <a href=\"https:\/\/theottawahospital.sharepoint.com\/sites\/myHospital\/en\/Dept\/SpiritualCare\/Documents\/Vivian%27s%20Articles\/Charting%20and%20documentation%20article.pdf\">la tenue de dossiers et la documentation<\/a> et <a href=\"https:\/\/theottawahospital.sharepoint.com\/sites\/myHospital\/en\/Dept\/SpiritualCare\/Documents\/Vivian%27s%20Articles\/palliative%20and%20bereavement%20care%20competencies.pdf\">les comp\u00e9tences en soins palliatifs et de deuil<\/a>. Elle aime courir, nager et peindre.<\/p>\n<div class=\"clearblock paddingtop15\"><\/div>\n<div id=\"attachment_77305\" style=\"width: 145px\" class=\"wp-caption alignleft\"><img decoding=\"async\" aria-describedby=\"caption-attachment-77305\" class=\"img-responsive wp-image-77305\" src=\"https:\/\/www.ottawahospital.on.ca\/wp-content\/uploads\/2023\/06\/Mary-Jane.jpg\" alt=\"Mary Jane Beavis\" width=\"135\" height=\"148\" \/><p id=\"caption-attachment-77305\" class=\"wp-caption-text\">Mary Jane Beavis, M.A.<\/p><\/div>\n<p><strong>Mary Jane Beavis M.A., RP,\u00a0CCC, <\/strong>est intervenante interconfessionnelle en soins spirituels au Campus G\u00e9n\u00e9ral de L\u2019H\u00f4pital d\u2019Ottawa depuis 2015, o\u00f9 elle travaille dans diff\u00e9rentes unit\u00e9s de soins. Elle d\u00e9tient une ma\u00eetrise en counseling et spiritualit\u00e9 de m\u00eame qu\u2019un dipl\u00f4me d\u2019\u00e9tudes sup\u00e9rieures en counseling de couple et spiritualit\u00e9 de l\u2019Universit\u00e9 Saint-Paul. Fi\u00e8rement bilingue, elle offre ses services en fran\u00e7ais et en anglais.<\/p>\n<p>Survivante du cancer, elle croit fermement au pouvoir de l\u2019approche holistique pour la gu\u00e9rison. Se passionnant pour les soins li\u00e9s aux traumatismes, elle a fait des \u00e9tudes dans ce domaine et est intervenante en exp\u00e9rience somatique. Elle a sign\u00e9 l\u2019article \u00ab\u00a0Chart Audit of Spiritual Care Documentation: Continuous Quality Improvement \u00bb, paru dans le <em>Journal of Pastoral Care and Counseling<\/em>.<\/p>\n<div class=\"clearblock paddingtop15\"><\/div>\n<div id=\"attachment_5193\" style=\"width: 145px\" class=\"wp-caption alignleft\"><img decoding=\"async\" aria-describedby=\"caption-attachment-5193\" class=\"size-full wp-image-5193 img-responsive\" src=\"https:\/\/www.ottawahospital.on.ca\/wp-content\/uploads\/2022\/01\/Kathya-Molino.jpg\" alt=\"Kathya Molino\" width=\"135\" height=\"169\" \/><p id=\"caption-attachment-5193\" class=\"wp-caption-text\">Kathya Molino<\/p><\/div>\n<p><strong>Kathya Molino, B.A. Psychologie, B.Ed, M.T.S.,<\/strong> est intervenante en soins spirituels. Elle d\u00e9tient une ma\u00eetrise en th\u00e9ologie et un dipl\u00f4me d\u2019\u00e9tudes sup\u00e9rieures en accompagnement et spiritualit\u00e9 en soins palliatifs de l\u2019Universit\u00e9 Saint-Paul. Avant de se joindre \u00e0 l\u2019\u00e9quipe des soins spirituels, elle a \u00e9t\u00e9 b\u00e9n\u00e9vole dans ce domaine \u00e0 l\u2019H\u00f4pital pendant de nombreuses ann\u00e9es, tandis qu\u2019elle \u00e9tait technologiste m\u00e9dicale en ophtalmologie \u00e0 l\u2019Institut de l\u2019\u0153il. Sa ma\u00eetrise du fran\u00e7ais et de l\u2019anglais lui permet de cr\u00e9er des liens avec les patients dans les deux langues officielles.<\/p>\n<p>Associ\u00e9e la\u00efque des Oblats de Marie Immacul\u00e9e dans sa paroisse, elle est aussi musicienne aux rencontres mensuelles du groupe de pri\u00e8re \u0153cum\u00e9nique de Taiz\u00e9 \u00e0 Ottawa.<\/p>\n<p>Kathya vient de terminer son m\u00e9moire de ma\u00eetrise, portant sur la compassion de Dieu, la compassion du Christ et la compassion de l\u2019\u00c9glise comme mod\u00e8le de soutien spirituel des malades.<\/p>\n<div class=\"clearblock paddingtop15\"><\/div>\n<div id=\"attachment_5197\" style=\"width: 145px\" class=\"wp-caption alignleft\"><img decoding=\"async\" aria-describedby=\"caption-attachment-5197\" class=\"size-full wp-image-5197 img-responsive\" src=\"https:\/\/www.ottawahospital.on.ca\/wp-content\/uploads\/2022\/01\/Roman-Rytsar.jpg\" alt=\"Father Roman Rytsar\" width=\"135\" height=\"169\" \/><p id=\"caption-attachment-5197\" class=\"wp-caption-text\">Father Roman Rytsar<\/p><\/div>\n<p><strong>Pr\u00eatre catholique<\/strong><\/p>\n<p id=\"fatherromanrytsar\"><strong>L\u2019abb\u00e9 Roman Rytsar, Ph.D., RP,<\/strong> est pr\u00eatre catholique d\u2019origine ukrainienne. Il d\u00e9tient un doctorat en philosophie et en th\u00e9ologie de l\u2019Universit\u00e9 Saint-Paul \u00e0 Ottawa. Il travaille au Campus G\u00e9n\u00e9ral depuis d\u00e9cembre 2011.<\/p>\n<p>Il a \u00e9t\u00e9 charg\u00e9 de cours \u00e0 l\u2019Universit\u00e9 catholique ukrainienne de Lviv et assistant d\u2019enseignement \u00e0 l\u2019Universit\u00e9 Saint-Paul.<\/p>\n<p>L\u2019abb\u00e9 Rytsar a sign\u00e9 plusieurs articles et sa th\u00e8se de doctorat a \u00e9t\u00e9 traduite en roumain et publi\u00e9e en 2016. Il a dirig\u00e9 des retraites spirituelles pour divers groupes de gens. Il c\u00e9l\u00e8bre la messe chaque dimanche \u00e0 l\u2019\u00c9glise catholique ukrainienne St. Michael \u00e0 Kingston.<\/p>\n<div class=\"clearblock paddingtop15\"><\/div>\n<h3>Campus Civic<\/h3>\n<div id=\"attachment_78001\" style=\"width: 145px\" class=\"wp-caption alignleft\"><img decoding=\"async\" aria-describedby=\"caption-attachment-78001\" class=\"img-responsive wp-image-78001\" src=\"https:\/\/www.ottawahospital.on.ca\/wp-content\/uploads\/2023\/07\/ANN.jpg\" alt=\"Ann MacDonald \" width=\"135\" height=\"135\" srcset=\"https:\/\/www.ottawahospital.on.ca\/wp-content\/uploads\/2023\/07\/ANN.jpg 2089w, https:\/\/www.ottawahospital.on.ca\/wp-content\/uploads\/2023\/07\/ANN-300x300.jpg 300w, https:\/\/www.ottawahospital.on.ca\/wp-content\/uploads\/2023\/07\/ANN-100x100.jpg 100w, https:\/\/www.ottawahospital.on.ca\/wp-content\/uploads\/2023\/07\/ANN-600x600.jpg 600w, https:\/\/www.ottawahospital.on.ca\/wp-content\/uploads\/2023\/07\/ANN-1024x1024.jpg 1024w, https:\/\/www.ottawahospital.on.ca\/wp-content\/uploads\/2023\/07\/ANN-150x150.jpg 150w, https:\/\/www.ottawahospital.on.ca\/wp-content\/uploads\/2023\/07\/ANN-768x768.jpg 768w, https:\/\/www.ottawahospital.on.ca\/wp-content\/uploads\/2023\/07\/ANN-1536x1536.jpg 1536w, https:\/\/www.ottawahospital.on.ca\/wp-content\/uploads\/2023\/07\/ANN-2048x2048.jpg 2048w\" sizes=\"(max-width: 135px) 100vw, 135px\" \/><p id=\"caption-attachment-78001\" class=\"wp-caption-text\">Ann MacDonald<\/p><\/div>\n<p><strong>Ann MacDonald M.A., Ph.D., PA,<\/strong> est intervenante certifi\u00e9e en soins spirituels (Association canadienne de soins spirituels) et psychoth\u00e9rapeute autoris\u00e9e (Ordre des psychoth\u00e9rapeutes autoris\u00e9s de l\u2019Ontario). Elle d\u00e9tient une ma\u00eetrise en counseling et spiritualit\u00e9 de l\u2019Universit\u00e9 Saint-Paul et un doctorat en th\u00e9ologie pratique de l\u2019Universit\u00e9 d\u2019Ottawa.<\/p>\n<p>Son doctorat a \u00e9t\u00e9 inspir\u00e9 par un p\u00e8lerinage au Camino de Santiago, o\u00f9 elle a d\u00e9couvert que la marche sacr\u00e9e est un chemin vers la paix. Elle a ensuite publi\u00e9 un ouvrage sur le p\u00e8lerinage comme moyen d\u2019acc\u00e9der au renouvellement spirituel. Elle travaille actuellement \u00e0 la r\u00e9daction de \u00ab Field Notes From A Dementia Unit \u00bb, un journal relatant ses exp\u00e9riences qui r\u00e9unit des observations et des r\u00e9flexions.<\/p>\n<p>Elle a surtout v\u00e9cu et \u0153uvr\u00e9 \u00e0 Ottawa, mais elle est originaire de l\u2019\u00cele-du-Prince-\u00c9douard, o\u00f9 elle a grandi et qu\u2019elle porte toujours dans son c\u0153ur. Pour elle, le plein air, l\u2019oc\u00e9an et les journ\u00e9es fra\u00eeches et venteuses sont des sources d\u2019inspiration.<\/p>\n<div class=\"clearblock paddingtop15\"><\/div>\n<div id=\"attachment_77307\" style=\"width: 145px\" class=\"wp-caption alignleft\"><img decoding=\"async\" aria-describedby=\"caption-attachment-77307\" class=\"img-responsive wp-image-77307\" src=\"https:\/\/www.ottawahospital.on.ca\/wp-content\/uploads\/2023\/06\/Sajeewa.jpeg\" alt=\"Sajeewa Ranasinghe\" width=\"135\" height=\"148\" \/><p id=\"caption-attachment-77307\" class=\"wp-caption-text\">Sajeewa Ranasinghe<\/p><\/div>\n<p><strong>Sajeewa Ranasinghe, M.A., RP,<\/strong> est intervenant en soins spirituels. Il d\u00e9tient une ma\u00eetrise en counseling et spiritualit\u00e9 de l\u2019Universit\u00e9 Saint-Paul \u00e0 Ottawa et une ma\u00eetrise en \u00e9tudes bouddhistes de l\u2019Universit\u00e9 de Kelaniya, au Sri Lanka.<\/p>\n<p>En tant qu\u2019ancien moine bouddhiste, Sajeewa poss\u00e8de une profonde passion pour l\u2019enseignement des techniques de pleine conscience et de la m\u00e9ditation Vipassana. Il int\u00e8gre ces pratiques \u00e0 la perfection dans le bien-\u00eatre quotidien, reconnaissant leurs r\u00e9percussions profondes sur la croissance personnelle et la paix int\u00e9rieure.<\/p>\n<p>La vaste exp\u00e9rience de Sajeewa comprend l\u2019animation de nombreuses s\u00e9ances de m\u00e9ditation guid\u00e9e en groupe, la pr\u00e9sentation d\u2019expos\u00e9s et l\u2019animation d\u2019ateliers de pleine conscience. Il met ses connaissances pouss\u00e9es \u00e0 profit pour renforcer l\u2019autonomie des personnes au cours de leur cheminement spirituel en les aidant \u00e0 cultiver la pleine conscience et \u00e0 am\u00e9liorer leur bien-\u00eatre global.<\/p>\n<div class=\"clearblock paddingtop15\"><\/div>\n<div id=\"attachment_5196\" style=\"width: 145px\" class=\"wp-caption alignleft\"><img decoding=\"async\" aria-describedby=\"caption-attachment-5196\" class=\"size-full wp-image-5196 img-responsive\" src=\"https:\/\/www.ottawahospital.on.ca\/wp-content\/uploads\/2022\/01\/Kipling-Cooper.jpg\" alt=\"Father Kipling Cooper\" width=\"135\" height=\"169\" \/><p id=\"caption-attachment-5196\" class=\"wp-caption-text\">Father Kipling Cooper<\/p><\/div>\n<p><strong>Pr\u00eatre catholique<\/strong><\/p>\n<p><strong>L\u2019abb\u00e9 Kipling Cooper.<\/strong> L\u2019abb\u00e9 Cooper est l\u2019aum\u00f4nier catholique au Campus Civic. Il poss\u00e8de un certificat d\u2019\u00e9tudes th\u00e9ologiques du s\u00e9minaire Holyrood, dans l\u2019\u00c9tat de New York.<\/p>\n<p>Comme pr\u00eatre catholique, il aime aider les gens de tous les milieux \u00e0 d\u00e9couvrir de quelles mani\u00e8res la gr\u00e2ce de Dieu est li\u00e9e \u00e0 leurs exp\u00e9riences vari\u00e9es et administrer les sacrements aux personnes qui peuvent les recevoir.<\/p>\n<div class=\"clearblock paddingtop15\"><\/div>\n<div id=\"attachment_77308\" style=\"width: 145px\" class=\"wp-caption alignleft\"><img decoding=\"async\" aria-describedby=\"caption-attachment-77308\" class=\"img-responsive wp-image-77308\" src=\"https:\/\/www.ottawahospital.on.ca\/wp-content\/uploads\/2023\/06\/Uchennah.jpg\" alt=\"Uchennah Samuel\" width=\"135\" height=\"148\" \/><p id=\"caption-attachment-77308\" class=\"wp-caption-text\">Uchennah Samuel<\/p><\/div>\n<p><strong>Uchennah Samuel M.A., RP [certification en cours]\u00a0<\/strong>est une chr\u00e9tienne biblique qui adh\u00e8re au pr\u00e9cepte de J\u00e9sus\u00a0: \u00ab\u00a0Aimez-vous les uns les autres comme je vous ai aim\u00e9s.\u00a0\u00bb Dipl\u00f4m\u00e9e de l\u2019Universit\u00e9 Saint-Paul, elle d\u00e9tient un dipl\u00f4me en aum\u00f4nerie de l\u2019Universit\u00e9 Booth. Elle est aum\u00f4ni\u00e8re \u00e0 l\u2019Ottawa Booth Centre de l\u2019Arm\u00e9e du Salut depuis 2017.\u00a0Auparavant, elle \u0153uvrait aupr\u00e8s d\u2019enfants comme tutrice et aide-enseignante, travaillait aux premi\u00e8res lignes au YWCA\/YMCA et \u00e9tait b\u00e9n\u00e9vole au centre alimentaire Parkdale. \u00c0 l\u2019Arm\u00e9e du Salut, elle a appris par l\u2019exp\u00e9rience l\u2019importance des relations humaines d\u00e9nu\u00e9es de jugement et fond\u00e9es sur l\u2019acceptation, l\u2019authenticit\u00e9 et l\u2019amour du Christ. Elle travaille aussi \u00e0 L\u2019H\u00f4pital d\u2019Ottawa occasionnellement comme intervenante en soins spirituels, ce qui lui apporte de la joie.<\/p>\n<p>Uchennah croit que chaque \u00eatre humain m\u00e9rite d\u2019\u00eatre trait\u00e9 avec dignit\u00e9 et respect, conviction qui lui a \u00e9t\u00e9 tr\u00e8s utile dans ses relations avec les autres. Il a pour principe de faire pour les autres ce que l\u2019on aimerait qu\u2019ils fassent pour nous.<\/p>\n<p>Uchennah esp\u00e8re un jour aller en mission.<\/p>\n<h2>Comit\u00e9 consultatif des soins spirituels<\/h2>\n<p>Cr\u00e9\u00e9 en 1997, il s\u2019agit du plus ancien comit\u00e9 consultatif \u00e0 L\u2019H\u00f4pital d\u2019Ottawa. Des membres fondateurs en font encore partie. Le comit\u00e9 r\u00e9unit les r\u00f4les compl\u00e9mentaires que jouent L\u2019H\u00f4pital d\u2019Ottawa et les communaut\u00e9s confessionnelles et culturelles de la r\u00e9gion pour r\u00e9pondre aux besoins spirituels des patients et de leur famille. Le comit\u00e9 est un groupe consultatif \u00e0 l\u2019appui du Service des soins spirituels \u00e0 l\u2019H\u00f4pital.<\/p>\n<h2>B\u00e9n\u00e9voles en soins spirituels<\/h2>\n<p>Les b\u00e9n\u00e9voles en soins spirituels sont membres des diverses communaut\u00e9s de foi dans la r\u00e9gion d\u2019Ottawa. Leur r\u00f4le consiste \u00e0 rendre visite aux patients de leur groupe confessionnel hospitalis\u00e9s \u00e0 L\u2019H\u00f4pital d\u2019Ottawa.<\/p>\n<h2>Membres du clerg\u00e9<\/h2>\n<p>Les membres du clerg\u00e9 sont des chefs religieux des diverses communaut\u00e9s de foi dans la r\u00e9gion d\u2019Ottawa. Leur r\u00f4le consiste \u00e0 offrir un appui soutenu et leurs rites religieux particuliers aux membres de leur groupe confessionnel hospitalis\u00e9s \u00e0 L\u2019H\u00f4pital d\u2019Ottawa.<\/p>\n","protected":false},"excerpt":{"rendered":"<p>L\u2019\u00e9quipe du Service de soins spirituels est compos\u00e9e de personnes d\u00e9vou\u00e9es qui se consacrent au soutien spirituel.\u200b Gestionnaire de la pratique professionnelle, Services psychosociaux Kristy Macdonell\u200b\u200b Adjointes Gloria Davis\u200b Intervenants en soins spirituels Les intervenants en soins spirituels sont embauch\u00e9s par L\u2019H\u00f4pital d\u2019Ottawa pour apporter un soutien spirituel, religieux et \u00e9motionnel aux patients, \u00e0 leur [&hellip;]<\/p>\n","protected":false},"author":25,"featured_media":0,"parent":5029,"menu_order":3,"comment_status":"closed","ping_status":"closed","template":"","meta":{"_acf_changed":false,"_mc_calendar":[],"footnotes":""},"class_list":["post-5073","page","type-page","status-publish","hentry"],"acf":[],"wps_subtitle":"","_links":{"self":[{"href":"https:\/\/www.ottawahospital.on.ca\/fr\/wp-json\/wp\/v2\/pages\/5073","targetHints":{"allow":["GET"]}}],"collection":[{"href":"https:\/\/www.ottawahospital.on.ca\/fr\/wp-json\/wp\/v2\/pages"}],"about":[{"href":"https:\/\/www.ottawahospital.on.ca\/fr\/wp-json\/wp\/v2\/types\/page"}],"author":[{"embeddable":true,"href":"https:\/\/www.ottawahospital.on.ca\/fr\/wp-json\/wp\/v2\/users\/25"}],"replies":[{"embeddable":true,"href":"https:\/\/www.ottawahospital.on.ca\/fr\/wp-json\/wp\/v2\/comments?post=5073"}],"version-history":[{"count":0,"href":"https:\/\/www.ottawahospital.on.ca\/fr\/wp-json\/wp\/v2\/pages\/5073\/revisions"}],"up":[{"embeddable":true,"href":"https:\/\/www.ottawahospital.on.ca\/fr\/wp-json\/wp\/v2\/pages\/5029"}],"wp:attachment":[{"href":"https:\/\/www.ottawahospital.on.ca\/fr\/wp-json\/wp\/v2\/media?parent=5073"}],"curies":[{"name":"wp","href":"https:\/\/api.w.org\/{rel}","templated":true}]}}