{"id":50650,"date":"2019-11-29T14:23:12","date_gmt":"2019-11-29T19:23:12","guid":{"rendered":"https:\/\/www.ottawahospital.on.ca\/?page_id=50650"},"modified":"2021-02-08T11:16:58","modified_gmt":"2021-02-08T16:16:58","slug":"selection-de-ressources","status":"publish","type":"page","link":"https:\/\/www.ottawahospital.on.ca\/fr\/services-cliniques\/deptpgrmcs\/programmes\/centre-de-sante-pour-les-femmes-shirley-e-greenberg\/selection-de-ressources\/","title":{"rendered":"S\u00e9lection de ressources"},"content":{"rendered":"<p class=\"intro-text1\">Le Centre de sant\u00e9 pour les femmes Shirley-E.-Greenberg s\u2019efforce d\u2019\u00eatre un pionnier en sant\u00e9 des femmes. Le Centre continue de collaborer avec la Soci\u00e9t\u00e9 des obst\u00e9triciens et gyn\u00e9cologues du Canada pour promouvoir l\u2019accessibilit\u00e9 de l\u2019information sur la sant\u00e9 des femmes et fournir de l\u2019information accessible sur la sant\u00e9 des femmes.<\/p>\n<h2>Sant\u00e9 urogyn\u00e9cologique<\/h2>\n<h3>Ressources pour les professionnels de la sant\u00e9<\/h3>\n<ul class=\"toh_list\">\n<li><a href=\"\/fr\/documents\/2019\/12\/formulaire-de-demande-de-services-urogynecologiques-cln-89.pdf\/\" target=\"_blank\" rel=\"noopener noreferrer\">Formulaire de demande de services urogyn\u00e9cologiques CLN\u00a089<\/a><\/li>\n<\/ul>\n<h3>Ressources pour les patients<\/h3>\n<ul class=\"toh_list\">\n<li><a href=\"\/fr\/documents\/2019\/12\/guide-dexercices-pour-la-vessie.pdf\/\" target=\"_blank\" rel=\"noopener noreferrer\">Guide d\u2019exercices pour la vessie<\/a><\/li>\n<li><a href=\"\/fr\/documents\/2019\/12\/exercices-de-kegel.pdf\/\" target=\"_blank\" rel=\"noopener noreferrer\">Guide d\u2019exercices de Kegel<\/a><\/li>\n<li><a href=\"\/fr\/documents\/2019\/12\/comment-fournir-un-echantillon-durine.pdf\/\" target=\"_blank\" rel=\"noopener noreferrer\">Comment fournir un \u00e9chantillon d\u2019urine<\/a><\/li>\n<li><a href=\"\/fr\/documents\/2019\/12\/guide-des-examens-urodynamiques.pdf\/\" target=\"_blank\" rel=\"noopener noreferrer\">Guide des examens urodynamiques<\/a><\/li>\n<\/ul>\n<h3>Ressources externes<\/h3>\n<ul class=\"toh_list\">\n<li><a href=\"https:\/\/www.sexandu.ca\/fr\/\">Sant\u00e9 sexuelle et reproductive<\/a><\/li>\n<li><a href=\"https:\/\/www.menopauseandu.ca\/fr\/\">M\u00e9nopause<\/a><\/li>\n<li><a href=\"https:\/\/www.yourperiod.ca\/fr\/\">Menstruations<\/a><\/li>\n<li><a href=\"https:\/\/www.hpvinfo.ca\/fr\/\">Virus du papillome humain (VPH)<\/a><\/li>\n<\/ul>\n<div class=\"alert alert-info disclaimer\" role=\"alert\">Ce site Web utilise le f\u00e9minin, mais inclut toute personne, y compris les personnes transgenres qui ne s\u2019identifient peut-\u00eatre pas \u00e0 une femme. Le personnel du Centre de sant\u00e9 pour les femmes Shirley-E.-Greenberg s\u2019engage \u00e0 respecter les droits de toutes les personnes \u00e0 qui le site Web s\u2019adresse, incluant les personnes transgenres, de genre non binaire et intersexu\u00e9es.<\/div>\n\n\n<p><\/p>\n","protected":false},"excerpt":{"rendered":"<p>Le Centre de sant\u00e9 pour les femmes Shirley-E.-Greenberg s\u2019efforce d\u2019\u00eatre un pionnier en sant\u00e9 des femmes. Le Centre continue de collaborer avec la Soci\u00e9t\u00e9 des obst\u00e9triciens et gyn\u00e9cologues du Canada pour promouvoir l\u2019accessibilit\u00e9 de l\u2019information sur la sant\u00e9 des femmes et fournir de l\u2019information accessible sur la sant\u00e9 des femmes. Sant\u00e9 urogyn\u00e9cologique Ressources pour les [&hellip;]<\/p>\n","protected":false},"author":25,"featured_media":0,"parent":14473,"menu_order":4,"comment_status":"closed","ping_status":"closed","template":"","meta":{"_acf_changed":false,"_mc_calendar":[],"footnotes":""},"class_list":["post-50650","page","type-page","status-publish","hentry"],"acf":[],"wps_subtitle":"","_links":{"self":[{"href":"https:\/\/www.ottawahospital.on.ca\/fr\/wp-json\/wp\/v2\/pages\/50650","targetHints":{"allow":["GET"]}}],"collection":[{"href":"https:\/\/www.ottawahospital.on.ca\/fr\/wp-json\/wp\/v2\/pages"}],"about":[{"href":"https:\/\/www.ottawahospital.on.ca\/fr\/wp-json\/wp\/v2\/types\/page"}],"author":[{"embeddable":true,"href":"https:\/\/www.ottawahospital.on.ca\/fr\/wp-json\/wp\/v2\/users\/25"}],"replies":[{"embeddable":true,"href":"https:\/\/www.ottawahospital.on.ca\/fr\/wp-json\/wp\/v2\/comments?post=50650"}],"version-history":[{"count":0,"href":"https:\/\/www.ottawahospital.on.ca\/fr\/wp-json\/wp\/v2\/pages\/50650\/revisions"}],"up":[{"embeddable":true,"href":"https:\/\/www.ottawahospital.on.ca\/fr\/wp-json\/wp\/v2\/pages\/14473"}],"wp:attachment":[{"href":"https:\/\/www.ottawahospital.on.ca\/fr\/wp-json\/wp\/v2\/media?parent=50650"}],"curies":[{"name":"wp","href":"https:\/\/api.w.org\/{rel}","templated":true}]}}