{"id":50642,"date":"2019-11-29T12:57:20","date_gmt":"2019-11-29T17:57:20","guid":{"rendered":"https:\/\/www.ottawahospital.on.ca\/?page_id=50642"},"modified":"2020-09-29T15:43:22","modified_gmt":"2020-09-29T19:43:22","slug":"formation","status":"publish","type":"page","link":"https:\/\/www.ottawahospital.on.ca\/fr\/services-cliniques\/deptpgrmcs\/programmes\/centre-de-sante-pour-les-femmes-shirley-e-greenberg\/formation\/","title":{"rendered":"Formation"},"content":{"rendered":"\n<p class=\"intro-text1\">Le Centre de sant\u00e9 pour les femmes Shirley-E.-Greenberg offre diff\u00e9rents types de formation, incluant la formation m\u00e9dicale continue pour les professionnels de la sant\u00e9, la formation universitaire de 1<sup>er<\/sup>, 2<sup>e<\/sup> et 3<sup>e<\/sup> cycles, la formation des\nprofessionnels param\u00e9dicaux et l\u2019\u00e9ducation du public. Le Centre offre aussi aux professionnels de la sant\u00e9 des sp\u00e9cialisations et des sursp\u00e9cialisations acc\u00e9l\u00e9r\u00e9es. Le Centre est \u00e9galement ax\u00e9 sur l\u2019\u00e9ducation du public. \u00c0 cet effet, il offre des s\u00e9ances d\u2019information publique ainsi que des renseignements sur son site Web et dans les m\u00e9dias.<\/p>\n\n\n\n<h2 class=\"h2-mock wp-block-heading\">Sursp\u00e9cialisation<\/h2>\n\n\n\n<p class=\"mock\">Le Centre de sant\u00e9 pour les femmes Shirley-E.-Greenberg offre des sursp\u00e9cialisations dans les domaines suivants :<\/p>\n\n\n\n<ul class=\"toh_list wp-block-list\"><li>Urogyn\u00e9cologie<\/li><li>Oncologie\ngyn\u00e9cologique<\/li><li>Chirurgie\ngyn\u00e9cologique mini-invasive<\/li><li>Gyn\u00e9cologie\npour les adolescentes<\/li><\/ul>\n\n\n\n<h2 class=\"h2-mock wp-block-heading\">S\u00e9ances d\u2019information publique<\/h2>\n\n\n\n<div class=\"callout-text-inner toh-green\">\n<p class=\"callout-text\">Nous sommes dan l\u2019impossibilit\u00e9 d\u2019offrir nos sessions d\u2019\u00e9ducations en ce moment due aux restrictions apport\u00e9es par la COVID-19.<\/p>\n<\/div>\n\n\n\n<ul class=\"toh_list wp-block-list\"><li><a href=\"https:\/\/tohtesting.wpengine.com\/wp-content\/uploads\/2018\/07\/163389-Info-Session-Womens-Bladder-Health-Fr-WCAG.pdf\">S\u00e9ances d\u2019information publique en urogyn\u00e9cologie<\/a><\/li><li><a href=\"\/fr\/documents\/2020\/02\/seances-dinformation-publique-sur-la-menopause.pdf\/\">S\u00e9ances d\u2019information publique sur la m\u00e9nopause<\/a><\/li><\/ul>\n\n\n<div class=\"alert alert-info disclaimer\" role=\"alert\">Ce site Web utilise le f\u00e9minin, mais inclut toute personne, y compris les personnes transgenres qui ne s\u2019identifient peut-\u00eatre pas \u00e0 une femme. Le personnel du Centre de sant\u00e9 pour les femmes Shirley-E.-Greenberg s\u2019engage \u00e0 respecter les droits de toutes les personnes \u00e0 qui le site Web s\u2019adresse, incluant les personnes transgenres, de genre non binaire et intersexu\u00e9es.<\/div>","protected":false},"excerpt":{"rendered":"<p>Le Centre de sant\u00e9 pour les femmes Shirley-E.-Greenberg offre diff\u00e9rents types de formation, incluant la formation m\u00e9dicale continue pour les professionnels de la sant\u00e9, la formation universitaire de 1er, 2e et 3e cycles, la formation des professionnels param\u00e9dicaux et l\u2019\u00e9ducation du public. Le Centre offre aussi aux professionnels de la sant\u00e9 des sp\u00e9cialisations et des [&hellip;]<\/p>\n","protected":false},"author":25,"featured_media":0,"parent":14473,"menu_order":2,"comment_status":"closed","ping_status":"closed","template":"","meta":{"_acf_changed":false,"_mc_calendar":[],"footnotes":""},"class_list":["post-50642","page","type-page","status-publish","hentry"],"acf":[],"wps_subtitle":"","_links":{"self":[{"href":"https:\/\/www.ottawahospital.on.ca\/fr\/wp-json\/wp\/v2\/pages\/50642","targetHints":{"allow":["GET"]}}],"collection":[{"href":"https:\/\/www.ottawahospital.on.ca\/fr\/wp-json\/wp\/v2\/pages"}],"about":[{"href":"https:\/\/www.ottawahospital.on.ca\/fr\/wp-json\/wp\/v2\/types\/page"}],"author":[{"embeddable":true,"href":"https:\/\/www.ottawahospital.on.ca\/fr\/wp-json\/wp\/v2\/users\/25"}],"replies":[{"embeddable":true,"href":"https:\/\/www.ottawahospital.on.ca\/fr\/wp-json\/wp\/v2\/comments?post=50642"}],"version-history":[{"count":0,"href":"https:\/\/www.ottawahospital.on.ca\/fr\/wp-json\/wp\/v2\/pages\/50642\/revisions"}],"up":[{"embeddable":true,"href":"https:\/\/www.ottawahospital.on.ca\/fr\/wp-json\/wp\/v2\/pages\/14473"}],"wp:attachment":[{"href":"https:\/\/www.ottawahospital.on.ca\/fr\/wp-json\/wp\/v2\/media?parent=50642"}],"curies":[{"name":"wp","href":"https:\/\/api.w.org\/{rel}","templated":true}]}}