{"id":50638,"date":"2019-11-29T12:35:20","date_gmt":"2019-11-29T17:35:20","guid":{"rendered":"https:\/\/www.ottawahospital.on.ca\/?page_id=50638"},"modified":"2019-11-29T13:05:53","modified_gmt":"2019-11-29T18:05:53","slug":"recherche","status":"publish","type":"page","link":"https:\/\/www.ottawahospital.on.ca\/fr\/services-cliniques\/deptpgrmcs\/programmes\/centre-de-sante-pour-les-femmes-shirley-e-greenberg\/recherche\/","title":{"rendered":"Recherche"},"content":{"rendered":"\n<p class=\"intro-text1\">Le Centre de sant\u00e9 pour les femmes Shirley-E.-Greenberg offre des programmes de recherche novateurs dans le but de r\u00e9pondre \u00e0 d\u2019importantes questions cliniques et en mati\u00e8re de politiques qui influencent directement les soins en sant\u00e9 reproductive chez la femme. L\u2019unit\u00e9 de recherche du Centre est \u00e0 l\u2019origine de nombreuses perc\u00e9es majeures dans le domaine de la sant\u00e9 des femmes. <\/p>\n\n\n\n<h2 class=\"h2-mock wp-block-heading\">Chaires de recherche<\/h2>\n\n\n\n<h3 class=\"h3-mock wp-block-heading\">Titulaire de la Chaire de\nrecherche clinique D<sup>re<\/sup> Elaine Jolly sur la sant\u00e9 des femmes<\/h3>\n\n\n\n<div class=\"row\">\n<div class=\"col-md-3\"><figure><img decoding=\"async\" class=\"img-responsive alignnone wp-image-50146 size-thumbnail\" src=\"https:\/\/www.ottawahospital.on.ca\/wp-content\/uploads\/2019\/10\/Black-headshot-150x150.jpg\" alt=\"Amanda Black\" width=\"150\" height=\"150\" srcset=\"https:\/\/www.ottawahospital.on.ca\/wp-content\/uploads\/2019\/10\/Black-headshot-150x150.jpg 150w, https:\/\/www.ottawahospital.on.ca\/wp-content\/uploads\/2019\/10\/Black-headshot-100x100.jpg 100w, https:\/\/www.ottawahospital.on.ca\/wp-content\/uploads\/2019\/10\/Black-headshot.jpg 250w\" sizes=\"(max-width: 150px) 100vw, 150px\" \/><\/figure><\/div>\n<div class=\"col-md-6\">\n<p class=\"mock\"><a href=\"https:\/\/www.ohri.ca\/profile\/ablack\">D<sup>re<\/sup> Amanda Black, MD, MPH, FRCSC<\/a><\/p>\n<\/div>\n<\/div><p>&nbsp;<\/p>\n\n\n\n<h3 class=\"h3-mock wp-block-heading\">Titulaire de la Chaire de recherche D<sup>re<\/sup> Elaine Jolly sur la chirurgie gyn\u00e9cologique<\/h3>\n\n\n\n<div class=\"row\">\n<div class=\"col-md-3\"><figure><figure><img decoding=\"async\" class=\"img-responsive alignnone wp-image-50149 size-thumbnail\" src=\"https:\/\/www.ottawahospital.on.ca\/wp-content\/uploads\/2019\/10\/Singh-headshot-150x150.jpg\" alt=\"Sukhbir Singh\" width=\"150\" height=\"150\" srcset=\"https:\/\/www.ottawahospital.on.ca\/wp-content\/uploads\/2019\/10\/Singh-headshot-150x150.jpg 150w, https:\/\/www.ottawahospital.on.ca\/wp-content\/uploads\/2019\/10\/Singh-headshot-100x100.jpg 100w, https:\/\/www.ottawahospital.on.ca\/wp-content\/uploads\/2019\/10\/Singh-headshot.jpg 250w\" sizes=\"(max-width: 150px) 100vw, 150px\" \/><\/figure><\/figure><\/div>\n<div class=\"col-md-6\">\n<p class=\"mock\"><a href=\"https:\/\/www.ohri.ca\/profile\/ssingh\">D<sup>r<\/sup> Sukhbir Singh, MD, FRCSC, FACOG<\/a><\/p>\n<a class=\"twitter-timeline\" data-width=\"275\" data-height=\"300\" data-theme=\"light\" href=\"https:\/\/twitter.com\/DrSonySinghMD?ref_src=twsrc%5Etfw\">Tweets by DrSonySinghMD<\/a> <script async=\"\" src=\"https:\/\/platform.twitter.com\/widgets.js\" charset=\"utf-8\"><\/script>\n<\/div>\n<\/div><p>&nbsp;<\/p>\n\n\n\n<h3 class=\"h3-mock wp-block-heading\">Titulaire adjointe de la chaire de recherche clinique en services de sant\u00e9 reproductive des populations<\/h3>\n\n\n\n<div class=\"row\">\n<div class=\"col-md-3\"><figure><img decoding=\"async\" class=\"img-responsive alignnone wp-image-50150 size-thumbnail\" src=\"https:\/\/www.ottawahospital.on.ca\/wp-content\/uploads\/2019\/10\/Chen-headshot-150x150.jpg\" alt=\"Innie Chen\" width=\"150\" height=\"150\" srcset=\"https:\/\/www.ottawahospital.on.ca\/wp-content\/uploads\/2019\/10\/Chen-headshot-150x150.jpg 150w, https:\/\/www.ottawahospital.on.ca\/wp-content\/uploads\/2019\/10\/Chen-headshot-100x100.jpg 100w, https:\/\/www.ottawahospital.on.ca\/wp-content\/uploads\/2019\/10\/Chen-headshot.jpg 250w\" sizes=\"(max-width: 150px) 100vw, 150px\" \/><\/figure><\/div>\n<div class=\"col-md-6\">\n<p class=\"mock\"><a href=\"https:\/\/www.ohri.ca\/profile\/ichen\">D<sup>re<\/sup> Innie Chen, MD, MPH, FRCSC<\/a><\/p>\n<\/div>\n<\/div><p>&nbsp;<\/p>\n\n\n\n<h2 class=\"h2-mock wp-block-heading\">Essais cliniques <\/h2>\n\n\n\n<h3 class=\"h3-mock wp-block-heading\">\u00c9tude&nbsp;M14-702 d\u2019AbbVie\n<\/h3>\n\n\n\n<p class=\"mock\">\u00c9tude de phase&nbsp;3 visant \u00e0 \u00e9valuer l\u2019efficacit\u00e9 et l\u2019innocuit\u00e9 de l\u2019elagolix en association avec l\u2019estradiol ou l\u2019ac\u00e9tate de nor\u00e9thist\u00e9rone dans la prise en charge de la douleur mod\u00e9r\u00e9e \u00e0 grave li\u00e9e \u00e0 l\u2019endom\u00e9triose chez des patientes.<\/p>\n\n\n\n<h3 class=\"h3-mock wp-block-heading\">Registre Capture d\u2019Allergan\n<\/h3>\n\n\n\n<p class=\"mock\">Utilisation d\u2019un registre des patients dans le cadre d\u2019une \u00e9tude multicentrique prospective non interventionnelle pour \u00e9valuer la prise en charge des Canadiennes atteintes de fibromes ut\u00e9rins.<\/p>\n\n\n\n<h3 class=\"h3-mock wp-block-heading\">\u00c9tude Asteroid de Bayer<\/h3>\n\n\n\n<p class=\"mock\">\u00c9tude multicentrique \u00e0 r\u00e9partition al\u00e9atoire avec groupe parall\u00e8le visant \u00e0 \u00e9valuer l\u2019efficacit\u00e9 et l\u2019innocuit\u00e9 du vilaprisan chez des sujets pr\u00e9sentant des fibromes ut\u00e9rins.<\/p>\n\n\n\n<h3 class=\"h3-mock wp-block-heading\">\u00c9tude Villendo de Bayer<\/h3>\n\n\n\n<p class=\"mock\">\u00c9tude multicentrique de phase 2 \u00e0 r\u00e9partition al\u00e9atoire, \u00e0 double insu et avec groupes parall\u00e8les visant \u00e0 \u00e9valuer l\u2019efficacit\u00e9 et l\u2019innocuit\u00e9 de deux doses diff\u00e9rentes de vilaprisan (BAY 1002670) par rapport \u00e0 un placebo chez des femmes atteintes d\u2019endom\u00e9triose symptomatique.<\/p>\n\n\n\n<h3 class=\"h3-mock wp-block-heading\">Registre du projet EPHect <\/h3>\n\n\n\n<p class=\"mock\">\u00c9tude de la relation entre les sympt\u00f4mes cliniques et les pr\u00e9sentations de l\u2019endom\u00e9triose sur la base d\u2019un registre des patientes.<\/p>\n\n\n<div class=\"alert alert-info disclaimer\" role=\"alert\">Ce site Web utilise le f\u00e9minin, mais inclut toute personne, y compris les personnes transgenres qui ne s\u2019identifient peut-\u00eatre pas \u00e0 une femme. Le personnel du Centre de sant\u00e9 pour les femmes Shirley-E.-Greenberg s\u2019engage \u00e0 respecter les droits de toutes les personnes \u00e0 qui le site Web s\u2019adresse, incluant les personnes transgenres, de genre non binaire et intersexu\u00e9es.<\/div>","protected":false},"excerpt":{"rendered":"<p>Le Centre de sant\u00e9 pour les femmes Shirley-E.-Greenberg offre des programmes de recherche novateurs dans le but de r\u00e9pondre \u00e0 d\u2019importantes questions cliniques et en mati\u00e8re de politiques qui influencent directement les soins en sant\u00e9 reproductive chez la femme. L\u2019unit\u00e9 de recherche du Centre est \u00e0 l\u2019origine de nombreuses perc\u00e9es majeures dans le domaine de [&hellip;]<\/p>\n","protected":false},"author":25,"featured_media":0,"parent":14473,"menu_order":1,"comment_status":"closed","ping_status":"closed","template":"","meta":{"_acf_changed":false,"_mc_calendar":[],"footnotes":""},"class_list":["post-50638","page","type-page","status-publish","hentry"],"acf":[],"wps_subtitle":"","_links":{"self":[{"href":"https:\/\/www.ottawahospital.on.ca\/fr\/wp-json\/wp\/v2\/pages\/50638","targetHints":{"allow":["GET"]}}],"collection":[{"href":"https:\/\/www.ottawahospital.on.ca\/fr\/wp-json\/wp\/v2\/pages"}],"about":[{"href":"https:\/\/www.ottawahospital.on.ca\/fr\/wp-json\/wp\/v2\/types\/page"}],"author":[{"embeddable":true,"href":"https:\/\/www.ottawahospital.on.ca\/fr\/wp-json\/wp\/v2\/users\/25"}],"replies":[{"embeddable":true,"href":"https:\/\/www.ottawahospital.on.ca\/fr\/wp-json\/wp\/v2\/comments?post=50638"}],"version-history":[{"count":0,"href":"https:\/\/www.ottawahospital.on.ca\/fr\/wp-json\/wp\/v2\/pages\/50638\/revisions"}],"up":[{"embeddable":true,"href":"https:\/\/www.ottawahospital.on.ca\/fr\/wp-json\/wp\/v2\/pages\/14473"}],"wp:attachment":[{"href":"https:\/\/www.ottawahospital.on.ca\/fr\/wp-json\/wp\/v2\/media?parent=50638"}],"curies":[{"name":"wp","href":"https:\/\/api.w.org\/{rel}","templated":true}]}}