{"id":50612,"date":"2019-11-28T15:14:00","date_gmt":"2019-11-28T20:14:00","guid":{"rendered":"https:\/\/www.ottawahospital.on.ca\/?page_id=50612"},"modified":"2020-02-04T08:12:29","modified_gmt":"2020-02-04T13:12:29","slug":"programmes-cliniques","status":"publish","type":"page","link":"https:\/\/www.ottawahospital.on.ca\/fr\/services-cliniques\/deptpgrmcs\/programmes\/centre-de-sante-pour-les-femmes-shirley-e-greenberg\/programmes-cliniques\/","title":{"rendered":"Programmes cliniques"},"content":{"rendered":"<div class=\"contact-text-inner toh-blue\">\n<p class=\"contact-text\">Pour joindre l\u2019un de nos programmes cliniques, composez le 613-738-8400, poste 81725.<\/p>\n<p class=\"callout-text\">Pour joindre le programme d\u2019\u00e9chographie pelvienne, composez le 613-738-8400, poste 88399.<\/p>\n<\/div>\n<h2>Sant\u00e9 des femmes d\u2019\u00e2ge m\u00fbr<\/h2>\n<h3>Clinique de la m\u00e9nopause<\/h3>\n<p>La Clinique de la m\u00e9nopause prend en charge les femmes m\u00e9nopaus\u00e9es qui ont des probl\u00e8mes de sant\u00e9 complexes.<\/p>\n<h3>S\u00e9ances d\u2019information publique sur la m\u00e9nopause<\/h3>\n<p>Des s\u00e9ances d\u2019information publiques sont offertes gratuitement toute l\u2019ann\u00e9e, en fran\u00e7ais et en anglais. L\u2019inscription est obligatoire. Pour conna\u00eetre la date, l\u2019heure et le lieu des s\u00e9ances ainsi que les renseignements sur l\u2019inscription, <a href=\"https:\/\/www.ottawahospital.on.ca\/fr\/documents\/2020\/02\/seances-dinformation-publique-sur-la-menopause.pdf\">consultez le\u00a0calendrier des s\u00e9ances.<\/a><\/p>\n<h2>Oncologie gyn\u00e9cologique<\/h2>\n<h3>Clinique d\u2019oncologie gyn\u00e9cologique<\/h3>\n<p>La Clinique d\u2019oncologie gyn\u00e9cologique prend en charge les femmes atteintes ou possiblement atteintes d\u2019un cancer gyn\u00e9cologique.<\/p>\n<h2>Pr\u00e9vention et d\u00e9pistage des cancers gyn\u00e9cologiques<\/h2>\n<h3>Clinique de colposcopie<\/h3>\n<p>La colposcopie est une proc\u00e9dure d\u2019\u00e9valuation des femmes dont le r\u00e9sultat de leur test Pap est anormal ou qui ont des probl\u00e8mes au niveau du col de l\u2019ut\u00e9rus, de la vulve, du vagin et de la r\u00e9gion p\u00e9rianale. La clinique offre aussi le traitement de la dysplasie cervicale au moyen de la technique LEEP (technique d\u2019excision \u00e9lectrochirurgicale \u00e0 l\u2019anse).<\/p>\n<h3>Clinique du saignement vaginal postm\u00e9nopause<\/h3>\n<p>La Clinique du saignement vaginal postm\u00e9nopause \u00e9value les femmes m\u00e9nopaus\u00e9es qui ont des saignements vaginaux. M\u00eame si l\u2019atrophie vaginale (le r\u00e9tr\u00e9cissement de la paroi de l\u2019ut\u00e9rus et des tissus vaginaux) est la principale cause de saignements chez les femmes m\u00e9nopaus\u00e9es, il est important d\u2019\u00e9carter les autres causes possibles, incluant les l\u00e9sions canc\u00e9reuses et pr\u00e9canc\u00e9reuses.<\/p>\n<h3>Clinique de vaccination contre le VPH<\/h3>\n<p>Dans le cadre de notre programme de pr\u00e9vention du cancer gyn\u00e9cologique, nous offrons la vaccination contre le virus du papillome humain (VPH) aux femmes qui n\u2019ont pas re\u00e7u la s\u00e9rie de vaccins contre le VPH.<\/p>\n<h2>Sant\u00e9 urogyn\u00e9cologique<\/h2>\n<p>Le programme de sant\u00e9 urogyn\u00e9cologique fournit des services pour le traitement de l\u2019incontinence urinaire, du dysfonctionnement de la vessie, de la descente des organes pelviens et des troubles du plancher pelvien.<\/p>\n<h3>S\u00e9ances d\u2019information publiques sur l\u2019urogyn\u00e9cologie<\/h3>\n<p class=\"mock\">Des s\u00e9ances d\u2019information publiques sont offertes gratuitement toute l\u2019ann\u00e9e. L\u2019inscription est obligatoire. Pour conna\u00eetre la date, l\u2019heure et le lieu des s\u00e9ances ainsi que les renseignements sur l\u2019inscription, consultez le <a href=\"https:\/\/tohtesting.wpengine.com\/wp-content\/uploads\/2018\/07\/163389-Info-Session-Womens-Bladder-Health-Fr-WCAG.pdf\">calendrier des s\u00e9ances<\/a>.<\/p>\n<h2>Chirurgie gyn\u00e9cologique complexe<\/h2>\n<p>Le programme de chirurgie gyn\u00e9cologique complexe offre des consultations aux femmes qui pourraient devoir \u00eatre op\u00e9r\u00e9es pour des troubles gyn\u00e9cologiques complexes tels que les fibromes, l\u2019endom\u00e9triose et la douleur pelvienne. Les patientes rencontrent des chirurgiens qui ont une formation avanc\u00e9e en laparoscopie, qui est la technique utilis\u00e9e dans la plupart de ces interventions. Le programme offre \u00e9galement aux patientes externes des services de chirurgie gyn\u00e9cologique au bloc op\u00e9ratoire de chirurgies mini-invasives du Centre.<\/p>\n<h2>Planification familiale<\/h2>\n<p>Le programme de planification familiale fournit des soins et du counseling en mati\u00e8re de contraception aux femmes en \u00e2ge de procr\u00e9er. Le programme s\u2019adresse tout particuli\u00e8rement aux femmes qui ont des probl\u00e8mes complexes de contraception, notamment en raison de difficult\u00e9s \u00e0 utiliser une m\u00e9thode contraceptive, d\u2019effets secondaires ind\u00e9sirables ou de probl\u00e8mes de sant\u00e9. Le programme fournit \u00e9galement des services de soutien aux femmes qui d\u00e9cident d\u2019effectuer une interruption de grossesse m\u00e9dicale ou chirurgicale.<\/p>\n<h2>Sant\u00e9 de la vulve<\/h2>\n<p>Le programme de sant\u00e9 de la vulve offre des soins aux personnes qui pr\u00e9sentent les sympt\u00f4mes d\u2019une maladie de la vulve.<\/p>\n<h2>Programme de prise en charge ambulatoire des fausses couches en d\u00e9but de grossesse (OPEL)<\/h2>\n<p>Le Programme de prise en charge ambulatoire des fausses couches en d\u00e9but de grossesse (OPEL) est unique au Canada et offre aux femmes qui vivent une fausse couche en d\u00e9but de grossesse un acc\u00e8s rapide au traitement chirurgical.<\/p>\n<h2>Programme de prise en charge des femmes ayant une incapacit\u00e9 physique (Programme EQUALITI)<\/h2>\n<p>Le programme EQUALITI vise \u00e0 am\u00e9liorer la qualit\u00e9 et l\u2019accessibilit\u00e9 des soins en sant\u00e9 reproductive pour les femmes ayant une incapacit\u00e9 physique. Le programme constitue un guichet unique pour r\u00e9pondre aux besoins sp\u00e9cialis\u00e9s de cette population, et ce, dans un environnement accessible et adapt\u00e9. On y effectue souvent l\u2019\u00e9chographie, l\u2019\u00e9valuation et le traitement au cours d\u2019une m\u00eame visite et le suivi est assur\u00e9 par t\u00e9l\u00e9phone pour r\u00e9duire la fr\u00e9quence des d\u00e9placements des personnes qui b\u00e9n\u00e9ficient du programme.<\/p>\n<h2>Soins gyn\u00e9cologiques pour les survivantes du cancer<\/h2>\n<p class=\"mock\">Le programme de soins gyn\u00e9cologiques pour les survivantes du cancer r\u00e9pond aux besoins gyn\u00e9cologiques des femmes qui ont surv\u00e9cu \u00e0 un cancer gyn\u00e9cologique ou autre.<\/p>\n<h2>Imagerie pelvienne<\/h2>\n<p>Le programme d\u2019imagerie pelvienne offre des \u00e9chographies gyn\u00e9cologiques de pointe. Notre programme utilise des techniques d\u2019imagerie 2D et 3D capables de fournir aux patientes et \u00e0 leurs professionnels de la sant\u00e9 des renseignements importants en mati\u00e8re de d\u00e9pistage gyn\u00e9cologique, d\u2019\u00e9valuation des sympt\u00f4mes et de planification chirurgicale. Le programme est ax\u00e9 sur les examens et les proc\u00e9dures d\u2019\u00e9chographies gyn\u00e9cologiques, par exemple l\u2019hyst\u00e9rosonographie (avec solution saline), les aspirations de kyste et les examens \u00e9chographiques sp\u00e9cialis\u00e9s pour l\u2019endom\u00e9triose.<\/p>\n<div class=\"alert alert-info disclaimer\" role=\"alert\">Ce site Web utilise le f\u00e9minin, mais inclut toute personne, y compris les personnes transgenres qui ne s\u2019identifient peut-\u00eatre pas \u00e0 une femme. Le personnel du Centre de sant\u00e9 pour les femmes Shirley-E.-Greenberg s\u2019engage \u00e0 respecter les droits de toutes les personnes \u00e0 qui le site Web s\u2019adresse, incluant les personnes transgenres, de genre non binaire et intersexu\u00e9es.<\/div>\n","protected":false},"excerpt":{"rendered":"<p>Pour joindre l\u2019un de nos programmes cliniques, composez le 613-738-8400, poste 81725. Pour joindre le programme d\u2019\u00e9chographie pelvienne, composez le 613-738-8400, poste 88399. Sant\u00e9 des femmes d\u2019\u00e2ge m\u00fbr Clinique de la m\u00e9nopause La Clinique de la m\u00e9nopause prend en charge les femmes m\u00e9nopaus\u00e9es qui ont des probl\u00e8mes de sant\u00e9 complexes. S\u00e9ances d\u2019information publique sur la [&hellip;]<\/p>\n","protected":false},"author":25,"featured_media":0,"parent":14473,"menu_order":0,"comment_status":"closed","ping_status":"closed","template":"","meta":{"_acf_changed":false,"_mc_calendar":[],"footnotes":""},"class_list":["post-50612","page","type-page","status-publish","hentry"],"acf":[],"wps_subtitle":"","_links":{"self":[{"href":"https:\/\/www.ottawahospital.on.ca\/fr\/wp-json\/wp\/v2\/pages\/50612","targetHints":{"allow":["GET"]}}],"collection":[{"href":"https:\/\/www.ottawahospital.on.ca\/fr\/wp-json\/wp\/v2\/pages"}],"about":[{"href":"https:\/\/www.ottawahospital.on.ca\/fr\/wp-json\/wp\/v2\/types\/page"}],"author":[{"embeddable":true,"href":"https:\/\/www.ottawahospital.on.ca\/fr\/wp-json\/wp\/v2\/users\/25"}],"replies":[{"embeddable":true,"href":"https:\/\/www.ottawahospital.on.ca\/fr\/wp-json\/wp\/v2\/comments?post=50612"}],"version-history":[{"count":0,"href":"https:\/\/www.ottawahospital.on.ca\/fr\/wp-json\/wp\/v2\/pages\/50612\/revisions"}],"up":[{"embeddable":true,"href":"https:\/\/www.ottawahospital.on.ca\/fr\/wp-json\/wp\/v2\/pages\/14473"}],"wp:attachment":[{"href":"https:\/\/www.ottawahospital.on.ca\/fr\/wp-json\/wp\/v2\/media?parent=50612"}],"curies":[{"name":"wp","href":"https:\/\/api.w.org\/{rel}","templated":true}]}}