{"id":5059,"date":"2016-11-08T13:59:46","date_gmt":"2016-11-08T18:59:46","guid":{"rendered":"http:\/\/52.229.122.34\/fr\/?page_id=5059"},"modified":"2016-12-15T16:22:00","modified_gmt":"2016-12-15T21:22:00","slug":"nos-partenaires","status":"publish","type":"page","link":"https:\/\/www.ottawahospital.on.ca\/fr\/about-us\/nos-partenaires\/","title":{"rendered":"Nos partenaires"},"content":{"rendered":"<p><strong><a href=\"https:\/\/fondationho.ca\/projets-en-cours\/research\/la-recherche-au-coeur-de-nos-vies\" target=\"_blank\"><img decoding=\"async\" class=\"size-full wp-image-5061 alignright\" src=\"\/wp-content\/uploads\/2016\/11\/tlr_sidebarvideosbanner_fr.jpg\" alt=\"La recherche au coeur de nos vies\" width=\"175\" height=\"301\" srcset=\"https:\/\/www.ottawahospital.on.ca\/wp-content\/uploads\/2016\/11\/tlr_sidebarvideosbanner_fr.jpg 175w, https:\/\/www.ottawahospital.on.ca\/wp-content\/uploads\/2016\/11\/tlr_sidebarvideosbanner_fr-174x300.jpg 174w\" sizes=\"(max-width: 175px) 100vw, 175px\" \/><\/a>L&rsquo;H\u00f4pital d&rsquo;Ottawa est un chef de file parmi les centres hospitaliers universitaires du Canada.<\/strong> Avec ses partenaires, l&rsquo;H\u00f4pital s&rsquo;est taill\u00e9 une excellente r\u00e9putation au chapitre des soins, de l&rsquo;enseignement et de la recherche. L&rsquo;H\u00f4pital compte trois principaux campus : Civic, G\u00e9n\u00e9ral et Riverside.<\/p>\n<p>L&rsquo;H\u00f4pital d&rsquo;Ottawa est un fournisseur humanitaire de services de sant\u00e9 complets, de qualit\u00e9 sup\u00e9rieure, centr\u00e9s sur le patient. Il offre ses services en fran\u00e7ais et en anglais \u00e0 plus de 1,3 million de personnes \u00e0 Ottawa et dans l&rsquo;Est ontarien. Il compte des centres qui se sp\u00e9cialisent en canc\u00e9rologie, en cardiologie, en n\u00e9phrologie, en soins de la vue, en sant\u00e9 des femmes et en r\u00e9adaptation.<\/p>\n<p>L&rsquo;H\u00f4pital d&rsquo;Ottawa est l&rsquo;un des plus grands centres hospitaliers universitaires du Canada et l&rsquo;un des plus importants employeurs de sa r\u00e9gion. Il est donc un atout pr\u00e9cieux pour la prosp\u00e9rit\u00e9 \u00e9conomique de la r\u00e9gion de la capitale nationale. Il contribue \u00e9galement \u00e0 la r\u00e9putation d&rsquo;Ottawa d&rsquo;\u00eatre l&rsquo;une des meilleures villes o\u00f9 il fait bon vivre, travailler et \u00e9lever une famille.<\/p>\n<p>Les r\u00e9seaux locaux d&rsquo;int\u00e9gration des services de sant\u00e9 (RLISS) font partie int\u00e9grante du projet du gouvernement de renforcer le syst\u00e8me de sant\u00e9 en Ontario. L&rsquo;H\u00f4pital d&rsquo;Ottawa est un fier partenaire dans les soins offerts au sein du <a href=\"https:\/\/www.champlainlhin.on.ca\/\" target=\"_blank\">RLISS Champlain<\/a>.<\/p>\n<p>L&rsquo;H\u00f4pital d&rsquo;Ottawa est dirig\u00e9 par un <a href=\"\/fr\/about-us\/notre-equipe-de-direction\/conseil-des-gouverneurs\/\">Conseil des gouverneurs<\/a> b\u00e9n\u00e9vole compos\u00e9 de 20 membres nomm\u00e9s et \u00e9lus, dont des repr\u00e9sentants de l&rsquo;Universit\u00e9 d&rsquo;Ottawa et d&rsquo;autres groupes de la collectivit\u00e9.<\/p>\n<h2>Partenaires en mati\u00e8re de soins<\/h2>\n<p>Situ\u00e9 au Campus Civic, l&rsquo;<a href=\"https:\/\/www.ottawaheart.ca\/fr\" target=\"_blank\">Institut de cardiologie de l&rsquo;Universit\u00e9 d&rsquo;Ottawa<\/a> est un centre d&rsquo;excellence de renomm\u00e9e internationale. Il est le seul centre int\u00e9gral de cardiologie au Canada o\u00f9 l&rsquo;on offre \u00e0 la fois des services de pr\u00e9vention, de diagnostic, de traitement et de r\u00e9adaptation, tout en menant des recherches et en formant la rel\u00e8ve.<\/p>\n<h2>Partenaires en mati\u00e8re de formation et de recherche<\/h2>\n<p>L&rsquo;<a href=\"https:\/\/www.ohri.ca\/\" target=\"_blank\">Institut de recherche de l&rsquo;H\u00f4pital d&rsquo;Ottawa (IRHO)<\/a> regroupe toutes les activit\u00e9s de recherche de l&rsquo;H\u00f4pital et constitue un \u00e9l\u00e9ment essentiel des facult\u00e9s de m\u00e9decine et des sciences de la sant\u00e9 de l&rsquo;Universit\u00e9 d&rsquo;Ottawa. Ce partenariat a engendr\u00e9 des d\u00e9couvertes qui ont eu des r\u00e9percussions \u00e0 l&rsquo;\u00e9chelle mondiale, pr\u00e9sent\u00e9es \u00e0 titre de solutions aux patients, et enseign\u00e9es tout d&rsquo;abord aux professionnels de la sant\u00e9 ici m\u00eame, \u00e0 Ottawa! L&rsquo;IRHO conna\u00eet une croissance fulgurante et figure parmi les instituts de recherche en milieu hospitalier les plus respect\u00e9s au Canada.<\/p>\n<p>L&rsquo;H\u00f4pital d&rsquo;Ottawa a pour mission de former la prochaine g\u00e9n\u00e9ration de professionnels de la sant\u00e9. Notre partenaire principal pour ce travail est l&rsquo;<a href=\"https:\/\/www.uottawa.ca\/\" target=\"_blank\">Universit\u00e9 d&rsquo;Ottawa<\/a>. Un grand nombre de nos chercheurs et professionnels de la sant\u00e9 enseignent aussi aux facult\u00e9s de m\u00e9decine et des sciences de la sant\u00e9 de l&rsquo;universit\u00e9. Parall\u00e8lement, nous accueillons \u00e0 l&rsquo;H\u00f4pital des \u00e9tudiants en m\u00e9decine et en sciences de la sant\u00e9 de tous les niveaux. Ces \u00e9tudiants contribuent grandement \u00e0 la sant\u00e9 et au r\u00e9tablissement de nos patients.<\/p>\n<h2>Partenaires en mati\u00e8re de promotion du soutien de la collectivit\u00e9<\/h2>\n<p>L&rsquo;H\u00f4pital d&rsquo;Ottawa et ses partenaires sont privil\u00e9gi\u00e9s de pouvoir compter sur la grande g\u00e9n\u00e9rosit\u00e9 de la collectivit\u00e9. Nos fondations et nos associations de b\u00e9n\u00e9voles collaborent pour promouvoir ce soutien, afin que nous puissions obtenir l&rsquo;\u00e9quipement m\u00e9dical de pointe, les meilleures installations, la recherche novatrice et les professionnels de la sant\u00e9 les mieux form\u00e9s.<\/p>\n<p><a href=\"https:\/\/www.fondationho.ca\/\" target=\"_blank\">La Fondation de l&rsquo;H\u00f4pital d&rsquo;Ottawa<\/a> a pour mission d&rsquo;inspirer les gens \u00e0 appuyer des soins de sant\u00e9 de la qualit\u00e9 la plus \u00e9lev\u00e9e possible \u00e0 L&rsquo;H\u00f4pital d&rsquo;Ottawa et au Centre de r\u00e9adaptation, et \u00e0 soutenir des projets de recherche de calibre international \u00e0 l&rsquo;Institut de recherche de l&rsquo;H\u00f4pital d&rsquo;Ottawa \u2013 et \u00e0 leur permettre de donner suite \u00e0 cette inspiration.<\/p>\n<p>Chaque ann\u00e9e, plus de 1 700 b\u00e9n\u00e9voles pr\u00eatent main forte pour aider l&rsquo;h\u00f4pital \u00e0 jouer le r\u00f4le qui lui revient. Ces b\u00e9n\u00e9voles appartiennent \u00e0 l&rsquo;une ou l&rsquo;autre des associations suivantes :<\/p>\n<ul>\n<li>Les Auxiliaires Civic de L&rsquo;H\u00f4pital d&rsquo;Ottawa<\/li>\n<li>Les Amis de l&rsquo;H\u00f4pital d&rsquo;Ottawa \u2013 Campus G\u00e9n\u00e9ral<\/li>\n<li>Les Auxiliaires du Campus Riverside de L&rsquo;H\u00f4pital d&rsquo;Ottawa<\/li>\n<li>Association des b\u00e9n\u00e9voles du Centre de r\u00e9adaptation<\/li>\n<li>Services b\u00e9n\u00e9voles de la Soci\u00e9t\u00e9 canadienne du cancer<\/li>\n<li>Auxiliaires b\u00e9n\u00e9voles \u00e0 l&rsquo;Institut de cardiologie de l&rsquo;Universit\u00e9 d&rsquo;Ottawa<\/li>\n<li>VHA Soins et soutien \u00e0 domicile<\/li>\n<\/ul>\n","protected":false},"excerpt":{"rendered":"<p>L&rsquo;H\u00f4pital d&rsquo;Ottawa est un chef de file parmi les centres hospitaliers universitaires du Canada. Avec ses partenaires, l&rsquo;H\u00f4pital s&rsquo;est taill\u00e9 une excellente r\u00e9putation au chapitre des soins, de l&rsquo;enseignement et de la recherche. L&rsquo;H\u00f4pital compte trois principaux campus : Civic, G\u00e9n\u00e9ral et Riverside. L&rsquo;H\u00f4pital d&rsquo;Ottawa est un fournisseur humanitaire de services de sant\u00e9 complets, de [&hellip;]<\/p>\n","protected":false},"author":25,"featured_media":0,"parent":74,"menu_order":5,"comment_status":"closed","ping_status":"closed","template":"","meta":{"_acf_changed":false,"_mc_calendar":[],"footnotes":""},"class_list":["post-5059","page","type-page","status-publish","hentry"],"acf":[],"wps_subtitle":"","_links":{"self":[{"href":"https:\/\/www.ottawahospital.on.ca\/fr\/wp-json\/wp\/v2\/pages\/5059","targetHints":{"allow":["GET"]}}],"collection":[{"href":"https:\/\/www.ottawahospital.on.ca\/fr\/wp-json\/wp\/v2\/pages"}],"about":[{"href":"https:\/\/www.ottawahospital.on.ca\/fr\/wp-json\/wp\/v2\/types\/page"}],"author":[{"embeddable":true,"href":"https:\/\/www.ottawahospital.on.ca\/fr\/wp-json\/wp\/v2\/users\/25"}],"replies":[{"embeddable":true,"href":"https:\/\/www.ottawahospital.on.ca\/fr\/wp-json\/wp\/v2\/comments?post=5059"}],"version-history":[{"count":0,"href":"https:\/\/www.ottawahospital.on.ca\/fr\/wp-json\/wp\/v2\/pages\/5059\/revisions"}],"up":[{"embeddable":true,"href":"https:\/\/www.ottawahospital.on.ca\/fr\/wp-json\/wp\/v2\/pages\/74"}],"wp:attachment":[{"href":"https:\/\/www.ottawahospital.on.ca\/fr\/wp-json\/wp\/v2\/media?parent=5059"}],"curies":[{"name":"wp","href":"https:\/\/api.w.org\/{rel}","templated":true}]}}