{"id":50576,"date":"2019-11-27T10:12:05","date_gmt":"2019-11-27T15:12:05","guid":{"rendered":"https:\/\/www.ottawahospital.on.ca\/?page_id=50576"},"modified":"2024-10-22T09:12:23","modified_gmt":"2024-10-22T13:12:23","slug":"irmtriagecentral","status":"publish","type":"page","link":"https:\/\/www.ottawahospital.on.ca\/fr\/irmtriagecentral\/","title":{"rendered":"IRM triage central"},"content":{"rendered":"<h2>Service de triage central des demandes d\u2019IRM pour patients externes<\/h2>\n<p><strong>Il y a un nouveau Service de triage central des demandes d\u2019IRM non urgentes pour les patients externes. <\/strong><\/p>\n<p>Les fournisseurs de services d\u2019IRM (imagerie par r\u00e9sonnance magn\u00e9tique) de la r\u00e9gion d\u2019Ottawa et de l\u2019Est ontarien sont pri\u00e9s d\u2019utiliser ce service, car il permet de mieux coordonner l\u2019acc\u00e8s aux IRM pour ces patients.<\/p>\n<p>\u00c0 noter\u00a0: le processus de soumission d\u2019une demande d\u2019IRM urgente ou pour un patient hospitalis\u00e9 reste inchang\u00e9.<\/p>\n<h2>Comment faire une demande d\u2019IRM pour un patient externe<\/h2>\n<p>Toute demande d\u2019examen d\u2019IRM doit provenir d\u2019un m\u00e9decin et passer par le Service de triage central.<\/p>\n<p>Les m\u00e9decins dont l\u2019\u00e9tablissement est membre de l\u2019Alliance Atlas et qui ont acc\u00e8s au syst\u00e8me de saisie informatis\u00e9e des ordonnances (SSIO) doivent continuer d\u2019utiliser EPIC pour demander une IRM. Les \u00e9tablissements suivants sont membres de l\u2019Alliance Atlas\u00a0:<\/p>\n<ul>\n<li>L\u2019H\u00f4pital d\u2019Ottawa<\/li>\n<li>\u00c9quipe universitaire de sant\u00e9 familiale de L\u2019H\u00f4pital d\u2019Ottawa<\/li>\n<li>Institut de cardiologie de l\u2019Universit\u00e9 d\u2019Ottawa<\/li>\n<li>H\u00f4pital G\u00e9n\u00e9ral de Hawkesbury et district<\/li>\n<li>H\u00f4pital Victoria de Renfrew<\/li>\n<li>H\u00f4pital Francis Memorial<\/li>\n<\/ul>\n<h3>M\u00e9decins qui ne font pas partie de l\u2019Alliance Atlas<\/h3>\n<ul>\n<li>Veuillez utiliser la nouvelle <a href=\"https:\/\/www.ottawahospital.on.ca\/fr\/documents\/2019\/12\/triage-central-des-demandes-dirm-pour-patients.pdf\/\" target=\"_blank\" rel=\"noopener noreferrer\">Demande de service d\u2019IRM<\/a> et le nouveau <a href=\"https:\/\/www.ottawahospital.on.ca\/fr\/documents\/2019\/12\/formulaire-prealable-a-un-examen-dirm.pdf\/\" target=\"_blank\" rel=\"noopener noreferrer\">Formulaire pr\u00e9alable \u00e0 un examen d\u2019IRM<\/a> pour les demandes d\u2019IRM pour un patient externe, qui remplacent les diff\u00e9rents formulaires anciennement utilis\u00e9s aux diff\u00e9rents \u00e9tablissements.\n<ul>\n<li>Vous pouvez aussi les t\u00e9l\u00e9charger dans les dossiers \u00e9lectroniques Telus (PS Suite), OSCAR et Accuro (QHR).<\/li>\n<\/ul>\n<\/li>\n<li>Vous devez envoyer toute demande par t\u00e9l\u00e9copieur au<strong> 1-613-737-8944<\/strong>.<\/li>\n<li>La plupart des m\u00e9decins de la collectivit\u00e9 peuvent acc\u00e9der \u00e0 la plateforme Ocean pour g\u00e9n\u00e9rer et soumettre des demandes de consultation directement \u00e0 partir de leurs dossiers m\u00e9dicaux \u00e9lectroniques. Si vous utilisez d\u00e9j\u00e0 Ocean, s\u00e9lectionnez l\u2019option \u00ab\u00a0Eastern Ontario MRI Central Intake Program\u00a0\u00bb.<\/li>\n<\/ul>\n<p>Si vous souhaitez en apprendre davantage sur Ocean eReferral, \u00e9crivez \u00e0 <a href=\"mailto:contact@ereferralontarioeast.ca\">contact@ereferralontarioeast.ca<\/a>.<\/p>\n<h3>Nouveaux outils d\u2019aide \u00e0 la prise de d\u00e9cisions<\/h3>\n<p>Afin d\u2019appuyer les pratiques exemplaires et d\u2019optimiser l\u2019acc\u00e8s aux services d\u2019IRM sp\u00e9cialis\u00e9s, on a \u00e9labor\u00e9 des lignes directrices fond\u00e9es sur des donn\u00e9es probantes pour les demandes d\u2019IRM li\u00e9es aux maux de t\u00eate ou aux douleurs lombaires. Vous devez inclure la <strong>liste de v\u00e9rification d\u2019aide \u00e0 la prise de d\u00e9cisions<\/strong> correspondant \u00e0 l\u2019examen d\u2019IRM demand\u00e9 avec votre demande d\u2019IRM. Voir les liens au bas de la page.<\/p>\n<h2>Une fois la demande envoy\u00e9e au Service de triage central<\/h2>\n<ol>\n<li>Le Service de triage central examine la demande et ses documents connexes pour s\u2019assurer que tout est complet et qu\u2019il n\u2019y a pas de d\u00e9doublement (demande envoy\u00e9e plus d\u2019une fois).<\/li>\n<li>Le Service de triage central transmet la demande \u00e0 l\u2019un des fournisseurs de services d\u2019IRM de la r\u00e9gion, et ce, selon les crit\u00e8res ci-dessous.<\/li>\n<\/ol>\n<ul>\n<li>type d\u2019examen demand\u00e9<\/li>\n<li>emplacement du service<\/li>\n<li>temps d\u2019attente<\/li>\n<li>\u00e2ge du patient<\/li>\n<li>lieu de r\u00e9sidence du patient<\/li>\n<li>langue officielle de pr\u00e9f\u00e9rence du patient<\/li>\n<li>toute autre pr\u00e9f\u00e9rence incluse dans la demande<\/li>\n<\/ul>\n<p>\u00c0 noter\u00a0: L\u2019\u00e9tablissement fournissant les services d\u2019IRM continuera de communiquer directement avec le patient pour confirmer la date du rendez-vous.<\/p>\n<ol start=\"3\">\n<li>Apr\u00e8s l\u2019examen, l\u2019\u00e9tablissement enverra les rapports au m\u00e9decin traitant.<\/li>\n<\/ol>\n<p><strong>Le Service de triage central acheminera les demandes de service d\u2019IRM aux h\u00f4pitaux suivants\u00a0: \u00a0<\/strong><\/p>\n<ul>\n<li>H\u00f4pital r\u00e9gional de Pembroke<\/li>\n<li>H\u00f4pital communautaire de Cornwall<\/li>\n<li>H\u00f4pital Queensway Carleton<\/li>\n<li>H\u00f4pital Montfort<\/li>\n<li>L\u2019H\u00f4pital d\u2019Ottawa<\/li>\n<li>CHEO<\/li>\n<li>H\u00f4pital G\u00e9n\u00e9ral de Hawkesbury<\/li>\n<\/ul>\n<p>Pour les patients qui souhaitent recevoir des services en fran\u00e7ais, l\u2019H\u00f4pital Montfort et l\u2019H\u00f4pital g\u00e9n\u00e9ral de Hawkesbury sont les seuls h\u00f4pitaux de la r\u00e9gion \u00e0 garantir des services complets en fran\u00e7ais.<\/p>\n<h2>La confidentialit\u00e9 de nos patients<\/h2>\n<p>En Ontario, le patient a droit au respect de sa vie priv\u00e9e.<\/p>\n<p>Le patient a le droit de\u00a0:<\/p>\n<ul>\n<li>nous donner ou refuser de nous donner son consentement pour le traitement de ses renseignements personnels sur la sant\u00e9 aux fins de la prestation de soins<\/li>\n<li>demander \u00e0 voir les renseignements dont nous disposons \u00e0 son sujet et \u00e0 les faire corriger au besoin<\/li>\n<li>poser des questions ou d\u00e9poser une plainte au sujet de la fa\u00e7on dont nous prot\u00e9geons ses renseignements personnels et sa vie priv\u00e9e.<\/li>\n<\/ul>\n<p>Si vous avez des questions sur les mani\u00e8res dont L\u2019H\u00f4pital d\u2019Ottawa et le Service de triage central prot\u00e8gent vos renseignements personnels, n\u2019h\u00e9sitez pas \u00e0 communiquer avec le Bureau de la protection de la vie priv\u00e9e et de l\u2019information au 613-739-6668 ou \u00e0 l\u2019adresse <a href=\"mailto:info.privee@lho.ca\">info.privee@lho.ca<\/a>, en prenant soin de n\u2019y inclure aucun renseignement personnel sur la sant\u00e9.<\/p>\n<h3>Syst\u00e8me d\u2019information<\/h3>\n<p>Le Service de triage central maintient un syst\u00e8me d\u2019information qui l\u2019aide \u00e0 g\u00e9rer les demandes d\u2019IRM de toute la r\u00e9gion. L\u2019H\u00f4pital d\u2019Ottawa prend les mesures suivantes pour prot\u00e9ger les renseignements personnels sur la sant\u00e9.<\/p>\n<ul>\n<li>Une \u00e9quipe de l\u2019H\u00f4pital est charg\u00e9e de s\u2019assurer que nous suivons les politiques de s\u00e9curit\u00e9 et de protection des renseignements personnels.<\/li>\n<li>Le personnel doit signer une entente de confidentialit\u00e9.<\/li>\n<li>Le personnel re\u00e7oit une formation sur la protection des renseignements personnels et sur les pratiques exemplaires en mati\u00e8re de s\u00e9curit\u00e9.<\/li>\n<li>On a \u00e9labor\u00e9 des politiques et proc\u00e9dures qui r\u00e9gissent les activit\u00e9s de l\u2019H\u00f4pital li\u00e9es \u00e0 la s\u00e9curit\u00e9 et \u00e0 la protection des renseignements personnels et on les r\u00e9vise r\u00e9guli\u00e8rement.<\/li>\n<\/ul>\n<h3>Mesures de protection techniques<\/h3>\n<ul>\n<li>L\u2019H\u00f4pital d\u2019Ottawa assure le cryptage des donn\u00e9es avant de les envoyer \u00e0 un autre h\u00f4pital.<\/li>\n<li>L\u2019H\u00f4pital d\u2019Ottawa enregistre, surveille et v\u00e9rifie les activit\u00e9s de quiconque utilise le syst\u00e8me du Service de triage.<\/li>\n<li>L\u2019H\u00f4pital d\u2019Ottawa utilise diverses mesures de s\u00e9curit\u00e9 sur le r\u00e9seau\u00a0: pare-feu, anti-maliciel et logiciel de d\u00e9tection des intrusions.<\/li>\n<\/ul>\n<h3>Mesures de protection physiques<\/h3>\n<ul>\n<li>L\u2019H\u00f4pital a mis en \u0153uvre des syst\u00e8mes de contr\u00f4le de l\u2019environnement pour assurer une protection contre les inondations, les incendies et les pannes d\u2019\u00e9lectricit\u00e9.<\/li>\n<li>L\u2019H\u00f4pital d\u2019Ottawa a mis en place des m\u00e9canismes de s\u00e9curit\u00e9 physique comme la surveillance vid\u00e9o et l\u2019acc\u00e8s par carte pour pr\u00e9venir et d\u00e9tecter tout acc\u00e8s non autoris\u00e9.<\/li>\n<li>L\u2019H\u00f4pital d\u2019Ottawa d\u00e9truit de fa\u00e7on s\u00e9curitaire les supports de donn\u00e9es, l\u2019\u00e9quipement et les disques durs.<\/li>\n<\/ul>\n<p>Si vous souhaitez en savoir plus sur les mani\u00e8res dont le Service de triage central et L\u2019H\u00f4pital d\u2019Ottawa prot\u00e8gent votre vie priv\u00e9e, \u00e9crivez au Bureau de la protection des renseignements personnels \u00e0 <a href=\"mailto:infoprivee@lho.ca\">infoprivee@lho.ca<\/a>.<\/p>\n<div class=\"card\">\n<h2 class=\"card-header h2-mock\">Communiquer avec le Service de triage central<\/h2>\n<div class=\"card-body\">\n<p>T\u00e9l\u00e9phone\u00a0: 613-737-8883<\/p>\n<p>T\u00e9l\u00e9copieur\u00a0: 613-737-8944<\/p>\n<p>Courriel\u00a0: <a href=\"mailto:IRMtriagecentral@lho.ca\">IRMtriagecentral@lho.ca<\/a><\/p>\n<\/div>\n<\/div>\n<h2>Formulaires cliniques<\/h2>\n<ul>\n<li><a href=\"\/fr\/documents\/2019\/12\/triage-central-des-demandes-dirm-pour-patients.pdf\/\" target=\"_blank\" rel=\"noopener noreferrer\">Triage central des demandes d\u2019IRM pour patients externes<\/a><\/li>\n<li><a href=\"\/fr\/documents\/2019\/12\/formulaire-prealable-a-un-examen-dirm.pdf\/\" target=\"_blank\" rel=\"noopener noreferrer\">Formulaire pr\u00e9alable \u00e0 un examen d\u2019IRM<\/a><\/li>\n<li>Demande d\u2019IRM \u2013 outil d\u2019aide \u00e0 la prise de d\u00e9cisions \u2013 maux de t\u00eate chez l\u2019adulte<\/li>\n<li>Demande d\u2019IRM \u2013 outil d\u2019aide \u00e0 la prise de d\u00e9cisions \u2013 douleur au bas du dos chez l\u2019adulte<\/li>\n<\/ul>\n<h2>Archives des notes de service<\/h2>\n<h3>Information pour (en anglais)<\/h3>\n<ul>\n<li><a href=\"https:\/\/www.ottawahospital.on.ca\/en\/documents\/2019\/12\/family-practitioner-one-pager.pdf\/\" target=\"_blank\" rel=\"noopener noreferrer\">m\u00e9decins de famille<\/a><\/li>\n<li><a href=\"\/en\/documents\/2019\/12\/mri-hospital-referrer-one-pager.pdf\/\" target=\"_blank\" rel=\"noopener noreferrer\">m\u00e9decins d\u2019un h\u00f4pital<\/a><\/li>\n<li><a href=\"\/en\/documents\/2019\/12\/non-mri-hospital-referrer-one-pager-2019.pdf\/\" target=\"_blank\" rel=\"noopener noreferrer\">m\u00e9decins de la collectivit\u00e9<\/a><\/li>\n<li><a href=\"\/en\/documents\/2019\/12\/radiologist-one-pager.pdf\/\" target=\"_blank\" rel=\"noopener noreferrer\">radiologistes<\/a><\/li>\n<li><a href=\"\/en\/documents\/2019\/12\/site-clerk-one-pager.pdf\/\">commis<\/a><\/li>\n<li><a href=\"\/en\/documents\/2019\/12\/specialist-referrer-one-pager.pdf\/\" target=\"_blank\" rel=\"noopener noreferrer\">m\u00e9decins sp\u00e9cialistes<\/a><\/li>\n<li><a href=\"\/en\/documents\/2019\/12\/central-intake-for-outpatient-mri-patient.pdf\/\" target=\"_blank\" rel=\"noopener noreferrer\">patients<\/a><\/li>\n<\/ul>\n<h3>Renseignements sur le Service de triage central<\/h3>\n<ul>\n<li><a href=\"\/en\/documents\/2019\/12\/general-ci.pdf\/\" target=\"_blank\" rel=\"noopener noreferrer\">Renseignements g\u00e9n\u00e9raux<\/a> (en anglais)<\/li>\n<li>IRM et TDM pour des maux de t\u00eate \u2013 Lignes directrices pour les patients adultes<\/li>\n<li>IRM et TDM pour une douleur lombaire \u2013 Lignes directrices pour les patients adultes<\/li>\n<li><a href=\"\/en\/documents\/2019\/12\/tips-completing-the-new-mri-requisition.pdf\/\" target=\"_blank\" rel=\"noopener noreferrer\">Conseils pour remplir la nouvelle demande d\u2019IRM<\/a> (en anglais)<\/li>\n<\/ul>\n","protected":false},"excerpt":{"rendered":"<p>Service de triage central des demandes d\u2019IRM pour patients externes Il y a un nouveau Service de triage central des demandes d\u2019IRM non urgentes pour les patients externes. Les fournisseurs de services d\u2019IRM (imagerie par r\u00e9sonnance magn\u00e9tique) de la r\u00e9gion d\u2019Ottawa et de l\u2019Est ontarien sont pri\u00e9s d\u2019utiliser ce service, car il permet de mieux [&hellip;]<\/p>\n","protected":false},"author":25,"featured_media":0,"parent":0,"menu_order":0,"comment_status":"closed","ping_status":"closed","template":"","meta":{"_acf_changed":false,"_mc_calendar":[],"footnotes":""},"class_list":["post-50576","page","type-page","status-publish","hentry"],"acf":[],"wps_subtitle":"","_links":{"self":[{"href":"https:\/\/www.ottawahospital.on.ca\/fr\/wp-json\/wp\/v2\/pages\/50576","targetHints":{"allow":["GET"]}}],"collection":[{"href":"https:\/\/www.ottawahospital.on.ca\/fr\/wp-json\/wp\/v2\/pages"}],"about":[{"href":"https:\/\/www.ottawahospital.on.ca\/fr\/wp-json\/wp\/v2\/types\/page"}],"author":[{"embeddable":true,"href":"https:\/\/www.ottawahospital.on.ca\/fr\/wp-json\/wp\/v2\/users\/25"}],"replies":[{"embeddable":true,"href":"https:\/\/www.ottawahospital.on.ca\/fr\/wp-json\/wp\/v2\/comments?post=50576"}],"version-history":[{"count":0,"href":"https:\/\/www.ottawahospital.on.ca\/fr\/wp-json\/wp\/v2\/pages\/50576\/revisions"}],"wp:attachment":[{"href":"https:\/\/www.ottawahospital.on.ca\/fr\/wp-json\/wp\/v2\/media?parent=50576"}],"curies":[{"name":"wp","href":"https:\/\/api.w.org\/{rel}","templated":true}]}}