{"id":50395,"date":"2019-11-13T11:37:07","date_gmt":"2019-11-13T16:37:07","guid":{"rendered":"https:\/\/www.ottawahospital.on.ca\/?page_id=50395"},"modified":"2021-01-20T15:17:10","modified_gmt":"2021-01-20T20:17:10","slug":"bulletin-sur-la-sante-des-femmes","status":"publish","type":"page","link":"https:\/\/www.ottawahospital.on.ca\/fr\/services-cliniques\/deptpgrmcs\/programmes\/centre-de-sante-pour-les-femmes-shirley-e-greenberg\/bulletin-sur-la-sante-des-femmes\/","title":{"rendered":"Bulletin sur la sant\u00e9 des femmes"},"content":{"rendered":"<p class=\"intro-text1\">Le Centre de sant\u00e9 pour les femmes Shirley-E.-Greenberg publie un bulletin semestriel pour promouvoir ses soins, sa formation et sa recherche de calibre mondial.<\/p>\n<p><a href=\"\/fr\/documents\/2019\/11\/bulletin-sur-la-sante-des-femmes-octobre.pdf\/\">Automne 2019<\/a><\/p>\n<p><a href=\"\/fr\/documents\/2021\/01\/segwhc_jan2021_-fr_wcag.pdf\/\" target=\"_blank\" rel=\"noopener noreferrer\">Hiver 2020<\/a><\/p>\n<div class=\"alert alert-info disclaimer\" role=\"alert\">Ce site Web utilise le f\u00e9minin, mais inclut toute personne, y compris les personnes transgenres qui ne s\u2019identifient peut-\u00eatre pas \u00e0 une femme. Le personnel du Centre de sant\u00e9 pour les femmes Shirley-E.-Greenberg s\u2019engage \u00e0 respecter les droits de toutes les personnes \u00e0 qui le site Web s\u2019adresse, incluant les personnes transgenres, de genre non binaire et intersexu\u00e9es.<\/div>\n\n\n<p><\/p>\n\n\n\n<p><\/p>\n","protected":false},"excerpt":{"rendered":"<p>Le Centre de sant\u00e9 pour les femmes Shirley-E.-Greenberg publie un bulletin semestriel pour promouvoir ses soins, sa formation et sa recherche de calibre mondial. Automne 2019 Hiver 2020 Ce site Web utilise le f\u00e9minin, mais inclut toute personne, y compris les personnes transgenres qui ne s\u2019identifient peut-\u00eatre pas \u00e0 une femme. Le personnel du Centre [&hellip;]<\/p>\n","protected":false},"author":25,"featured_media":0,"parent":14473,"menu_order":3,"comment_status":"closed","ping_status":"closed","template":"","meta":{"_acf_changed":false,"_mc_calendar":[],"footnotes":""},"class_list":["post-50395","page","type-page","status-publish","hentry"],"acf":[],"wps_subtitle":"","_links":{"self":[{"href":"https:\/\/www.ottawahospital.on.ca\/fr\/wp-json\/wp\/v2\/pages\/50395","targetHints":{"allow":["GET"]}}],"collection":[{"href":"https:\/\/www.ottawahospital.on.ca\/fr\/wp-json\/wp\/v2\/pages"}],"about":[{"href":"https:\/\/www.ottawahospital.on.ca\/fr\/wp-json\/wp\/v2\/types\/page"}],"author":[{"embeddable":true,"href":"https:\/\/www.ottawahospital.on.ca\/fr\/wp-json\/wp\/v2\/users\/25"}],"replies":[{"embeddable":true,"href":"https:\/\/www.ottawahospital.on.ca\/fr\/wp-json\/wp\/v2\/comments?post=50395"}],"version-history":[{"count":0,"href":"https:\/\/www.ottawahospital.on.ca\/fr\/wp-json\/wp\/v2\/pages\/50395\/revisions"}],"up":[{"embeddable":true,"href":"https:\/\/www.ottawahospital.on.ca\/fr\/wp-json\/wp\/v2\/pages\/14473"}],"wp:attachment":[{"href":"https:\/\/www.ottawahospital.on.ca\/fr\/wp-json\/wp\/v2\/media?parent=50395"}],"curies":[{"name":"wp","href":"https:\/\/api.w.org\/{rel}","templated":true}]}}