{"id":5029,"date":"2016-11-08T13:52:18","date_gmt":"2016-11-08T18:52:18","guid":{"rendered":"http:\/\/52.229.122.34\/fr\/?page_id=5029"},"modified":"2022-02-10T05:01:13","modified_gmt":"2022-02-10T10:01:13","slug":"soins-spirituels","status":"publish","type":"page","link":"https:\/\/www.ottawahospital.on.ca\/fr\/patients-et-visiteurs\/soutien-et-suivi\/soins-spirituels\/","title":{"rendered":"Service des soins spirituels"},"content":{"rendered":"<p><img decoding=\"async\" class=\"alignnone size-full wp-image-70445\" src=\"https:\/\/www.ottawahospital.on.ca\/wp-content\/uploads\/2022\/02\/Spiritual-Care-Web-Banner_FR.jpg\" alt=\"Soutien spirituel, religieux et \u00c9motionnel pour les patients et leur famille\" width=\"770\" height=\"330\" srcset=\"https:\/\/www.ottawahospital.on.ca\/wp-content\/uploads\/2022\/02\/Spiritual-Care-Web-Banner_FR.jpg 770w, https:\/\/www.ottawahospital.on.ca\/wp-content\/uploads\/2022\/02\/Spiritual-Care-Web-Banner_FR-600x257.jpg 600w, https:\/\/www.ottawahospital.on.ca\/wp-content\/uploads\/2022\/02\/Spiritual-Care-Web-Banner_FR-300x129.jpg 300w, https:\/\/www.ottawahospital.on.ca\/wp-content\/uploads\/2022\/02\/Spiritual-Care-Web-Banner_FR-768x329.jpg 768w\" sizes=\"(max-width: 770px) 100vw, 770px\" \/><\/p>\n<p class=\"intro-text1\">Service des soins spirituels offerent un soutien spirituel, religieux et \u00e9motionnel pour les patients et leur famille. Consultez <a href=\"https:\/\/www.ottawahospital.on.ca\/wp-content\/uploads\/2022\/01\/Spiritual-Care-Brochure-FR.pdf\" target=\"_blank\" rel=\"noopener\">notre brochure<\/a> pour plus de d\u00e9tails.<\/p>\n<h2>Notre vision<\/h2>\n<p>Travailler en collaboration avec l\u2019\u00e9quipe de soins et les communaut\u00e9s de foi pour offrir \u00e0 nos patients, \u00e0 leur famille et aux membres du personnel un soutien spirituel exceptionnel et empreint de compassion.<\/p>\n<h2>Notre mission<\/h2>\n<p>L\u2019H\u00f4pital d\u2019Ottawa reconna\u00eet l\u2019importance des soins spirituels dans le processus de gu\u00e9rison. En tant que professionnels des soins spirituels, nous offrons un soutien spirituel et un sanctuaire par le dialogue de gu\u00e9rison, des rituels th\u00e9rapeutiques et un accompagnement empreint de compassion, et ce, dans le respect des croyances et des valeurs de chacun.<\/p>\n<h2>Nos valeurs<\/h2>\n<p>Au Service des soins spirituels, nous sommes guid\u00e9s par les six valeurs suivantes\u00a0:<\/p>\n<h2>Compassion<\/h2>\n<p>Nous croyons que l\u2019empathie est essentielle pour accompagner les patients dans leur processus de gu\u00e9rison et nous collaborons avec eux, ainsi que leur famille et le personnel de soins afin de promouvoir un esprit de paix, de r\u00e9conciliation et d\u2019espoir.<\/p>\n<p><strong>Engagement envers la qualit\u00e9<\/strong><br \/>\nNous nous engageons \u00e0 offrir d\u2019excellents soins spirituels et religieux qui appuient une culture \u00e9thique au sein de l\u2019H\u00f4pital conform\u00e9ment aux normes nationales de notre profession.<\/p>\n<p><strong>Travail d\u2019\u00e9quipe<\/strong><br \/>\nNous savons que nous pouvons mieux r\u00e9pondre aux besoins spirituels et religieux de chaque patient lorsque nous privil\u00e9gions une approche de collaboration avec le patient, sa famille, son \u00e9quipe de soins et la communaut\u00e9 de foi \u00e0 laquelle il appartient.<\/p>\n<p><strong>Respect de la personne<\/strong><br \/>\nNous valorisons une d\u00e9marche \u00e9thique pour nourrir le c\u0153ur et l\u2019esprit en respectant les croyances personnelles, spirituelles et culturelles de chaque personne au sein d\u2019une collectivit\u00e9 de gu\u00e9rison.<\/p>\n<p><strong>Collectivit\u00e9 de gu\u00e9rison<\/strong><br \/>\nNous avons \u00e0 c\u0153ur la collectivit\u00e9 de gu\u00e9rison spirituelle et multiconfessionnelle qu\u2019est l\u2019H\u00f4pital et nous nous engageons \u00e0 appuyer l\u2019humanisation permanente des soins.<\/p>\n<p><strong>Lieu de culte<\/strong><br \/>\nNous nous soucions de rendre disponible et accessible un lieu de culte pour la m\u00e9ditation, la c\u00e9l\u00e9bration et la pri\u00e8re \u00e0 l\u2019H\u00f4pital, et d\u2019en faire conna\u00eetre l\u2019existence.<\/p>\n","protected":false},"excerpt":{"rendered":"<p>Service des soins spirituels offerent un soutien spirituel, religieux et \u00e9motionnel pour les patients et leur famille. Consultez notre brochure pour plus de d\u00e9tails. Notre vision Travailler en collaboration avec l\u2019\u00e9quipe de soins et les communaut\u00e9s de foi pour offrir \u00e0 nos patients, \u00e0 leur famille et aux membres du personnel un soutien spirituel exceptionnel [&hellip;]<\/p>\n","protected":false},"author":25,"featured_media":0,"parent":230,"menu_order":3,"comment_status":"closed","ping_status":"closed","template":"","meta":{"_acf_changed":false,"_mc_calendar":[],"footnotes":""},"class_list":["post-5029","page","type-page","status-publish","hentry"],"acf":[],"wps_subtitle":"","_links":{"self":[{"href":"https:\/\/www.ottawahospital.on.ca\/fr\/wp-json\/wp\/v2\/pages\/5029","targetHints":{"allow":["GET"]}}],"collection":[{"href":"https:\/\/www.ottawahospital.on.ca\/fr\/wp-json\/wp\/v2\/pages"}],"about":[{"href":"https:\/\/www.ottawahospital.on.ca\/fr\/wp-json\/wp\/v2\/types\/page"}],"author":[{"embeddable":true,"href":"https:\/\/www.ottawahospital.on.ca\/fr\/wp-json\/wp\/v2\/users\/25"}],"replies":[{"embeddable":true,"href":"https:\/\/www.ottawahospital.on.ca\/fr\/wp-json\/wp\/v2\/comments?post=5029"}],"version-history":[{"count":0,"href":"https:\/\/www.ottawahospital.on.ca\/fr\/wp-json\/wp\/v2\/pages\/5029\/revisions"}],"up":[{"embeddable":true,"href":"https:\/\/www.ottawahospital.on.ca\/fr\/wp-json\/wp\/v2\/pages\/230"}],"wp:attachment":[{"href":"https:\/\/www.ottawahospital.on.ca\/fr\/wp-json\/wp\/v2\/media?parent=5029"}],"curies":[{"name":"wp","href":"https:\/\/api.w.org\/{rel}","templated":true}]}}