{"id":5020,"date":"2016-11-08T13:43:50","date_gmt":"2016-11-08T18:43:50","guid":{"rendered":"http:\/\/52.229.122.34\/fr\/?page_id=5020"},"modified":"2016-11-14T17:44:35","modified_gmt":"2016-11-14T22:44:35","slug":"principes-directeurs","status":"publish","type":"page","link":"https:\/\/www.ottawahospital.on.ca\/fr\/about-us\/notre-equipe-de-direction\/principes-directeurs\/","title":{"rendered":"Principes directeurs"},"content":{"rendered":"<p><strong>Le 24 octobre 2012<\/strong><\/p>\n<p><strong>Am\u00e9liorations et efficacit\u00e9\u00a0: d\u00e9fier le statu quo dans le domaine de la sant\u00e9<\/p>\n<p><\/strong>\u00c0 L\u2019H\u00f4pital d\u2019Ottawa, nous nous engageons \u00e0 offrir des soins de qualit\u00e9 \u00e0 la population du R\u00e9seau local d\u2019int\u00e9gration des services de sant\u00e9 (RLISS) de Champlain. Nous sommes le seul centre hospitalier de l\u2019Est ontarien \u00e0 offrir des soins complexes aux patients atteints d\u2019un traumatisme, d\u2019un cancer, d\u2019une maladie cardiaque, vasculaire ou thoracique ou ayant besoin d\u2019une neurochirurgie. Le mandat de l\u2019H\u00f4pital comporte trois volets\u00a0:<\/p>\n<ul>\n<li>fournir des soins tertiaires de courte dur\u00e9e aux adultes<\/li>\n<li>former les futurs professionnels de la sant\u00e9<\/li>\n<li>mener des recherches reconnues \u00e0 l\u2019\u00e9chelle internationale afin d\u2019am\u00e9liorer les soins de sant\u00e9 d\u2019aujourd\u2019hui et de demain.<\/li>\n<\/ul>\n<p>Ce sont les liens solides que nous entretenons avec le RLISS de Champlain, le Centre d&rsquo;acc\u00e8s aux soins communautaires, les h\u00f4pitaux locaux et le minist\u00e8re de la Sant\u00e9 et des Soins de longue dur\u00e9e qui nous permettent de r\u00e9aliser notre mandat. Depuis sa cr\u00e9ation en 1998, L\u2019H\u00f4pital d\u2019Ottawa a constamment cherch\u00e9 \u00e0 innover afin d\u2019am\u00e9liorer les soins tout en optimisant l\u2019utilisation de ses ressources. La conjoncture \u00e9conomique actuelle nous pousse encore plus loin dans cette direction. Le ralentissement de l\u2019\u00e9conomie a des ramifications dans tout le syst\u00e8me de la sant\u00e9 en Ontario et entra\u00eene des d\u00e9fis budg\u00e9taires pour tous les h\u00f4pitaux de la province. \u00c0 L\u2019H\u00f4pital d\u2019Ottawa, nous sommes d\u00e9termin\u00e9s \u00e0 offrir les meilleurs soins possible \u00e0 moindre co\u00fbt, et nous devons redoubler d\u2019effort pour pouvoir le faire avec des ressources limit\u00e9es. Voici les principes qui sont au c\u0153ur de nos d\u00e9cisions lorsque nous \u00e9tablissons notre plan de fonctionnement annuel.<\/p>\n<ol>\n<li>L\u2019H\u00f4pital d\u2019Ottawa s\u2019engage \u00e0 ce que chaque patient re\u00e7oive des soins de grande qualit\u00e9 empreints de compassion. Cela signifie que nous devons utiliser judicieusement nos ressources limit\u00e9es et nous concentrer sur notre mandat d\u2019offrir aux adultes de la r\u00e9gion de Champlain des soins tertiaires (complexes et hautement sp\u00e9cialis\u00e9es). Comme nous sommes le seul centre hospitalier \u00e0 offrir ce genre de services dans la r\u00e9gion, nous devons soigneusement diriger nos ressources afin que les citoyens de la r\u00e9gion puissent en b\u00e9n\u00e9ficier.<\/li>\n<li>L\u2019H\u00f4pital doit continuer de forger de solides partenariats avec d\u2019autres h\u00f4pitaux et organismes de la collectivit\u00e9 afin que les patients qui ont besoin de soins moins sp\u00e9cialis\u00e9s puissent obtenir ces soins au meilleur endroit, le plus pr\u00e8s possible de chez eux.<\/li>\n<li>L\u2019H\u00f4pital poursuit continuellement l\u2019objectif de d\u00e9fier le statu quo et s\u2019engage \u00e0 mettre au point des mod\u00e8les novateurs qui nous aideront \u00e0 maintenir et \u00e0 am\u00e9liorer la qualit\u00e9 des soins, \u00e0 l\u2019aide de m\u00e9thodes plus rentables et efficaces. Nous devons transformer notre mani\u00e8re d\u2019offrir des soins tout comme notre fa\u00e7on de mettre \u00e0 profit les comp\u00e9tences et les connaissances de notre personnel (m\u00e9decins, employ\u00e9s et b\u00e9n\u00e9voles). Nous nous employons \u00e9galement \u00e0 rationaliser les processus et l\u2019utilisation des m\u00e9dicaments, des fournitures et des outils diagnostiques.<\/li>\n<li>Les m\u00e9decins, les employ\u00e9s et les b\u00e9n\u00e9voles sont nos plus pr\u00e9cieuses ressources. Nous travaillons fort en vue de r\u00e9duire au minimum l\u2019impact des contraintes budg\u00e9taires sur notre grande \u00e9quipe et d\u2019adopter des mod\u00e8les novateurs et efficaces pour g\u00e9rer et dispenser les soins de sant\u00e9. Nous suivons d\u2019ailleurs un processus bien d\u00e9fini et collaborons avec nos repr\u00e9sentants syndicaux, conform\u00e9ment aux conventions collectives. En cas de mise \u00e0 pied, la haute direction commence toujours par envoyer un avis aux syndicats qui repr\u00e9sentent les employ\u00e9s concern\u00e9s. Cet avis est suivi d\u2019une rencontre, o\u00f9 l\u2019on discute des r\u00e9percussions et des solutions possibles, comme r\u00e9affecter le personnel \u00e0 des postes vacants. L\u2019H\u00f4pital sonde les employ\u00e9s du secteur concern\u00e9 pour offrir aux personnes admissibles des options de d\u00e9part volontaire et de retraite anticip\u00e9e. On proc\u00e8de ensuite au processus de supplantation en fonction de l\u2019anciennet\u00e9. En bout de ligne, tr\u00e8s peu d\u2019employ\u00e9s sont habituellement mis \u00e0 pied de mani\u00e8re involontaire et l\u2019H\u00f4pital demeure en mesure d\u2019offrir des soins de qualit\u00e9 \u00e0 moindre co\u00fbt.<\/li>\n<li>Chaque d\u00e9cision repose sur des donn\u00e9es probantes et des comparaisons avec nos pairs. En tant que centre hospitalier universitaire, nous nous effor\u00e7ons d\u2019offrir des soins de qualit\u00e9 tout en pr\u00e9servant notre mission d\u2019enseignement et de recherche.<\/li>\n<\/ol>\n<p><strong>&#8211; D<sup>r<\/sup> Jack Kitts<\/strong><\/p>\n","protected":false},"excerpt":{"rendered":"<p>Le 24 octobre 2012 Am\u00e9liorations et efficacit\u00e9\u00a0: d\u00e9fier le statu quo dans le domaine de la sant\u00e9 \u00c0 L\u2019H\u00f4pital d\u2019Ottawa, nous nous engageons \u00e0 offrir des soins de qualit\u00e9 \u00e0 la population du R\u00e9seau local d\u2019int\u00e9gration des services de sant\u00e9 (RLISS) de Champlain. Nous sommes le seul centre hospitalier de l\u2019Est ontarien \u00e0 offrir des [&hellip;]<\/p>\n","protected":false},"author":25,"featured_media":0,"parent":4536,"menu_order":3,"comment_status":"closed","ping_status":"closed","template":"","meta":{"_acf_changed":false,"_mc_calendar":[],"footnotes":""},"class_list":["post-5020","page","type-page","status-publish","hentry"],"acf":[],"wps_subtitle":"","_links":{"self":[{"href":"https:\/\/www.ottawahospital.on.ca\/fr\/wp-json\/wp\/v2\/pages\/5020","targetHints":{"allow":["GET"]}}],"collection":[{"href":"https:\/\/www.ottawahospital.on.ca\/fr\/wp-json\/wp\/v2\/pages"}],"about":[{"href":"https:\/\/www.ottawahospital.on.ca\/fr\/wp-json\/wp\/v2\/types\/page"}],"author":[{"embeddable":true,"href":"https:\/\/www.ottawahospital.on.ca\/fr\/wp-json\/wp\/v2\/users\/25"}],"replies":[{"embeddable":true,"href":"https:\/\/www.ottawahospital.on.ca\/fr\/wp-json\/wp\/v2\/comments?post=5020"}],"version-history":[{"count":0,"href":"https:\/\/www.ottawahospital.on.ca\/fr\/wp-json\/wp\/v2\/pages\/5020\/revisions"}],"up":[{"embeddable":true,"href":"https:\/\/www.ottawahospital.on.ca\/fr\/wp-json\/wp\/v2\/pages\/4536"}],"wp:attachment":[{"href":"https:\/\/www.ottawahospital.on.ca\/fr\/wp-json\/wp\/v2\/media?parent=5020"}],"curies":[{"name":"wp","href":"https:\/\/api.w.org\/{rel}","templated":true}]}}