{"id":5010,"date":"2016-11-08T13:40:04","date_gmt":"2016-11-08T18:40:04","guid":{"rendered":"http:\/\/52.229.122.34\/fr\/?page_id=5010"},"modified":"2021-02-25T16:15:57","modified_gmt":"2021-02-25T21:15:57","slug":"liens","status":"publish","type":"page","link":"https:\/\/www.ottawahospital.on.ca\/fr\/patients-et-visiteurs\/soutien-et-suivi\/questions-dethique\/liens\/","title":{"rendered":"Liens"},"content":{"rendered":"<ul>\n<li><a href=\"https:\/\/www.bioethics.ca\/\" target=\"_blank\" rel=\"noopener noreferrer\">Soci\u00e9t\u00e9 canadienne de bio\u00e9thique<\/a><\/li>\n<li><a href=\"https:\/\/www.asbh.org\/\" target=\"_blank\" rel=\"noopener noreferrer\">American Society for Bioethics and Humanities <\/a>(en anglais seulement)<\/li>\n<li><a href=\"https:\/\/jcb.utoronto.ca\/\" target=\"_blank\" rel=\"noopener noreferrer\">Joint Centre for Bioethics de l&rsquo;Universit\u00e9 de Toronto <\/a>(en anglais seulement)<\/li>\n<li><a href=\"https:\/\/www.cmaj.ca\/content\/155\/2\/189\" target=\"_blank\" rel=\"noopener noreferrer\">Bioethics for Clinicians<\/a>(en anglais seulement)<\/li>\n<li><a href=\"https:\/\/www.ohri.ca\" target=\"_blank\" rel=\"noopener noreferrer\">Institut de recherche en sant\u00e9 d&rsquo;Ottawa <\/a><\/li>\n<\/ul>\n","protected":false},"excerpt":{"rendered":"<p>Soci\u00e9t\u00e9 canadienne de bio\u00e9thique American Society for Bioethics and Humanities (en anglais seulement) Joint Centre for Bioethics de l&rsquo;Universit\u00e9 de Toronto (en anglais seulement) Bioethics for Clinicians(en anglais seulement) Institut de recherche en sant\u00e9 d&rsquo;Ottawa<\/p>\n","protected":false},"author":25,"featured_media":0,"parent":4999,"menu_order":2,"comment_status":"closed","ping_status":"closed","template":"","meta":{"_acf_changed":false,"_mc_calendar":[],"footnotes":""},"class_list":["post-5010","page","type-page","status-publish","hentry"],"acf":[],"wps_subtitle":"","_links":{"self":[{"href":"https:\/\/www.ottawahospital.on.ca\/fr\/wp-json\/wp\/v2\/pages\/5010","targetHints":{"allow":["GET"]}}],"collection":[{"href":"https:\/\/www.ottawahospital.on.ca\/fr\/wp-json\/wp\/v2\/pages"}],"about":[{"href":"https:\/\/www.ottawahospital.on.ca\/fr\/wp-json\/wp\/v2\/types\/page"}],"author":[{"embeddable":true,"href":"https:\/\/www.ottawahospital.on.ca\/fr\/wp-json\/wp\/v2\/users\/25"}],"replies":[{"embeddable":true,"href":"https:\/\/www.ottawahospital.on.ca\/fr\/wp-json\/wp\/v2\/comments?post=5010"}],"version-history":[{"count":0,"href":"https:\/\/www.ottawahospital.on.ca\/fr\/wp-json\/wp\/v2\/pages\/5010\/revisions"}],"up":[{"embeddable":true,"href":"https:\/\/www.ottawahospital.on.ca\/fr\/wp-json\/wp\/v2\/pages\/4999"}],"wp:attachment":[{"href":"https:\/\/www.ottawahospital.on.ca\/fr\/wp-json\/wp\/v2\/media?parent=5010"}],"curies":[{"name":"wp","href":"https:\/\/api.w.org\/{rel}","templated":true}]}}