{"id":4999,"date":"2016-11-08T13:34:07","date_gmt":"2016-11-08T18:34:07","guid":{"rendered":"http:\/\/52.229.122.34\/fr\/?page_id=4999"},"modified":"2023-10-30T13:28:37","modified_gmt":"2023-10-30T17:28:37","slug":"questions-dethique","status":"publish","type":"page","link":"https:\/\/www.ottawahospital.on.ca\/fr\/patients-et-visiteurs\/soutien-et-suivi\/questions-dethique\/","title":{"rendered":"Questions d&rsquo;\u00e9thique"},"content":{"rendered":"\n<h2 class=\"wp-block-heading\">L\u2019\u00e9thique \u00e0 l\u2019H\u00f4pital :<\/h2>\n\n\n\n<p>Comme patient, membre de la famille ou membre du personnel, vous devez prendre des d\u00e9cisions difficiles tous les jours.<\/p>\n\n\n\n<p>Nous sommes l\u00e0 pour aider sans frais les patients, les familles et les professionnels de la sant\u00e9 \u00e0 traverser des situations difficiles et \u00e0 trouver un terrain d\u2019entente. Nous pouvons vous aider \u00e0 mieux cerner les difficult\u00e9s, \u00e0 \u00e9valuer les r\u00e9percussions et \u00e0 envisager des solutions de rechange.<\/p>\n\n\n\n<p>L\u2019\u00e9quipe d\u2019\u00e9thique peut offrir des suggestions et de l\u2019orientation, mais la d\u00e9cision finale appartient toujours au patient, \u00e0 la famille et \u00e0 l\u2019\u00e9quipe de soins.<\/p>\n\n\n\n<p><a href=\"https:\/\/www.ottawahospital.on.ca\/fr\/documents\/2023\/10\/brochure-dethics.pdf\/\"><strong>Brochure d&rsquo;ethics<\/strong><\/a><\/p>\n\n\n\n<h2 class=\"wp-block-heading\">Comment nous pouvons vous aider<\/h2>\n\n\n\n<p>Des \u00e9carts de valeurs, des difficult\u00e9s de communication ou le stress li\u00e9 \u00e0 une maladie peuvent provoquer des conflits. L\u2019\u00e9quipe d\u2019\u00e9thique t\u00e2che d\u2019offrir soutien et orientation sans jugement en formulant des recommandations centr\u00e9es sur l\u2019action et convenables pour la sant\u00e9 du patient.<\/p>\n\n\n\n<h2 class=\"wp-block-heading\">Consultations en \u00e9thique<\/h2>\n\n\n\n<p>Les services de consultation en \u00e9thique sont con\u00e7us pour aider les patients, leur famille, les membres du personnel et les autres personnes concern\u00e9es \u00e0 r\u00e9soudre des pr\u00e9occupations de nature \u00e9thique pour une meilleure qualit\u00e9 des soins.<\/p>\n\n\n\n<p>La consultation en \u00e9thique permet de discuter de questions avec un \u00e9thicien qui vous aide \u00e0 analyser et \u00e0 cerner les probl\u00e8mes en cause et qui formule des recommandations \u00e0 l\u2019aide d\u2019un cadre d\u2019\u00e9thique appropri\u00e9.<\/p>\n","protected":false},"excerpt":{"rendered":"<p>L\u2019\u00e9thique \u00e0 l\u2019H\u00f4pital : Comme patient, membre de la famille ou membre du personnel, vous devez prendre des d\u00e9cisions difficiles tous les jours. Nous sommes l\u00e0 pour aider sans frais les patients, les familles et les professionnels de la sant\u00e9 \u00e0 traverser des situations difficiles et \u00e0 trouver un terrain d\u2019entente. Nous pouvons vous aider [&hellip;]<\/p>\n","protected":false},"author":25,"featured_media":0,"parent":230,"menu_order":1,"comment_status":"closed","ping_status":"closed","template":"","meta":{"_acf_changed":false,"_mc_calendar":[],"footnotes":""},"class_list":["post-4999","page","type-page","status-publish","hentry"],"acf":[],"wps_subtitle":"","_links":{"self":[{"href":"https:\/\/www.ottawahospital.on.ca\/fr\/wp-json\/wp\/v2\/pages\/4999","targetHints":{"allow":["GET"]}}],"collection":[{"href":"https:\/\/www.ottawahospital.on.ca\/fr\/wp-json\/wp\/v2\/pages"}],"about":[{"href":"https:\/\/www.ottawahospital.on.ca\/fr\/wp-json\/wp\/v2\/types\/page"}],"author":[{"embeddable":true,"href":"https:\/\/www.ottawahospital.on.ca\/fr\/wp-json\/wp\/v2\/users\/25"}],"replies":[{"embeddable":true,"href":"https:\/\/www.ottawahospital.on.ca\/fr\/wp-json\/wp\/v2\/comments?post=4999"}],"version-history":[{"count":0,"href":"https:\/\/www.ottawahospital.on.ca\/fr\/wp-json\/wp\/v2\/pages\/4999\/revisions"}],"up":[{"embeddable":true,"href":"https:\/\/www.ottawahospital.on.ca\/fr\/wp-json\/wp\/v2\/pages\/230"}],"wp:attachment":[{"href":"https:\/\/www.ottawahospital.on.ca\/fr\/wp-json\/wp\/v2\/media?parent=4999"}],"curies":[{"name":"wp","href":"https:\/\/api.w.org\/{rel}","templated":true}]}}