{"id":4959,"date":"2016-11-08T12:18:53","date_gmt":"2016-11-08T17:18:53","guid":{"rendered":"http:\/\/52.229.122.34\/fr\/?page_id=4959"},"modified":"2023-06-22T10:13:27","modified_gmt":"2023-06-22T14:13:27","slug":"joindre-le-conseil","status":"publish","type":"page","link":"https:\/\/www.ottawahospital.on.ca\/fr\/about-us\/notre-equipe-de-direction\/conseil-des-gouverneurs\/joindre-le-conseil\/","title":{"rendered":"Joindre le Conseil"},"content":{"rendered":"<p>Le Conseil des gouverneurs accepte les commentaires du public. Pour obtenir des renseignements g\u00e9n\u00e9raux, t\u00e9l\u00e9phonez au num\u00e9ro ci-dessous. Pour porter un sujet \u00e0 l&rsquo;attention du Conseil, \u00e9crivez-nous \u00e0 l&rsquo;adresse suivante :<\/p>\n<p><strong>Conseil des gouverneurs<\/strong><br \/>\n<span class=\"NormalTextRun SCXW197312067 BCX0\" data-ccp-parastyle=\"Normal (Web)\">L\u2019H\u00f4pital d\u2019Ottawa, <\/span><span class=\"NormalTextRun SCXW197312067 BCX0\" data-ccp-parastyle=\"Normal (Web)\">Campus Civic<\/span><br \/>\n1053, avenue Carling<br \/>\nCase postale 100<br \/>\nTel: 613-761-4867<br \/>\nCourriel :\u00a0<a href=\"mailto:conseil@lho.ca\">conseil@lho.ca<\/a><\/p>\n","protected":false},"excerpt":{"rendered":"<p>Le Conseil des gouverneurs accepte les commentaires du public. Pour obtenir des renseignements g\u00e9n\u00e9raux, t\u00e9l\u00e9phonez au num\u00e9ro ci-dessous. Pour porter un sujet \u00e0 l&rsquo;attention du Conseil, \u00e9crivez-nous \u00e0 l&rsquo;adresse suivante : Conseil des gouverneurs L\u2019H\u00f4pital d\u2019Ottawa, Campus Civic 1053, avenue Carling Case postale 100 Tel: 613-761-4867 Courriel :\u00a0conseil@lho.ca<\/p>\n","protected":false},"author":25,"featured_media":0,"parent":4542,"menu_order":5,"comment_status":"closed","ping_status":"closed","template":"","meta":{"_acf_changed":false,"_mc_calendar":[],"footnotes":""},"class_list":["post-4959","page","type-page","status-publish","hentry"],"acf":[],"wps_subtitle":"","_links":{"self":[{"href":"https:\/\/www.ottawahospital.on.ca\/fr\/wp-json\/wp\/v2\/pages\/4959","targetHints":{"allow":["GET"]}}],"collection":[{"href":"https:\/\/www.ottawahospital.on.ca\/fr\/wp-json\/wp\/v2\/pages"}],"about":[{"href":"https:\/\/www.ottawahospital.on.ca\/fr\/wp-json\/wp\/v2\/types\/page"}],"author":[{"embeddable":true,"href":"https:\/\/www.ottawahospital.on.ca\/fr\/wp-json\/wp\/v2\/users\/25"}],"replies":[{"embeddable":true,"href":"https:\/\/www.ottawahospital.on.ca\/fr\/wp-json\/wp\/v2\/comments?post=4959"}],"version-history":[{"count":0,"href":"https:\/\/www.ottawahospital.on.ca\/fr\/wp-json\/wp\/v2\/pages\/4959\/revisions"}],"up":[{"embeddable":true,"href":"https:\/\/www.ottawahospital.on.ca\/fr\/wp-json\/wp\/v2\/pages\/4542"}],"wp:attachment":[{"href":"https:\/\/www.ottawahospital.on.ca\/fr\/wp-json\/wp\/v2\/media?parent=4959"}],"curies":[{"name":"wp","href":"https:\/\/api.w.org\/{rel}","templated":true}]}}