{"id":49580,"date":"2019-08-22T12:07:25","date_gmt":"2019-08-22T16:07:25","guid":{"rendered":"https:\/\/www.ottawahospital.on.ca\/?page_id=49580"},"modified":"2025-07-09T10:32:07","modified_gmt":"2025-07-09T14:32:07","slug":"brendan-timmins","status":"publish","type":"page","link":"https:\/\/www.ottawahospital.on.ca\/fr\/about-us\/notre-equipe-de-direction\/conseil-des-gouverneurs\/membres-du-conseil\/brendan-timmins\/","title":{"rendered":"Brendan Timmins"},"content":{"rendered":"<div class=\"wp-block-image img-responsive is-style-default\">\n<figure class=\"alignleft\"><img decoding=\"async\" src=\"https:\/\/www.ottawahospital.on.ca\/wp-content\/uploads\/2019\/08\/Brenton-Profile.jpg\" alt=\"Brenton\"\/><figcaption class=\"wp-element-caption\"><b>Brenton Timmins<\/b><br>Pr\u00e9sident, Comit\u00e9 des finances et de la v\u00e9rification<\/figcaption><\/figure>\n<\/div>\n\n\n<p>Brendan est directeur g\u00e9n\u00e9ral \u00e0 Accenture, une entreprise de services professionnels sp\u00e9cialis\u00e9e dans le num\u00e9rique, l\u2019infonuagique et la s\u00e9curit\u00e9. Il a auparavant occup\u00e9 divers postes de direction, dont celui d\u2019associ\u00e9 fondateur d\u2019Avenai et de PDG d\u2019Innovapost.<\/p>\n\n\n\n<p>Chef d\u2019entreprise reconnu, M. Timmins \u0153uvre depuis plus de 30 ans \u00e0 aider ses clients \u00e0 cr\u00e9er et \u00e0 ex\u00e9cuter des programmes de transformation qui produisent des r\u00e9sultats clairs et mesurables. Par son authenticit\u00e9, il inspire la cr\u00e9ation et la croissance d\u2019entreprises fructueuses dans les secteurs public et priv\u00e9.<\/p>\n\n\n\n<p>M. Timmins est un grand promoteur de l\u2019engagement communautaire. Comme chef d\u2019entreprise, il s\u2019assure que ses organismes s\u2019av\u00e8rent aussi b\u00e9n\u00e9fiques pour leur communaut\u00e9 que pour leur client\u00e8le.<\/p>\n\n\n\n<p>N\u00e9 \u00e0 Thorold, en Ontario, M. Timmins est titulaire d\u2019un baccalaur\u00e9at en sciences commerciales de l\u2019Universit\u00e9 McGill.<\/p>\n\n\n\n<p><em>Nomm\u00e9 en 2022 jusqu\u2019en 2025.<\/em><\/p>\n","protected":false},"excerpt":{"rendered":"<p>Brendan est directeur g\u00e9n\u00e9ral \u00e0 Accenture, une entreprise de services professionnels sp\u00e9cialis\u00e9e dans le num\u00e9rique, l\u2019infonuagique et la s\u00e9curit\u00e9. Il a auparavant occup\u00e9 divers postes de direction, dont celui d\u2019associ\u00e9 fondateur d\u2019Avenai et de PDG d\u2019Innovapost. Chef d\u2019entreprise reconnu, M. Timmins \u0153uvre depuis plus de 30 ans \u00e0 aider ses clients \u00e0 cr\u00e9er et \u00e0 [&hellip;]<\/p>\n","protected":false},"author":25,"featured_media":0,"parent":4561,"menu_order":18,"comment_status":"closed","ping_status":"closed","template":"","meta":{"_acf_changed":false,"_mc_calendar":[],"footnotes":""},"class_list":["post-49580","page","type-page","status-publish","hentry"],"acf":[],"wps_subtitle":"","_links":{"self":[{"href":"https:\/\/www.ottawahospital.on.ca\/fr\/wp-json\/wp\/v2\/pages\/49580","targetHints":{"allow":["GET"]}}],"collection":[{"href":"https:\/\/www.ottawahospital.on.ca\/fr\/wp-json\/wp\/v2\/pages"}],"about":[{"href":"https:\/\/www.ottawahospital.on.ca\/fr\/wp-json\/wp\/v2\/types\/page"}],"author":[{"embeddable":true,"href":"https:\/\/www.ottawahospital.on.ca\/fr\/wp-json\/wp\/v2\/users\/25"}],"replies":[{"embeddable":true,"href":"https:\/\/www.ottawahospital.on.ca\/fr\/wp-json\/wp\/v2\/comments?post=49580"}],"version-history":[{"count":0,"href":"https:\/\/www.ottawahospital.on.ca\/fr\/wp-json\/wp\/v2\/pages\/49580\/revisions"}],"up":[{"embeddable":true,"href":"https:\/\/www.ottawahospital.on.ca\/fr\/wp-json\/wp\/v2\/pages\/4561"}],"wp:attachment":[{"href":"https:\/\/www.ottawahospital.on.ca\/fr\/wp-json\/wp\/v2\/media?parent=49580"}],"curies":[{"name":"wp","href":"https:\/\/api.w.org\/{rel}","templated":true}]}}