{"id":49547,"date":"2019-08-21T15:36:18","date_gmt":"2019-08-21T19:36:18","guid":{"rendered":"https:\/\/www.ottawahospital.on.ca\/?page_id=49547"},"modified":"2021-04-12T10:30:07","modified_gmt":"2021-04-12T14:30:07","slug":"fiona-charlton","status":"publish","type":"page","link":"https:\/\/www.ottawahospital.on.ca\/fr\/about-us\/notre-equipe-de-direction\/equipe-de-la-haute-direction\/fiona-charlton\/","title":{"rendered":"Fiona Charlton"},"content":{"rendered":"<div class=\"wp-caption alignleft\" style=\"width: 145px;\"><img decoding=\"async\" class=\"img-responsive wp-image-49541 size-full\" src=\"https:\/\/www.ottawahospital.on.ca\/wp-content\/uploads\/2019\/08\/Fiona-Charlton.jpg\" alt=\"Fiona Charlton\" width=\"135\" height=\"169\" \/><\/p>\n<p class=\"wp-caption-text\"><strong>Fiona Charlton<\/strong><br \/>\nVice-pr\u00e9sidente, Image de marque et Marketing<br \/>\nLa Fondation de l\u2019H\u00f4pital d\u2019Ottawa<\/p>\n<\/div>\n<p>Fiona Charlton est vice-pr\u00e9sidente, Marketing et Engagement communautaire \u00e0 L\u2019H\u00f4pital d\u2019Ottawa et \u00e0 La Fondation de l\u2019H\u00f4pital d\u2019Ottawa depuis 2017. Auparavant, elle a occup\u00e9 le poste de vice-pr\u00e9sidente, Partenariats et Strat\u00e9gie de marketing internationaux, \u00e0 BBC Worldwide. M<sup>me<\/sup>\u00a0Charlton a d\u00e9marr\u00e9 sa carri\u00e8re chez Poste Canada. Au terme de son MBA au Tuck School of Business du Dartmouth College au New Hampshire, M<sup>me<\/sup>\u00a0Charlton a occup\u00e9 divers r\u00f4les chez BBC Worldwide \u00e0 New York et \u00e0 Londres dans les domaines de la strat\u00e9gie d\u2019entreprise, du d\u00e9veloppement des affaires et de la gestion de marque. Dans son r\u00f4le actuel, elle est responsable de construire la marque de L\u2019H\u00f4pital d\u2019Ottawa et de stimuler la croissance des dons accord\u00e9s \u00e0 L\u2019H\u00f4pital d\u2019Ottawa et \u00e0 son institut de recherche.<\/p>\n","protected":false},"excerpt":{"rendered":"<p>Fiona Charlton Vice-pr\u00e9sidente, Image de marque et Marketing La Fondation de l\u2019H\u00f4pital d\u2019Ottawa Fiona Charlton est vice-pr\u00e9sidente, Marketing et Engagement communautaire \u00e0 L\u2019H\u00f4pital d\u2019Ottawa et \u00e0 La Fondation de l\u2019H\u00f4pital d\u2019Ottawa depuis 2017. Auparavant, elle a occup\u00e9 le poste de vice-pr\u00e9sidente, Partenariats et Strat\u00e9gie de marketing internationaux, \u00e0 BBC Worldwide. Mme\u00a0Charlton a d\u00e9marr\u00e9 sa carri\u00e8re [&hellip;]<\/p>\n","protected":false},"author":25,"featured_media":0,"parent":4550,"menu_order":0,"comment_status":"closed","ping_status":"closed","template":"","meta":{"_acf_changed":false,"_mc_calendar":[],"footnotes":""},"class_list":["post-49547","page","type-page","status-publish","hentry"],"acf":[],"wps_subtitle":"","_links":{"self":[{"href":"https:\/\/www.ottawahospital.on.ca\/fr\/wp-json\/wp\/v2\/pages\/49547","targetHints":{"allow":["GET"]}}],"collection":[{"href":"https:\/\/www.ottawahospital.on.ca\/fr\/wp-json\/wp\/v2\/pages"}],"about":[{"href":"https:\/\/www.ottawahospital.on.ca\/fr\/wp-json\/wp\/v2\/types\/page"}],"author":[{"embeddable":true,"href":"https:\/\/www.ottawahospital.on.ca\/fr\/wp-json\/wp\/v2\/users\/25"}],"replies":[{"embeddable":true,"href":"https:\/\/www.ottawahospital.on.ca\/fr\/wp-json\/wp\/v2\/comments?post=49547"}],"version-history":[{"count":0,"href":"https:\/\/www.ottawahospital.on.ca\/fr\/wp-json\/wp\/v2\/pages\/49547\/revisions"}],"up":[{"embeddable":true,"href":"https:\/\/www.ottawahospital.on.ca\/fr\/wp-json\/wp\/v2\/pages\/4550"}],"wp:attachment":[{"href":"https:\/\/www.ottawahospital.on.ca\/fr\/wp-json\/wp\/v2\/media?parent=49547"}],"curies":[{"name":"wp","href":"https:\/\/api.w.org\/{rel}","templated":true}]}}