{"id":49278,"date":"2019-07-16T15:38:55","date_gmt":"2019-07-16T19:38:55","guid":{"rendered":"https:\/\/www.ottawahospital.on.ca\/?page_id=49278"},"modified":"2021-03-10T09:49:43","modified_gmt":"2021-03-10T14:49:43","slug":"centre-de-cancerologie","status":"publish","type":"page","link":"https:\/\/www.ottawahospital.on.ca\/fr\/notre-modele-de-soins\/notre-equipe-de-professionnels-de-la-sante\/physiotherapie\/services-externes-de-readaptation\/centre-de-cancerologie\/","title":{"rendered":"Centre de canc\u00e9rologie"},"content":{"rendered":"<h2><strong>Programme d\u2019oncologie psychosociale \u2013 Services de physioth\u00e9rapie<\/strong><\/h2>\n<p>Le <a href=\"\/fr\/services-cliniques\/deptpgrmcs\/programmes\/programme-de-cancerologie\/nos-programmes-et-cliniques\/programme-doncologie-psychosociale\/\">Programme d\u2019oncologie psychosociale<\/a> est con\u00e7u pour offrir des services de soutien et de r\u00e9adaptation aux personnes atteintes du cancer qui doivent composer avec les nombreux d\u00e9fis associ\u00e9s \u00e0 ce diagnostic. Le personnel pr\u00e9conise une approche globale des soins et offre du soutien \u00e9motionnel, psychologique, social et pratique, ainsi que des services de r\u00e9adaptation. Toute personne atteinte du cancer peut b\u00e9n\u00e9ficier de ce programme, qui fait partie int\u00e9grante des soins offerts en canc\u00e9rologie. Les services sont offerts au Centre de canc\u00e9rologie situ\u00e9 au Campus G\u00e9n\u00e9ral de L\u2019H\u00f4pital d\u2019Ottawa et au Centre de canc\u00e9rologie Famille Irving Greenberg situ\u00e9 \u00e0 l\u2019H\u00f4pital Queensway Carleton. Un physioth\u00e9rapeute fait partie de l\u2019\u00e9quipe de soins aux deux centres. \u00c0 l\u2019heure actuelle, les services de physioth\u00e9rapie sont offerts quatre jours par semaine au Centre de canc\u00e9rologie du Campus G\u00e9n\u00e9ral et un jour par semaine au Centre de canc\u00e9rologie Famille Irving Greenberg.<\/p>\n<p>Un m\u00e9decin doit envoyer une <a href=\"\/fr\/documents\/2017\/01\/psopreferralform.pdf\/\" target=\"_blank\" rel=\"noopener noreferrer\">demande de services<\/a> par courrier ou t\u00e9l\u00e9copieur. Voici les coordonn\u00e9es des centres.<\/p>\n<h2><strong>Campus G\u00e9n\u00e9ral<\/strong><\/h2>\n<p><strong>Programme d\u2019oncologie psychosociale de L\u2019H\u00f4pital d\u2019Ottawa<br \/>\n<\/strong>Centre de canc\u00e9rologie de L\u2019H\u00f4pital d\u2019Ottawa<\/p>\n<p>501, chemin Smyth<br \/>\nC.P. 938<br \/>\nOttawa ON\u00a0 K1H 8L6<\/p>\n<p>T\u00e9l\u00e9phone\u00a0: 613-737-7700, poste 70516<br \/>\nT\u00e9l\u00e9copieur\u00a0: 613-737-8331<\/p>\n<h2><strong>H\u00f4pital Queensway Carleton<\/strong><\/h2>\n<p><strong>Programme d\u2019oncologie psychosociale de L\u2019H\u00f4pital d\u2019Ottawa<br \/>\n<\/strong>Centre de canc\u00e9rologie de L\u2019H\u00f4pital d\u2019Ottawa \u2013 Centre de canc\u00e9rologie Famille Irving Greenberg<\/p>\n<p>3045, chemin Baseline<br \/>\nC.P. 938<br \/>\nOttawa, ON, K2H 8P4<\/p>\n<p>T\u00e9l\u00e9phone\u00a0: 613-737-7700, poste 25200<br \/>\nT\u00e9l\u00e9copieur\u00a0: 613-726-5107<\/p>\n","protected":false},"excerpt":{"rendered":"<p>Programme d\u2019oncologie psychosociale \u2013 Services de physioth\u00e9rapie Le Programme d\u2019oncologie psychosociale est con\u00e7u pour offrir des services de soutien et de r\u00e9adaptation aux personnes atteintes du cancer qui doivent composer avec les nombreux d\u00e9fis associ\u00e9s \u00e0 ce diagnostic. Le personnel pr\u00e9conise une approche globale des soins et offre du soutien \u00e9motionnel, psychologique, social et pratique, [&hellip;]<\/p>\n","protected":false},"author":25,"featured_media":0,"parent":7058,"menu_order":3,"comment_status":"closed","ping_status":"closed","template":"","meta":{"_acf_changed":false,"_mc_calendar":[],"footnotes":""},"class_list":["post-49278","page","type-page","status-publish","hentry"],"acf":[],"wps_subtitle":"","_links":{"self":[{"href":"https:\/\/www.ottawahospital.on.ca\/fr\/wp-json\/wp\/v2\/pages\/49278","targetHints":{"allow":["GET"]}}],"collection":[{"href":"https:\/\/www.ottawahospital.on.ca\/fr\/wp-json\/wp\/v2\/pages"}],"about":[{"href":"https:\/\/www.ottawahospital.on.ca\/fr\/wp-json\/wp\/v2\/types\/page"}],"author":[{"embeddable":true,"href":"https:\/\/www.ottawahospital.on.ca\/fr\/wp-json\/wp\/v2\/users\/25"}],"replies":[{"embeddable":true,"href":"https:\/\/www.ottawahospital.on.ca\/fr\/wp-json\/wp\/v2\/comments?post=49278"}],"version-history":[{"count":0,"href":"https:\/\/www.ottawahospital.on.ca\/fr\/wp-json\/wp\/v2\/pages\/49278\/revisions"}],"up":[{"embeddable":true,"href":"https:\/\/www.ottawahospital.on.ca\/fr\/wp-json\/wp\/v2\/pages\/7058"}],"wp:attachment":[{"href":"https:\/\/www.ottawahospital.on.ca\/fr\/wp-json\/wp\/v2\/media?parent=49278"}],"curies":[{"name":"wp","href":"https:\/\/api.w.org\/{rel}","templated":true}]}}