{"id":49275,"date":"2019-07-16T15:31:31","date_gmt":"2019-07-16T19:31:31","guid":{"rendered":"https:\/\/www.ottawahospital.on.ca\/?page_id=49275"},"modified":"2019-07-16T15:33:56","modified_gmt":"2019-07-16T19:33:56","slug":"institut-de-cardiologie-de-luniversite-dottawa","status":"publish","type":"page","link":"https:\/\/www.ottawahospital.on.ca\/fr\/notre-modele-de-soins\/notre-equipe-de-professionnels-de-la-sante\/physiotherapie\/services-externes-de-readaptation\/institut-de-cardiologie-de-luniversite-dottawa\/","title":{"rendered":"Institut de cardiologie de l\u2019Universit\u00e9 d\u2019Ottawa"},"content":{"rendered":"<p>Le programme de <a href=\"https:\/\/www.ottawaheart.ca\/fr\/patients-et-visiteurs\/cliniques-et-programmes\/r%C3%A9adaptation-cardiaque\/programme-de-r%C3%A9adaptation-0\">r\u00e9adaptation cardiaque<\/a> pour les patients externes est con\u00e7u pour les patients ayant r\u00e9cemment eu un probl\u00e8me cardiaque ou un diagnostic de maladie cardiaque afin de les aider \u00e0 se r\u00e9tablir et am\u00e9liorer leur forme et leur sant\u00e9. Tous les services sont offerts au Centre de pr\u00e9vention et de r\u00e9adaptation Minto, situ\u00e9 au 2<sup>e<\/sup>\u00a0\u00e9tage de l\u2019Institut de cardiologie.<\/p>\n<p>Les services de physioth\u00e9rapie offerts aux patients externes incluent l\u2019\u00e9valuation des activit\u00e9s, l\u2019\u00e9laborationd\u2019une \u00ab\u00a0ordonnance\u00a0\u00bb d\u2019exercices personnalis\u00e9s et de lignes directrices connexe, des cours d\u2019exercices et de l\u2019enseignement favorisant de nouveaux comportements. Le personnel aide les patients \u00e0 acqu\u00e9rir les aptitudes requises pour adopter et maintenir un mode de vie sain pour le c\u0153ur et reprendre les activit\u00e9s de la vie quotidienne.<\/p>\n<p>Le programme est con\u00e7u pour les personnes capables de participer \u00e0 la gestion de leur maladie ou probl\u00e8me chronique. Il est offert gratuitement. Un m\u00e9decin doit envoyer par courriel ou t\u00e9l\u00e9copieur une <a href=\"https:\/\/www.ottawaheart.ca\/document\/cardiac-rehabilitation-outpatient-program-physician-referral-form\">demande de services<\/a>. Voici les coordonn\u00e9es du centre\u00a0:<\/p>\n<p><strong>Centre de pr\u00e9vention et de r\u00e9adaptation<br \/>\n<\/strong>Institut de cardiologie de l\u2019Universit\u00e9 d\u2019Ottawa<br \/>\n40, rue Ruskin<br \/>\nOttawa ON K1Y 4W7<\/p>\n<p>T\u00e9l\u00e9copieur\u00a0: 613-696-7106<br \/>\nT\u00e9l\u00e9phone\u00a0: 613-696-7068<\/p>\n","protected":false},"excerpt":{"rendered":"<p>Le programme de r\u00e9adaptation cardiaque pour les patients externes est con\u00e7u pour les patients ayant r\u00e9cemment eu un probl\u00e8me cardiaque ou un diagnostic de maladie cardiaque afin de les aider \u00e0 se r\u00e9tablir et am\u00e9liorer leur forme et leur sant\u00e9. Tous les services sont offerts au Centre de pr\u00e9vention et de r\u00e9adaptation Minto, situ\u00e9 au [&hellip;]<\/p>\n","protected":false},"author":25,"featured_media":0,"parent":7058,"menu_order":2,"comment_status":"closed","ping_status":"closed","template":"","meta":{"_acf_changed":false,"_mc_calendar":[],"footnotes":""},"class_list":["post-49275","page","type-page","status-publish","hentry"],"acf":[],"wps_subtitle":"","_links":{"self":[{"href":"https:\/\/www.ottawahospital.on.ca\/fr\/wp-json\/wp\/v2\/pages\/49275","targetHints":{"allow":["GET"]}}],"collection":[{"href":"https:\/\/www.ottawahospital.on.ca\/fr\/wp-json\/wp\/v2\/pages"}],"about":[{"href":"https:\/\/www.ottawahospital.on.ca\/fr\/wp-json\/wp\/v2\/types\/page"}],"author":[{"embeddable":true,"href":"https:\/\/www.ottawahospital.on.ca\/fr\/wp-json\/wp\/v2\/users\/25"}],"replies":[{"embeddable":true,"href":"https:\/\/www.ottawahospital.on.ca\/fr\/wp-json\/wp\/v2\/comments?post=49275"}],"version-history":[{"count":0,"href":"https:\/\/www.ottawahospital.on.ca\/fr\/wp-json\/wp\/v2\/pages\/49275\/revisions"}],"up":[{"embeddable":true,"href":"https:\/\/www.ottawahospital.on.ca\/fr\/wp-json\/wp\/v2\/pages\/7058"}],"wp:attachment":[{"href":"https:\/\/www.ottawahospital.on.ca\/fr\/wp-json\/wp\/v2\/media?parent=49275"}],"curies":[{"name":"wp","href":"https:\/\/api.w.org\/{rel}","templated":true}]}}