{"id":49273,"date":"2019-07-16T15:24:41","date_gmt":"2019-07-16T19:24:41","guid":{"rendered":"https:\/\/www.ottawahospital.on.ca\/?page_id=49273"},"modified":"2019-07-16T15:27:45","modified_gmt":"2019-07-16T19:27:45","slug":"centre-de-readaptation-de-lhopital-dottawa","status":"publish","type":"page","link":"https:\/\/www.ottawahospital.on.ca\/fr\/notre-modele-de-soins\/notre-equipe-de-professionnels-de-la-sante\/physiotherapie\/services-externes-de-readaptation\/centre-de-readaptation-de-lhopital-dottawa\/","title":{"rendered":"Centre de r\u00e9adaptation de L\u2019H\u00f4pital d\u2019Ottawa"},"content":{"rendered":"\n<p><strong>Services externes de physioth\u00e9rapie du Centre de\nr\u00e9adaptation de L\u2019H\u00f4pital d\u2019Ottawa (505,&nbsp;chemin&nbsp;Smyth)<\/strong><\/p>\n\n\n\n<p>Les physioth\u00e9rapeutes\ndu Centre de r\u00e9adaptation sont sp\u00e9cialis\u00e9s dans la gestion de troubles graves et\nchroniques. Ils poss\u00e8dent plus de 30&nbsp;ann\u00e9es d\u2019exp\u00e9rience en tant que sp\u00e9cialistes\net \u00e9ducateurs en r\u00e9adaptation. L\u2019\u00e9quipe inclut des physioth\u00e9rapeutes et des\nassistants au physioth\u00e9rapeute. <\/p>\n\n\n\n<p>Voici un aper\u00e7u des\nservices sp\u00e9cialis\u00e9s offerts aux adultes qui souhaitent atteindre des objectifs\nde r\u00e9adaptation.<\/p>\n\n\n<ul>\n<li>Gestion de la douleur<\/li>\n<li>\n<p>R\u00e9adaptation apr\u00e8s un traumatisme complexe, y compris des br\u00fblures<\/p>\n<\/li>\n<li>Gestion de maladies respiratoires chroniques<\/li>\n<li>R\u00e9adaptation apr\u00e8s une l\u00e9sion c\u00e9r\u00e9brale acquise ou traumatique<\/li>\n<li>R\u00e9adaptation en cas de troubles neurologiques<\/li>\n<li>Clinique de scl\u00e9rose lat\u00e9rale amyotrophique<\/li>\n<\/ul>\n\n\n<p>Notre programme financ\u00e9\npar le r\u00e9gime provincial d\u2019assurance-sant\u00e9 (OHIP) ne rembourse <strong>pas<\/strong> les\ntraitements pour les probl\u00e8mes suivants&nbsp;:<\/p>\n\n\n<ul>\n<li>Blessures graves non complexes (&lt; 6 semaines depuis la blessure)<\/li>\n<li>Programmes de maintien<\/li>\n<li>Traitement apr\u00e8s une arthroplastie totale<\/li>\n<li>Traitement apr\u00e8s une chirurgie non urgente<\/li>\n<\/ul>\n\n\n<p><strong>Comment pouvez-vous obtenir un rendez-vous?<\/strong><\/p>\n\n\n\n<p>Un physiatre (m\u00e9decin\nsp\u00e9cialis\u00e9 en m\u00e9decine de la r\u00e9adaptation) ou une infirmi\u00e8re praticienne qui\ntravaille au Centre de r\u00e9adaptation doit nous envoyer une demande de services\nen votre nom.\n\nPour en savoir plus\nsur les demandes de services, cliquez <a href=\"https:\/\/www.ottawahospital.on.ca\/fr\/services-cliniques\/deptpgrmcs\/departements\/centre-de-readaptation\/demande-de-service\/\">ici<\/a>.\n\n\n\n<\/p>\n","protected":false},"excerpt":{"rendered":"<p>Services externes de physioth\u00e9rapie du Centre de r\u00e9adaptation de L\u2019H\u00f4pital d\u2019Ottawa (505,&nbsp;chemin&nbsp;Smyth) Les physioth\u00e9rapeutes du Centre de r\u00e9adaptation sont sp\u00e9cialis\u00e9s dans la gestion de troubles graves et chroniques. Ils poss\u00e8dent plus de 30&nbsp;ann\u00e9es d\u2019exp\u00e9rience en tant que sp\u00e9cialistes et \u00e9ducateurs en r\u00e9adaptation. L\u2019\u00e9quipe inclut des physioth\u00e9rapeutes et des assistants au physioth\u00e9rapeute. Voici un aper\u00e7u des [&hellip;]<\/p>\n","protected":false},"author":25,"featured_media":0,"parent":7058,"menu_order":1,"comment_status":"closed","ping_status":"closed","template":"","meta":{"_acf_changed":false,"_mc_calendar":[],"footnotes":""},"class_list":["post-49273","page","type-page","status-publish","hentry"],"acf":[],"wps_subtitle":"","_links":{"self":[{"href":"https:\/\/www.ottawahospital.on.ca\/fr\/wp-json\/wp\/v2\/pages\/49273","targetHints":{"allow":["GET"]}}],"collection":[{"href":"https:\/\/www.ottawahospital.on.ca\/fr\/wp-json\/wp\/v2\/pages"}],"about":[{"href":"https:\/\/www.ottawahospital.on.ca\/fr\/wp-json\/wp\/v2\/types\/page"}],"author":[{"embeddable":true,"href":"https:\/\/www.ottawahospital.on.ca\/fr\/wp-json\/wp\/v2\/users\/25"}],"replies":[{"embeddable":true,"href":"https:\/\/www.ottawahospital.on.ca\/fr\/wp-json\/wp\/v2\/comments?post=49273"}],"version-history":[{"count":0,"href":"https:\/\/www.ottawahospital.on.ca\/fr\/wp-json\/wp\/v2\/pages\/49273\/revisions"}],"up":[{"embeddable":true,"href":"https:\/\/www.ottawahospital.on.ca\/fr\/wp-json\/wp\/v2\/pages\/7058"}],"wp:attachment":[{"href":"https:\/\/www.ottawahospital.on.ca\/fr\/wp-json\/wp\/v2\/media?parent=49273"}],"curies":[{"name":"wp","href":"https:\/\/api.w.org\/{rel}","templated":true}]}}