{"id":4922,"date":"2016-11-08T12:03:32","date_gmt":"2016-11-08T17:03:32","guid":{"rendered":"http:\/\/52.229.122.34\/fr\/?page_id=4922"},"modified":"2025-06-30T14:31:33","modified_gmt":"2025-06-30T18:31:33","slug":"reunions-publiques","status":"publish","type":"page","link":"https:\/\/www.ottawahospital.on.ca\/fr\/about-us\/notre-equipe-de-direction\/conseil-des-gouverneurs\/reunions-publiques\/","title":{"rendered":"R\u00e9unions publiques"},"content":{"rendered":"\n<h2 class=\"wp-block-heading\">R\u00e9unions publiques<\/h2>\n\n\n\n<p>Le Conseil des gouverneurs de L\u2019H\u00f4pital d\u2019Ottawa tient des r\u00e9unions publiques au cours de l\u2019ann\u00e9e. Les dates de 2025 \/ 2026 sont les suivantes :<\/p>\n\n\n\n<ul class=\"wp-block-list\">\n<li>5 novembre 2025 (16 h 00)<\/li>\n\n\n\n<li>6 mai 2026 (16 h 00)<\/li>\n<\/ul>\n\n\n\n<p>Les personnes qui souhaitent observer l&rsquo;une des r\u00e9unions publiques susmentionn\u00e9es sont pri\u00e9es de communiquer avec le bureau du Conseil des gouverneurs \u00e0 l&rsquo;adresse suivante : <a href=\"https:\/\/theottawahospital-my.sharepoint.com\/personal\/jematthews_toh_ca\/Documents\/Communications\/Website\/1%20-%202023%20-%202024\/conseil@lho.ca\">conseil@lho.ca<\/a>.&nbsp; Un acc\u00e8s \u00e9lectronique (MS Teams) sera fourni.<\/p>\n\n\n\n<h2 class=\"wp-block-heading\">Proc\u00e8s-verbaux des r\u00e9unions publiques du conseil des gouverneurs<\/h2>\n\n\n\n<p>Les proc\u00e8s-verbaux approuv\u00e9s des r\u00e9unions publiques du Conseil des gouverneurs sont disponibles sur demande en communiquant avec le bureau du Conseil des gouverneur \u00e0 l&rsquo;adresse suivante <a href=\"https:\/\/theottawahospital-my.sharepoint.com\/personal\/jematthews_toh_ca\/Documents\/Communications\/Website\/1%20-%202023%20-%202024\/conseil@lho.ca\">conseil@lho.ca.<\/a><\/p>\n\n\n\n<h2 class=\"wp-block-heading\">Participation du public<\/h2>\n\n\n\n<p>Le Conseil des gouverneurs accueille favorablement les contributions des membres du public. Les personnes souhaitant porter des questions \u00e0 l&rsquo;attention du Conseil des gouverneurs doivent d&rsquo;abord prendre connaissance de<a href=\"https:\/\/www.ottawahospital.on.ca\/fr\/about-us\/notre-equipe-de-direction\/conseil-des-gouverneurs\/reglements-et-politiques\/politique-concernant-la-participation-du-public\/\"> la politique concernant la participation du public<\/a> et soumettre une demande par \u00e9crit \u00e0 l&rsquo;adresse suivante&nbsp;:<\/p>\n\n\n\n<p><strong>Bureau du pr\u00e9sident du Conseil des gouverneurs<\/strong><br>Campus Civic<br>1053, avenue Carling, Case postale 100<br>Tel: 613-761-4867<br>Courriel :&nbsp;<a href=\"mailto:conseil@lho.ca\">conseil@lho.ca<\/a><\/p>\n","protected":false},"excerpt":{"rendered":"<p>R\u00e9unions publiques Le Conseil des gouverneurs de L\u2019H\u00f4pital d\u2019Ottawa tient des r\u00e9unions publiques au cours de l\u2019ann\u00e9e. Les dates de 2025 \/ 2026 sont les suivantes : Les personnes qui souhaitent observer l&rsquo;une des r\u00e9unions publiques susmentionn\u00e9es sont pri\u00e9es de communiquer avec le bureau du Conseil des gouverneurs \u00e0 l&rsquo;adresse suivante : conseil@lho.ca.&nbsp; Un acc\u00e8s [&hellip;]<\/p>\n","protected":false},"author":25,"featured_media":0,"parent":4542,"menu_order":3,"comment_status":"closed","ping_status":"closed","template":"","meta":{"_acf_changed":false,"_mc_calendar":[],"footnotes":""},"class_list":["post-4922","page","type-page","status-publish","hentry"],"acf":[],"wps_subtitle":"","_links":{"self":[{"href":"https:\/\/www.ottawahospital.on.ca\/fr\/wp-json\/wp\/v2\/pages\/4922","targetHints":{"allow":["GET"]}}],"collection":[{"href":"https:\/\/www.ottawahospital.on.ca\/fr\/wp-json\/wp\/v2\/pages"}],"about":[{"href":"https:\/\/www.ottawahospital.on.ca\/fr\/wp-json\/wp\/v2\/types\/page"}],"author":[{"embeddable":true,"href":"https:\/\/www.ottawahospital.on.ca\/fr\/wp-json\/wp\/v2\/users\/25"}],"replies":[{"embeddable":true,"href":"https:\/\/www.ottawahospital.on.ca\/fr\/wp-json\/wp\/v2\/comments?post=4922"}],"version-history":[{"count":0,"href":"https:\/\/www.ottawahospital.on.ca\/fr\/wp-json\/wp\/v2\/pages\/4922\/revisions"}],"up":[{"embeddable":true,"href":"https:\/\/www.ottawahospital.on.ca\/fr\/wp-json\/wp\/v2\/pages\/4542"}],"wp:attachment":[{"href":"https:\/\/www.ottawahospital.on.ca\/fr\/wp-json\/wp\/v2\/media?parent=4922"}],"curies":[{"name":"wp","href":"https:\/\/api.w.org\/{rel}","templated":true}]}}