{"id":4917,"date":"2016-11-08T11:58:36","date_gmt":"2016-11-08T16:58:36","guid":{"rendered":"http:\/\/52.229.122.34\/fr\/?page_id=4917"},"modified":"2021-03-30T14:01:18","modified_gmt":"2021-03-30T18:01:18","slug":"corporation-de-la-residence","status":"publish","type":"page","link":"https:\/\/www.ottawahospital.on.ca\/fr\/patients-et-visiteurs\/sejour-a-lhopital\/logement-externe\/corporation-de-la-residence\/","title":{"rendered":"Corporation de la r\u00e9sidence"},"content":{"rendered":"\n<figure class=\"wp-block-image size-large\"><img decoding=\"async\" width=\"770\" height=\"330\" src=\"https:\/\/www.ottawahospital.on.ca\/wp-content\/uploads\/2021\/01\/Landing_banner_RC.jpg\" alt=\"Corporation de la r\u00e9sidence\" class=\"wp-image-59340\" srcset=\"https:\/\/www.ottawahospital.on.ca\/wp-content\/uploads\/2021\/01\/Landing_banner_RC.jpg 770w, https:\/\/www.ottawahospital.on.ca\/wp-content\/uploads\/2021\/01\/Landing_banner_RC-600x257.jpg 600w, https:\/\/www.ottawahospital.on.ca\/wp-content\/uploads\/2021\/01\/Landing_banner_RC-300x129.jpg 300w, https:\/\/www.ottawahospital.on.ca\/wp-content\/uploads\/2021\/01\/Landing_banner_RC-768x329.jpg 768w\" sizes=\"(max-width: 770px) 100vw, 770px\" \/><\/figure>\n\n\n<p>Corporation de la r\u00e9sidence est un \u00e9difice de 15 \u00e9tages situ\u00e9 au Campus Civic de L&rsquo;H\u00f4pital d&rsquo;Ottawa. Une navette assure l&rsquo;acc\u00e8s rapide et pratique aux Campus G\u00e9n\u00e9ral et Riverside de L&rsquo;H\u00f4pital d&rsquo;Ottawa. De nombreux m\u00e9decins et employ\u00e9s de l&rsquo;h\u00f4pital ont \u00e9lu domicile dans notre r\u00e9sidence.<\/p>\n<p>Nos logements temporaires consistent en de vastes suites enti\u00e8rement meubl\u00e9es mises \u00e0 la disposition des nouveaux employ\u00e9s de l&rsquo;h\u00f4pital, des invit\u00e9s des membres du personnel, des r\u00e9sidents, des \u00e9tudiants en m\u00e9decine et des familles et amis de nos patients hospitalis\u00e9s.<\/p>\n<p>Que vous soyez de passage pour une entrevue, que songiez \u00e0 d\u00e9m\u00e9nager ici, que vous receviez des soins en clinique externe ou que vous soyez ici pour offrir du soutien \u00e0 un proche malade, nos logements temporaires constituent un endroit id\u00e9al pour un s\u00e9jour confortable dans la r\u00e9gion d&rsquo;Ottawa et ce, \u00e0 prix raisonnable.<\/p>\n<p>Nous sommes situ\u00e9s dans le secteur ouest d&rsquo;Ottawa, alors si vous vous d\u00e9placez en auto ou si vous utilisez notre <a href=\"https:\/\/www.octranspo.com\/\" target=\"_blank\" rel=\"noopener noreferrer\">r\u00e9seau de transport en commun<\/a> efficace, il est facile de vous rendre aux nombreux festivals, mus\u00e9es, \u00e9v\u00e9nements sportifs ou parcs d&rsquo;Ottawa o\u00f9 vous pourrez vous d\u00e9tendre et profiter de <a href=\"https:\/\/www.ottawa.ca\/\" target=\"_blank\" rel=\"noopener noreferrer\">la vie dans la capitale<\/a>. Vous d\u00e9couvrirez des restaurants de cat\u00e9gorie mondiale et des pubs anim\u00e9s, ainsi que des caf\u00e9s-terrasses o\u00f9 vous pourrez rencontrer de vieux amis et faire de nouvelles connaissances.<a href=\"https:\/\/www.ottawakiosk.com\/\" target=\"_blank\" rel=\"noopener noreferrer\"> www.ottawakiosk.com<\/a><\/p>\n<ul>\n<li><a href=\"https:\/\/www.ottawahospital.on.ca\/wp-content\/uploads\/2018\/07\/STA-INQUIRY-July2018-Fr-WCAG.pdf\" target=\"_blank\" rel=\"noopener noreferrer\">Logements \u00e0 court terme &#8211; Fiche de renseignements<\/a><\/li>\n<\/ul>\n<h2>Adresse<\/h2>\n<p>Corporation de la r\u00e9sidence<br \/>L&rsquo;H\u00f4pital d&rsquo;Ottawa &#8211; Campus Civic<br \/>751, avenue Parkdale<br \/>Ottawa ON K1Y 1J7<\/p>\n<p><strong>T\u00e9l. :<\/strong> Lundi &#8211; vendredi 10 h &#8211; 16 h: 613-761-5434<br \/><strong>T\u00e9l. :<\/strong> Soir\u00e9es, fins de semaine et cong\u00e9s : soir\u00e9es, fins de semaine et cong\u00e9s ou 613-761-5434<br \/><strong>Sans Frais:<\/strong> 855-366-3082<br \/><strong>T\u00e9l\u00e9c. :<\/strong> 613-729-9210<br \/><strong>Courriel :<\/strong> <a href=\"mailto:internresidence@lho.ca\" target=\"_blank\" rel=\"noopener noreferrer\">internresidence@lho.ca<\/a><\/p>","protected":false},"excerpt":{"rendered":"<p>Corporation de la r\u00e9sidence est un \u00e9difice de 15 \u00e9tages situ\u00e9 au Campus Civic de L&rsquo;H\u00f4pital d&rsquo;Ottawa. Une navette assure l&rsquo;acc\u00e8s rapide et pratique aux Campus G\u00e9n\u00e9ral et Riverside de L&rsquo;H\u00f4pital d&rsquo;Ottawa. De nombreux m\u00e9decins et employ\u00e9s de l&rsquo;h\u00f4pital ont \u00e9lu domicile dans notre r\u00e9sidence. Nos logements temporaires consistent en de vastes suites enti\u00e8rement meubl\u00e9es [&hellip;]<\/p>\n","protected":false},"author":25,"featured_media":0,"parent":4881,"menu_order":2,"comment_status":"closed","ping_status":"closed","template":"","meta":{"_acf_changed":false,"_mc_calendar":[],"footnotes":""},"class_list":["post-4917","page","type-page","status-publish","hentry"],"acf":[],"wps_subtitle":"","_links":{"self":[{"href":"https:\/\/www.ottawahospital.on.ca\/fr\/wp-json\/wp\/v2\/pages\/4917","targetHints":{"allow":["GET"]}}],"collection":[{"href":"https:\/\/www.ottawahospital.on.ca\/fr\/wp-json\/wp\/v2\/pages"}],"about":[{"href":"https:\/\/www.ottawahospital.on.ca\/fr\/wp-json\/wp\/v2\/types\/page"}],"author":[{"embeddable":true,"href":"https:\/\/www.ottawahospital.on.ca\/fr\/wp-json\/wp\/v2\/users\/25"}],"replies":[{"embeddable":true,"href":"https:\/\/www.ottawahospital.on.ca\/fr\/wp-json\/wp\/v2\/comments?post=4917"}],"version-history":[{"count":0,"href":"https:\/\/www.ottawahospital.on.ca\/fr\/wp-json\/wp\/v2\/pages\/4917\/revisions"}],"up":[{"embeddable":true,"href":"https:\/\/www.ottawahospital.on.ca\/fr\/wp-json\/wp\/v2\/pages\/4881"}],"wp:attachment":[{"href":"https:\/\/www.ottawahospital.on.ca\/fr\/wp-json\/wp\/v2\/media?parent=4917"}],"curies":[{"name":"wp","href":"https:\/\/api.w.org\/{rel}","templated":true}]}}