{"id":4905,"date":"2016-11-08T11:54:40","date_gmt":"2016-11-08T16:54:40","guid":{"rendered":"http:\/\/52.229.122.34\/fr\/?page_id=4905"},"modified":"2021-03-17T15:14:53","modified_gmt":"2021-03-17T19:14:53","slug":"rotel","status":"publish","type":"page","link":"https:\/\/www.ottawahospital.on.ca\/fr\/patients-et-visiteurs\/sejour-a-lhopital\/logement-externe\/rotel\/","title":{"rendered":"Rotel"},"content":{"rendered":"<p>411, chemin Smyth<br \/>\nOttawa ON K1H 8M8<br \/>\nT\u00e9l : 613-733-1412 ou 1-800-267-4700<br \/>\nAdresse \u00e9lectronique : <a href=\"mailto:info@rotel.ca\" target=\"_blank\" rel=\"noopener noreferrer\" data-auth=\"NotApplicable\">info@rotel.ca<\/a><br \/>\nSite Web : <a href=\"https:\/\/rotel.ca\/fr\/\" target=\"_blank\" rel=\"noopener\">rotel<\/a><\/p>\n<p>Le Rotel est un motel de 50 chambres, \u00e0 but non lucratif, desservant les patients et les familles qui utilisent les h\u00f4pitaux de la r\u00e9gion d&rsquo;Ottawa. Le Rotel a \u00e9t\u00e9 con\u00e7u pour que les patients et leurs proches soient \u00e0 proximit\u00e9 et pour att\u00e9nuer le stress des patients externes. Il est situ\u00e9 sur le chemin Smyth, pr\u00e8s du Campus G\u00e9n\u00e9ral de L&rsquo;HO, le Centre de r\u00e9adaptation de L&rsquo;HO et tout pr\u00e8s de l&rsquo;H\u00f4pital pour enfants de l&rsquo;est de l&rsquo;Ontario, et du Centre de traitement pour enfants d&rsquo;Ottawa.<\/p>\n<p><a href=\"https:\/\/rotel.ca\/fr\/chambres-et-tarifs-3\/\" target=\"_blank\" rel=\"noopener\">Le Rotel offre des chambres modernes<\/a>, pour non-fumeurs, avec salles de bain priv\u00e9es, dont certaines sont sp\u00e9cialement \u00e9quip\u00e9es pour les personnes handicap\u00e9es. Chaque chambre comprend un r\u00e9frig\u00e9rateur, un t\u00e9l\u00e9phone et la t\u00e9l\u00e9vision par c\u00e2ble. Une salle commune \u00e9quip\u00e9e d&rsquo;un four \u00e0 micro-ondes et d&rsquo;une machine \u00e0 caf\u00e9, ainsi qu&rsquo;une buanderie, sont mises \u00e0 la disposition des clients. La pr\u00e9sence d&rsquo;une aire de jeu pour les enfants et d&rsquo;un stationnement gratuit et l&rsquo;acc\u00e8s facile \u00e0 tous les itin\u00e9raires <a href=\"https:\/\/www.octranspo.com\/\" target=\"_blank\" rel=\"noopener\">d&rsquo;autobus<\/a> expliquent en partie pourquoi les familles choisissent de rester au Rotel.<\/p>\n<p>Pour obtenir des renseignements suppl\u00e9mentaires ou faire des r\u00e9servations, veuillez appeler 613-733-1412 dans la r\u00e9gion d&rsquo;Ottawa ou composez le num\u00e9ro sans frais 1-800-267-4700. On peut \u00e9galement trouver des d\u00e9tails sur les tarifs et sur la fa\u00e7on de trouver le Rotel en visitant le <a href=\"https:\/\/rotel.ca\/fr\/\" target=\"_blank\" rel=\"noopener\">site Web du Rotel<\/a> \u00a0ou en envoyant un courrier \u00e9lectronique au :\u00a0<a href=\"mailto:info@rotel.ca\" target=\"_blank\" rel=\"noopener noreferrer\" data-auth=\"NotApplicable\">info@rotel.ca<\/a><\/p>\n","protected":false},"excerpt":{"rendered":"<p>411, chemin Smyth Ottawa ON K1H 8M8 T\u00e9l : 613-733-1412 ou 1-800-267-4700 Adresse \u00e9lectronique : info@rotel.ca Site Web : rotel Le Rotel est un motel de 50 chambres, \u00e0 but non lucratif, desservant les patients et les familles qui utilisent les h\u00f4pitaux de la r\u00e9gion d&rsquo;Ottawa. Le Rotel a \u00e9t\u00e9 con\u00e7u pour que les patients [&hellip;]<\/p>\n","protected":false},"author":25,"featured_media":0,"parent":4881,"menu_order":1,"comment_status":"closed","ping_status":"closed","template":"","meta":{"_acf_changed":false,"_mc_calendar":[],"footnotes":""},"class_list":["post-4905","page","type-page","status-publish","hentry"],"acf":[],"wps_subtitle":"","_links":{"self":[{"href":"https:\/\/www.ottawahospital.on.ca\/fr\/wp-json\/wp\/v2\/pages\/4905","targetHints":{"allow":["GET"]}}],"collection":[{"href":"https:\/\/www.ottawahospital.on.ca\/fr\/wp-json\/wp\/v2\/pages"}],"about":[{"href":"https:\/\/www.ottawahospital.on.ca\/fr\/wp-json\/wp\/v2\/types\/page"}],"author":[{"embeddable":true,"href":"https:\/\/www.ottawahospital.on.ca\/fr\/wp-json\/wp\/v2\/users\/25"}],"replies":[{"embeddable":true,"href":"https:\/\/www.ottawahospital.on.ca\/fr\/wp-json\/wp\/v2\/comments?post=4905"}],"version-history":[{"count":0,"href":"https:\/\/www.ottawahospital.on.ca\/fr\/wp-json\/wp\/v2\/pages\/4905\/revisions"}],"up":[{"embeddable":true,"href":"https:\/\/www.ottawahospital.on.ca\/fr\/wp-json\/wp\/v2\/pages\/4881"}],"wp:attachment":[{"href":"https:\/\/www.ottawahospital.on.ca\/fr\/wp-json\/wp\/v2\/media?parent=4905"}],"curies":[{"name":"wp","href":"https:\/\/api.w.org\/{rel}","templated":true}]}}