{"id":4890,"date":"2016-11-08T11:51:41","date_gmt":"2016-11-08T16:51:41","guid":{"rendered":"http:\/\/52.229.122.34\/fr\/?page_id=4890"},"modified":"2022-07-19T16:23:30","modified_gmt":"2022-07-19T20:23:30","slug":"reglements-et-politiques","status":"publish","type":"page","link":"https:\/\/www.ottawahospital.on.ca\/fr\/about-us\/notre-equipe-de-direction\/conseil-des-gouverneurs\/reglements-et-politiques\/","title":{"rendered":"R\u00e8glements et politiques"},"content":{"rendered":"<p>Le fonctionnement du Conseil des gouverneurs est r\u00e9gi par le R\u00e8glement administratif de L&rsquo;H\u00f4pital d&rsquo;Ottawa et par les politiques approuv\u00e9es par le Conseil, le cas \u00e9ch\u00e9ant.<\/p>\n<h2>R\u00e8glements<\/h2>\n<ol>\n<li><a href=\"\/fr\/documents\/2021\/06\/toh-by-law-admin-fr.pdf\/\" rel=\"noopener\">R\u00e8glement administratif<\/a><\/li>\n<li><a href=\"\/fr\/documents\/2022\/07\/reglement-sappliquant-au-personnel-medical-de-lho\u0302pital-dottawa.pdf\/\">Re\u0300glement s\u2019appliquant au personnel me\u0301dical de L\u2019Ho\u0302pital d\u2019Ottawa<\/a><\/li>\n<\/ol>\n<h2>Politiques<\/h2>\n<ol>\n<li><a href=\"\/fr\/about-us\/notre-equipe-de-direction\/conseil-des-gouverneurs\/reglements-et-politiques\/responsabilites-du-conseil-des-gouverneurs\/\" target=\"_self\" rel=\"noopener\">Responsabilit\u00e9s du Conseil des gouverneurs<\/a><\/li>\n<li><a href=\"\/fr\/about-us\/notre-equipe-de-direction\/conseil-des-gouverneurs\/reglements-et-politiques\/politique-concernant-la-participation-du-public\/\" target=\"_self\" rel=\"noopener\">Politique concernant la participation du public<\/a><\/li>\n<\/ol>\n","protected":false},"excerpt":{"rendered":"<p>Le fonctionnement du Conseil des gouverneurs est r\u00e9gi par le R\u00e8glement administratif de L&rsquo;H\u00f4pital d&rsquo;Ottawa et par les politiques approuv\u00e9es par le Conseil, le cas \u00e9ch\u00e9ant. R\u00e8glements R\u00e8glement administratif Re\u0300glement s\u2019appliquant au personnel me\u0301dical de L\u2019Ho\u0302pital d\u2019Ottawa Politiques Responsabilit\u00e9s du Conseil des gouverneurs Politique concernant la participation du public<\/p>\n","protected":false},"author":25,"featured_media":0,"parent":4542,"menu_order":4,"comment_status":"closed","ping_status":"closed","template":"","meta":{"_acf_changed":false,"_mc_calendar":[],"footnotes":""},"class_list":["post-4890","page","type-page","status-publish","hentry"],"acf":[],"wps_subtitle":"","_links":{"self":[{"href":"https:\/\/www.ottawahospital.on.ca\/fr\/wp-json\/wp\/v2\/pages\/4890","targetHints":{"allow":["GET"]}}],"collection":[{"href":"https:\/\/www.ottawahospital.on.ca\/fr\/wp-json\/wp\/v2\/pages"}],"about":[{"href":"https:\/\/www.ottawahospital.on.ca\/fr\/wp-json\/wp\/v2\/types\/page"}],"author":[{"embeddable":true,"href":"https:\/\/www.ottawahospital.on.ca\/fr\/wp-json\/wp\/v2\/users\/25"}],"replies":[{"embeddable":true,"href":"https:\/\/www.ottawahospital.on.ca\/fr\/wp-json\/wp\/v2\/comments?post=4890"}],"version-history":[{"count":0,"href":"https:\/\/www.ottawahospital.on.ca\/fr\/wp-json\/wp\/v2\/pages\/4890\/revisions"}],"up":[{"embeddable":true,"href":"https:\/\/www.ottawahospital.on.ca\/fr\/wp-json\/wp\/v2\/pages\/4542"}],"wp:attachment":[{"href":"https:\/\/www.ottawahospital.on.ca\/fr\/wp-json\/wp\/v2\/media?parent=4890"}],"curies":[{"name":"wp","href":"https:\/\/api.w.org\/{rel}","templated":true}]}}