{"id":4881,"date":"2016-11-08T11:49:34","date_gmt":"2016-11-08T16:49:34","guid":{"rendered":"http:\/\/52.229.122.34\/fr\/?page_id=4881"},"modified":"2021-03-04T16:23:56","modified_gmt":"2021-03-04T21:23:56","slug":"logement-externe","status":"publish","type":"page","link":"https:\/\/www.ottawahospital.on.ca\/fr\/patients-et-visiteurs\/sejour-a-lhopital\/logement-externe\/","title":{"rendered":"Logement externe"},"content":{"rendered":"<p>Nous offrons au personnel, aux patients externes ou aux amis et visiteurs de proches hospitalis\u00e9s des chambres confortables et abordables, \u00e0 court et \u00e0 long terme, dans la r\u00e9gion d\u2019Ottawa.<\/p>\n<p><a href=\"\/fr\/patients-et-visiteurs\/sejour-a-lhopital\/logement-externe\/corporation-de-la-residence\/\">Corporation de la r\u00e9sidence<\/a><\/p>\n<p><a href=\"\/fr\/patients-et-visiteurs\/sejour-a-lhopital\/logement-externe\/rotel\/\">Rotel<\/a><\/p>\n","protected":false},"excerpt":{"rendered":"<p>Nous offrons au personnel, aux patients externes ou aux amis et visiteurs de proches hospitalis\u00e9s des chambres confortables et abordables, \u00e0 court et \u00e0 long terme, dans la r\u00e9gion d\u2019Ottawa. Corporation de la r\u00e9sidence Rotel<\/p>\n","protected":false},"author":25,"featured_media":0,"parent":225,"menu_order":7,"comment_status":"closed","ping_status":"closed","template":"","meta":{"_acf_changed":false,"_mc_calendar":[],"footnotes":""},"class_list":["post-4881","page","type-page","status-publish","hentry"],"acf":[],"wps_subtitle":"","_links":{"self":[{"href":"https:\/\/www.ottawahospital.on.ca\/fr\/wp-json\/wp\/v2\/pages\/4881","targetHints":{"allow":["GET"]}}],"collection":[{"href":"https:\/\/www.ottawahospital.on.ca\/fr\/wp-json\/wp\/v2\/pages"}],"about":[{"href":"https:\/\/www.ottawahospital.on.ca\/fr\/wp-json\/wp\/v2\/types\/page"}],"author":[{"embeddable":true,"href":"https:\/\/www.ottawahospital.on.ca\/fr\/wp-json\/wp\/v2\/users\/25"}],"replies":[{"embeddable":true,"href":"https:\/\/www.ottawahospital.on.ca\/fr\/wp-json\/wp\/v2\/comments?post=4881"}],"version-history":[{"count":0,"href":"https:\/\/www.ottawahospital.on.ca\/fr\/wp-json\/wp\/v2\/pages\/4881\/revisions"}],"up":[{"embeddable":true,"href":"https:\/\/www.ottawahospital.on.ca\/fr\/wp-json\/wp\/v2\/pages\/225"}],"wp:attachment":[{"href":"https:\/\/www.ottawahospital.on.ca\/fr\/wp-json\/wp\/v2\/media?parent=4881"}],"curies":[{"name":"wp","href":"https:\/\/api.w.org\/{rel}","templated":true}]}}